{"id":72931,"date":"2024-04-23T09:04:17","date_gmt":"2024-04-23T07:04:17","guid":{"rendered":"https:\/\/ramunepiekautaite.com\/about-r-p\/"},"modified":"2025-10-01T08:59:30","modified_gmt":"2025-10-01T06:59:30","slug":"apie-r-p","status":"publish","type":"page","link":"https:\/\/ramunepiekautaite.com\/lt\/apie-r-p\/","title":{"rendered":"Apie R. P."},"content":{"rendered":"\n<p>Ramun\u0117 Piekautait\u0117 yra svarbus vardas Lietuvos madoje, be vargo derinanti am\u017ein\u0105 rafinuotum\u0105 su \u0161iuolaikiniu \u017eavesiu. Jos k\u016briniai atspindi gracing\u0105 moteri\u0161kum\u0105, subtil\u0173 prabangum\u0105 ir kruop\u0161t\u0173 meistri\u0161kum\u0105 &#8211; kiekviena detal\u0117 yra apgalvota, o kiekvienas k\u016brinys pasakoja istorij\u0105.<\/p>\n\n\n\n<p>Per daugiau nei 30 met\u0173 trukusi\u0105 karjer\u0105, jos darbas tapo sinonimu rafinuotai estetikai ir pasitik\u0117jimui savimi. Pasiekusi tobul\u0105 pusiausvyr\u0105 tarp \u0161iuolaikinio a\u0161trumo ir klasikin\u0117s gracijos, jos kolekcijos pranoksta trumpalaikes madas, suteikdamos moterims ilgaam\u017e\u012f elegancijos jausm\u0105, kuris yra tiek instinktyvus, tiek stiprus.<\/p>\n\n\n\n<p>Pasi\u017eymi nepriekai\u0161tingais siluetais, prabangiomis med\u017eiagomis ir intuityviu po\u017ei\u016briu \u012f form\u0105, kiekvienas k\u016brinys tyrin\u0117ja strukt\u016bros ir jud\u0117jimo, subtilumo s\u0105veik\u0105. Tai daugiau nei tiesiog drabu\u017eiai &#8211; tai \u012ftraukian\u010dios patirtys, sukurtos sukelti emocijas ir \u0161v\u0119sti individualum\u0105.<\/p>\n\n\n\n<p>\u201eMada man &#8211; tai ne tik drabu\u017eiai, tai emocija, pasitik\u0117jimo \u0161nab\u017edesys, tylus galingumas. A\u0161 kuriu moterims, kurios priima savo unikalum\u0105, kurios d\u0117vi savo elegancij\u0105 lengvai ir autenti\u0161kai.\u201c &#8211; Ramun\u0117 Piekautait\u0117<\/p>\n\n\n\n<p>Ramun\u0117s Piekautait\u0117s k\u016bryb\u0105 galite rasti Vilniaus, Kauno parduotuv\u0117se ir internete.<\/p>\n\n\n\n<p><\/p>\n","protected":false},"excerpt":{"rendered":"<p>Ramun\u0117 Piekautait\u0117 yra svarbus vardas Lietuvos madoje, be vargo derinanti am\u017ein\u0105 rafinuotum\u0105 su \u0161iuolaikiniu \u017eavesiu. Jos k\u016briniai atspindi gracing\u0105 moteri\u0161kum\u0105, subtil\u0173 prabangum\u0105 ir kruop\u0161t\u0173 meistri\u0161kum\u0105 &#8211; kiekviena detal\u0117 yra apgalvota, o kiekvienas k\u016brinys pasakoja istorij\u0105. Per daugiau nei 30 met\u0173 trukusi\u0105 karjer\u0105, jos darbas tapo sinonimu rafinuotai estetikai ir pasitik\u0117jimui savimi. Pasiekusi tobul\u0105 pusiausvyr\u0105 tarp [&hellip;]<\/p>\n","protected":false},"author":1,"featured_media":72250,"parent":0,"menu_order":0,"comment_status":"closed","ping_status":"closed","template":"","meta":{"_acf_changed":false,"footnotes":""},"class_list":["post-72931","page","type-page","status-publish","has-post-thumbnail","hentry"],"acf":[],"yoast_head":"<!-- This site is optimized with the Yoast SEO plugin v27.2 - https:\/\/yoast.com\/product\/yoast-seo-wordpress\/ -->\n<title>Apie R. P. | Ramune Piekautaite Fashion House<\/title>\n<meta name=\"robots\" content=\"index, follow, max-snippet:-1, max-image-preview:large, max-video-preview:-1\" \/>\n<link rel=\"canonical\" href=\"https:\/\/ramunepiekautaite.com\/lt\/apie-r-p\/\" \/>\n<meta property=\"og:locale\" content=\"lt_LT\" \/>\n<meta property=\"og:type\" content=\"article\" \/>\n<meta property=\"og:title\" content=\"Apie R. P. | Ramune Piekautaite Fashion House\" \/>\n<meta property=\"og:description\" content=\"Ramun\u0117 Piekautait\u0117 yra svarbus vardas Lietuvos madoje, be vargo derinanti am\u017ein\u0105 rafinuotum\u0105 su \u0161iuolaikiniu \u017eavesiu. Jos k\u016briniai atspindi gracing\u0105 moteri\u0161kum\u0105, subtil\u0173 prabangum\u0105 ir kruop\u0161t\u0173 meistri\u0161kum\u0105 &#8211; kiekviena detal\u0117 yra apgalvota, o kiekvienas k\u016brinys pasakoja istorij\u0105. Per daugiau nei 30 met\u0173 trukusi\u0105 karjer\u0105, jos darbas tapo sinonimu rafinuotai estetikai ir pasitik\u0117jimui savimi. Pasiekusi tobul\u0105 pusiausvyr\u0105 tarp [&hellip;]\" \/>\n<meta property=\"og:url\" content=\"https:\/\/ramunepiekautaite.com\/lt\/apie-r-p\/\" \/>\n<meta property=\"og:site_name\" content=\"Ramune Piekautaite Fashion House\" \/>\n<meta property=\"article:publisher\" content=\"https:\/\/www.facebook.com\/ramune.piekautaite\/\" \/>\n<meta property=\"article:modified_time\" content=\"2025-10-01T06:59:30+00:00\" \/>\n<meta property=\"og:image\" content=\"https:\/\/ramunepiekautaite.com\/wp-content\/uploads\/2024\/05\/about-rp-1.jpg\" \/>\n\t<meta property=\"og:image:width\" content=\"500\" \/>\n\t<meta property=\"og:image:height\" content=\"754\" \/>\n\t<meta property=\"og:image:type\" content=\"image\/jpeg\" \/>\n<meta name=\"twitter:card\" content=\"summary_large_image\" \/>\n<meta name=\"twitter:label1\" content=\"Est. reading time\" \/>\n\t<meta name=\"twitter:data1\" content=\"1 minut\u0117\" \/>\n<script type=\"application\/ld+json\" class=\"yoast-schema-graph\">{\"@context\":\"https:\/\/schema.org\",\"@graph\":[{\"@type\":\"WebPage\",\"@id\":\"https:\/\/ramunepiekautaite.com\/lt\/apie-r-p\/\",\"url\":\"https:\/\/ramunepiekautaite.com\/lt\/apie-r-p\/\",\"name\":\"Apie R. P. | Ramune Piekautaite Fashion House\",\"isPartOf\":{\"@id\":\"https:\/\/ramunepiekautaite.com\/#website\"},\"primaryImageOfPage\":{\"@id\":\"https:\/\/ramunepiekautaite.com\/lt\/apie-r-p\/#primaryimage\"},\"image\":{\"@id\":\"https:\/\/ramunepiekautaite.com\/lt\/apie-r-p\/#primaryimage\"},\"thumbnailUrl\":\"https:\/\/ramunepiekautaite.com\/wp-content\/uploads\/2024\/05\/about-rp-1.jpg\",\"datePublished\":\"2024-04-23T07:04:17+00:00\",\"dateModified\":\"2025-10-01T06:59:30+00:00\",\"breadcrumb\":{\"@id\":\"https:\/\/ramunepiekautaite.com\/lt\/apie-r-p\/#breadcrumb\"},\"inLanguage\":\"lt-LT\",\"potentialAction\":[{\"@type\":\"ReadAction\",\"target\":[\"https:\/\/ramunepiekautaite.com\/lt\/apie-r-p\/\"]}]},{\"@type\":\"ImageObject\",\"inLanguage\":\"lt-LT\",\"@id\":\"https:\/\/ramunepiekautaite.com\/lt\/apie-r-p\/#primaryimage\",\"url\":\"https:\/\/ramunepiekautaite.com\/wp-content\/uploads\/2024\/05\/about-rp-1.jpg\",\"contentUrl\":\"https:\/\/ramunepiekautaite.com\/wp-content\/uploads\/2024\/05\/about-rp-1.jpg\",\"width\":500,\"height\":754},{\"@type\":\"BreadcrumbList\",\"@id\":\"https:\/\/ramunepiekautaite.com\/lt\/apie-r-p\/#breadcrumb\",\"itemListElement\":[{\"@type\":\"ListItem\",\"position\":1,\"name\":\"Home\",\"item\":\"https:\/\/ramunepiekautaite.com\/lt\/\"},{\"@type\":\"ListItem\",\"position\":2,\"name\":\"Apie R. P.\"}]},{\"@type\":\"WebSite\",\"@id\":\"https:\/\/ramunepiekautaite.com\/#website\",\"url\":\"https:\/\/ramunepiekautaite.com\/\",\"name\":\"Ramune Piekautaite | Fashion House\",\"description\":\"Lithuanian fashion designer, described as romantic, sensual, reserved but luxurious, aristocratically elegant; she also dutifully presents two season collections annually\",\"publisher\":{\"@id\":\"https:\/\/ramunepiekautaite.com\/#organization\"},\"alternateName\":\"RP Fashion House\",\"potentialAction\":[{\"@type\":\"SearchAction\",\"target\":{\"@type\":\"EntryPoint\",\"urlTemplate\":\"https:\/\/ramunepiekautaite.com\/?s={search_term_string}\"},\"query-input\":{\"@type\":\"PropertyValueSpecification\",\"valueRequired\":true,\"valueName\":\"search_term_string\"}}],\"inLanguage\":\"lt-LT\"},{\"@type\":\"Organization\",\"@id\":\"https:\/\/ramunepiekautaite.com\/#organization\",\"name\":\"Mados aik\u0161t\u0117\",\"alternateName\":\"RP Fashion House\",\"url\":\"https:\/\/ramunepiekautaite.com\/\",\"logo\":{\"@type\":\"ImageObject\",\"inLanguage\":\"lt-LT\",\"@id\":\"https:\/\/ramunepiekautaite.com\/#\/schema\/logo\/image\/\",\"url\":\"https:\/\/ramunepiekautaite.com\/wp-content\/uploads\/2024\/05\/RP_512x512_fav.png\",\"contentUrl\":\"https:\/\/ramunepiekautaite.com\/wp-content\/uploads\/2024\/05\/RP_512x512_fav.png\",\"width\":512,\"height\":512,\"caption\":\"Mados aik\u0161t\u0117\"},\"image\":{\"@id\":\"https:\/\/ramunepiekautaite.com\/#\/schema\/logo\/image\/\"},\"sameAs\":[\"https:\/\/www.facebook.com\/ramune.piekautaite\/\",\"https:\/\/www.instagram.com\/ramunepiekautaite\/\"]}]}<\/script>\n<!-- \/ Yoast SEO plugin. -->","yoast_head_json":{"title":"Apie R. P. | Ramune Piekautaite Fashion House","robots":{"index":"index","follow":"follow","max-snippet":"max-snippet:-1","max-image-preview":"max-image-preview:large","max-video-preview":"max-video-preview:-1"},"canonical":"https:\/\/ramunepiekautaite.com\/lt\/apie-r-p\/","og_locale":"lt_LT","og_type":"article","og_title":"Apie R. P. | Ramune Piekautaite Fashion House","og_description":"Ramun\u0117 Piekautait\u0117 yra svarbus vardas Lietuvos madoje, be vargo derinanti am\u017ein\u0105 rafinuotum\u0105 su \u0161iuolaikiniu \u017eavesiu. Jos k\u016briniai atspindi gracing\u0105 moteri\u0161kum\u0105, subtil\u0173 prabangum\u0105 ir kruop\u0161t\u0173 meistri\u0161kum\u0105 &#8211; kiekviena detal\u0117 yra apgalvota, o kiekvienas k\u016brinys pasakoja istorij\u0105. Per daugiau nei 30 met\u0173 trukusi\u0105 karjer\u0105, jos darbas tapo sinonimu rafinuotai estetikai ir pasitik\u0117jimui savimi. Pasiekusi tobul\u0105 pusiausvyr\u0105 tarp [&hellip;]","og_url":"https:\/\/ramunepiekautaite.com\/lt\/apie-r-p\/","og_site_name":"Ramune Piekautaite Fashion House","article_publisher":"https:\/\/www.facebook.com\/ramune.piekautaite\/","article_modified_time":"2025-10-01T06:59:30+00:00","og_image":[{"width":500,"height":754,"url":"https:\/\/ramunepiekautaite.com\/wp-content\/uploads\/2024\/05\/about-rp-1.jpg","type":"image\/jpeg"}],"twitter_card":"summary_large_image","twitter_misc":{"Est. reading time":"1 minut\u0117"},"schema":{"@context":"https:\/\/schema.org","@graph":[{"@type":"WebPage","@id":"https:\/\/ramunepiekautaite.com\/lt\/apie-r-p\/","url":"https:\/\/ramunepiekautaite.com\/lt\/apie-r-p\/","name":"Apie R. P. | Ramune Piekautaite Fashion House","isPartOf":{"@id":"https:\/\/ramunepiekautaite.com\/#website"},"primaryImageOfPage":{"@id":"https:\/\/ramunepiekautaite.com\/lt\/apie-r-p\/#primaryimage"},"image":{"@id":"https:\/\/ramunepiekautaite.com\/lt\/apie-r-p\/#primaryimage"},"thumbnailUrl":"https:\/\/ramunepiekautaite.com\/wp-content\/uploads\/2024\/05\/about-rp-1.jpg","datePublished":"2024-04-23T07:04:17+00:00","dateModified":"2025-10-01T06:59:30+00:00","breadcrumb":{"@id":"https:\/\/ramunepiekautaite.com\/lt\/apie-r-p\/#breadcrumb"},"inLanguage":"lt-LT","potentialAction":[{"@type":"ReadAction","target":["https:\/\/ramunepiekautaite.com\/lt\/apie-r-p\/"]}]},{"@type":"ImageObject","inLanguage":"lt-LT","@id":"https:\/\/ramunepiekautaite.com\/lt\/apie-r-p\/#primaryimage","url":"https:\/\/ramunepiekautaite.com\/wp-content\/uploads\/2024\/05\/about-rp-1.jpg","contentUrl":"https:\/\/ramunepiekautaite.com\/wp-content\/uploads\/2024\/05\/about-rp-1.jpg","width":500,"height":754},{"@type":"BreadcrumbList","@id":"https:\/\/ramunepiekautaite.com\/lt\/apie-r-p\/#breadcrumb","itemListElement":[{"@type":"ListItem","position":1,"name":"Home","item":"https:\/\/ramunepiekautaite.com\/lt\/"},{"@type":"ListItem","position":2,"name":"Apie R. P."}]},{"@type":"WebSite","@id":"https:\/\/ramunepiekautaite.com\/#website","url":"https:\/\/ramunepiekautaite.com\/","name":"Ramune Piekautaite | Fashion House","description":"Lithuanian fashion designer, described as romantic, sensual, reserved but luxurious, aristocratically elegant; she also dutifully presents two season collections annually","publisher":{"@id":"https:\/\/ramunepiekautaite.com\/#organization"},"alternateName":"RP Fashion House","potentialAction":[{"@type":"SearchAction","target":{"@type":"EntryPoint","urlTemplate":"https:\/\/ramunepiekautaite.com\/?s={search_term_string}"},"query-input":{"@type":"PropertyValueSpecification","valueRequired":true,"valueName":"search_term_string"}}],"inLanguage":"lt-LT"},{"@type":"Organization","@id":"https:\/\/ramunepiekautaite.com\/#organization","name":"Mados aik\u0161t\u0117","alternateName":"RP Fashion House","url":"https:\/\/ramunepiekautaite.com\/","logo":{"@type":"ImageObject","inLanguage":"lt-LT","@id":"https:\/\/ramunepiekautaite.com\/#\/schema\/logo\/image\/","url":"https:\/\/ramunepiekautaite.com\/wp-content\/uploads\/2024\/05\/RP_512x512_fav.png","contentUrl":"https:\/\/ramunepiekautaite.com\/wp-content\/uploads\/2024\/05\/RP_512x512_fav.png","width":512,"height":512,"caption":"Mados aik\u0161t\u0117"},"image":{"@id":"https:\/\/ramunepiekautaite.com\/#\/schema\/logo\/image\/"},"sameAs":["https:\/\/www.facebook.com\/ramune.piekautaite\/","https:\/\/www.instagram.com\/ramunepiekautaite\/"]}]}},"_links":{"self":[{"href":"https:\/\/ramunepiekautaite.com\/lt\/wp-json\/wp\/v2\/pages\/72931","targetHints":{"allow":["GET"]}}],"collection":[{"href":"https:\/\/ramunepiekautaite.com\/lt\/wp-json\/wp\/v2\/pages"}],"about":[{"href":"https:\/\/ramunepiekautaite.com\/lt\/wp-json\/wp\/v2\/types\/page"}],"author":[{"embeddable":true,"href":"https:\/\/ramunepiekautaite.com\/lt\/wp-json\/wp\/v2\/users\/1"}],"replies":[{"embeddable":true,"href":"https:\/\/ramunepiekautaite.com\/lt\/wp-json\/wp\/v2\/comments?post=72931"}],"version-history":[{"count":4,"href":"https:\/\/ramunepiekautaite.com\/lt\/wp-json\/wp\/v2\/pages\/72931\/revisions"}],"predecessor-version":[{"id":86551,"href":"https:\/\/ramunepiekautaite.com\/lt\/wp-json\/wp\/v2\/pages\/72931\/revisions\/86551"}],"wp:featuredmedia":[{"embeddable":true,"href":"https:\/\/ramunepiekautaite.com\/lt\/wp-json\/wp\/v2\/media\/72250"}],"wp:attachment":[{"href":"https:\/\/ramunepiekautaite.com\/lt\/wp-json\/wp\/v2\/media?parent=72931"}],"curies":[{"name":"wp","href":"https:\/\/api.w.org\/{rel}","templated":true}]}}