{"id":80347,"date":"2024-04-05T11:00:01","date_gmt":"2024-04-05T09:00:01","guid":{"rendered":"https:\/\/ramunepiekautaite.com\/privacy-policy\/"},"modified":"2025-02-26T15:46:04","modified_gmt":"2025-02-26T13:46:04","slug":"privatumo-politika","status":"publish","type":"page","link":"https:\/\/ramunepiekautaite.com\/lt\/privatumo-politika\/","title":{"rendered":"Privatumo politika"},"content":{"rendered":"\n<h4 class=\"wp-block-heading\">1. K\u0105 rei\u0161kia \u0161i privatumo politika?<\/h4>\n\n\n\n<p>\u0160i Privatumo politika (toliau \u2013 Privatumo politika) pad\u0117s jums suprasti, kokius duomenis mes renkame www.ramunepiekautaite.com (toliau \u2013 Svetain\u0117), kod\u0117l juos renkame ir k\u0105 su jais darome. Visi Svetain\u0117s lankytojai (toliau \u2013 Lankytojai) turi atid\u017eiai perskaityti \u0161i\u0105 Privatumo politik\u0105.<\/p>\n\n\n\n<h4 class=\"wp-block-heading\">2. Kokius duomenis mes renkam\u0117s?<\/h4>\n\n\n\n<p>Paslaug\u0173 teik\u0117jas gali rinkti, saugoti ir naudoti \u0161iuos asmens duomenis, kad suteikt\u0173 paslaugas jums:<\/p>\n\n\n\n<ul class=\"wp-block-list\">\n<li>informacija, kuri\u0105 pateikiate UAB \u201eMados Aik\u0161t\u0117\u201c, juridinio asmens kodas 223868940, Vingri\u0173 g. 6, Vilnius (toliau \u2013 Paslaug\u0173 teik\u0117jas), perkant Svetain\u0117je, \u012fskaitant j\u016bs\u0173 vard\u0105, el. pa\u0161to adres\u0105, mobiliojo telefono numer\u012f;<\/li>\n\n\n\n<li>informacij\u0105 apie j\u016bs\u0173 kompiuter\u012f ir j\u016bs\u0173 apsilankymus bei naudojim\u0105si \u0161ia Svetaine, \u012fskaitant j\u016bs\u0173 IP adres\u0105, Svetain\u0117s prieigos laik\u0105 ir dat\u0105;<\/li>\n\n\n\n<li>kita informacija, kuri\u0105 galite mums pateikti, bet kuriuo metu per m\u016bs\u0173 Svetain\u0119 arba susisiekdami su mumis.<\/li>\n<\/ul>\n\n\n\n<h4 class=\"wp-block-heading\">3. Slapukai<\/h4>\n\n\n\n<p>Slapukas yra informacija, kuri\u0105 interneto serveris siun\u010dia \u012f interneto nar\u0161ykl\u0119 ir kuri yra saugoma nar\u0161ykl\u0117je. \u0160i informacija siun\u010diama \u012f server\u012f kiekvien\u0105 kart\u0105, kai nar\u0161ykl\u0117 pra\u0161o atidaryti puslap\u012f i\u0161 serverio. Tai leid\u017eia serveriui nustatyti ir steb\u0117ti nar\u0161ykl\u0119<\/p>\n\n\n\n<p>Svetain\u0117 <a href=\"http:\/\/www.ramunepiekautaite.com\/\">www.ramunepiekautaite.com<\/a> naudoja \u201eGoogle Analytics\u201c ir kalbos nustatymo slapukus. Mes renkam\u0117s tre\u010di\u0173j\u0173 \u0161ali\u0173 slapukus, \u201eGoogle Analytics\u201c slapukus, kad gautume statistin\u0119 informacij\u0105 apie Svetain\u0117s naudojim\u0105si ir j\u016bs\u0173 pageidaujam\u0105 internetin\u0119 reklam\u0105.<\/p>\n\n\n\n<p>Vis d\u0117lto, jei nesutinkate su slapuk\u0173 naudojimu ir\/ar norite at\u0161aukti savo sutikim\u0105, pra\u0161ome informuoti mus el. pa\u0161tu eshop@ramunepiekautaite.com. \u010cia galite rasti slapuk\u0173 nustatymus.<\/p>\n\n\n\n<h4 class=\"wp-block-heading\">4. J\u016bs\u0173 asmens duomen\u0173 naudojimas<\/h4>\n\n\n\n<p>Mes renkam\u0117s j\u016bs\u0173 asmens duomenis tik tikslams, nurodytiems \u0161ioje Privatumo politikoje.<\/p>\n\n\n\n<p>Mes galime naudoti j\u016bs\u0173 asmens duomenis:<\/p>\n\n\n\n<ul class=\"wp-block-list\">\n<li>suteikti jums prieig\u0105 prie m\u016bs\u0173 Svetain\u0117s ir paslaug\u0173;<\/li>\n\n\n\n<li>naudoti Svetain\u0117je pateikt\u0105 informacij\u0105 preki\u0173 tiekimo ir pristatymo tikslams;<\/li>\n\n\n\n<li>rengti ir si\u0173sti jums s\u0105skaitas ir ataskaitas;<\/li>\n\n\n\n<li>valdyti skolas ir surinkti j\u016bs\u0173 apmok\u0117jimus;<\/li>\n\n\n\n<li>si\u0173sti prane\u0161imus, susira\u0161in\u0117jimui su jumis;<\/li>\n\n\n\n<li>rinkodaros tikslams;<\/li>\n<\/ul>\n\n\n\n<p>Si\u0173sti m\u016bs\u0173 naujienas ir kit\u0105 su m\u016bs\u0173 paslaugomis susijusi\u0105 informacij\u0105, kuri\u0105 mes laikome b\u016btina, pa\u0161tu, el. pa\u0161tu arba kitais b\u016bdais (bet kada galite atsisakyti toki\u0173 naujien\u0173 ir informacijos, prane\u0161dami mums el. pa\u0161tu, nurodydami savo pageidavimus nesutikti su tiesiogine rinkodara ateityje).<\/p>\n\n\n\n<h4 class=\"wp-block-heading\">5. Asmens duomen\u0173 saugojimo terminas<\/h4>\n\n\n\n<p>J\u016bs\u0173 asmens duomenys elektronin\u0117s prekybos tikslais (vardas, el. pa\u0161to adresas, telefono numeris, preki\u0173 pristatymo adresas, mok\u0117jimo duomenys (banko s\u0105skaitos numeris, mok\u0117jimo b\u016bdas ir kt.), pirkimo istorija (pirkta prek\u0117, kaina ir kt.)) bus saugomi 10 (de\u0161imt) met\u0173 po paskutinio pirkimo m\u016bs\u0173 Svetain\u0117je.<\/p>\n\n\n\n<p>J\u016bs\u0173 asmens duomenys (pilnas vardas, el. pa\u0161to adresas) tiesiogin\u0117s rinkodaros tikslams bus tvarkomi 5 (penkis) metus nuo paskutinio aktyvaus veiksmo m\u016bs\u0173 Svetain\u0117je.<\/p>\n\n\n\n<h4 class=\"wp-block-heading\">6. Tiesiogin\u0117 rinkodara<\/h4>\n\n\n\n<p>Jei norite gauti m\u016bs\u0173 naujienlai\u0161kius ir pasi\u016blymus, galite suteikti savo sutikim\u0105 gauti tiesiogin\u0117s rinkodaros prane\u0161imus dviem b\u016bdais:<\/p>\n\n\n\n<ul class=\"wp-block-list\">\n<li>Sutikdami gauti Ramun\u0117s Piekautait\u0117s naujienas ir pasi\u016blymus el. pa\u0161tu;<\/li>\n\n\n\n<li>Taip pat turite teis\u0119 atsisakyti tiesiogin\u0117s rinkodaros prane\u0161im\u0173 bet kuriuo metu, para\u0161ydami mums el. pa\u0161tu eshop@ramunepiekautaite.com.<\/li>\n<\/ul>\n\n\n\n<h4 class=\"wp-block-heading\">7. Duomen\u0173 atskleidimas<\/h4>\n\n\n\n<p>Mes galime atskleisti informacij\u0105 apie jus m\u016bs\u0173 darbuotojams, vadovams, agentams, tiek\u0117jams ar subrangovams, jei tai yra pagr\u012fsta \u0161ios Privatumo politikos tikslais.<\/p>\n\n\n\n<p>Be to, mes galime atskleisti informacij\u0105 apie jus:<\/p>\n\n\n\n<ul class=\"wp-block-list\">\n<li>jei tai yra b\u016btina pagal \u012fstatymus;<\/li>\n\n\n\n<li>siekiant apsaugoti j\u016bs\u0173 teises ar interesus (\u012fskaitant j\u016bs\u0173 duomen\u0173 teikim\u0105 tre\u010diosioms \u0161alims, siekiant atgauti j\u016bs\u0173 skolas).<\/li>\n<\/ul>\n\n\n\n<p>I\u0161skyrus \u0161ioje Privatumo politikoje numatytus atvejus, mes nesuteikiame j\u016bs\u0173 asmens duomen\u0173 jokiems tre\u010diosioms \u0161alims.<\/p>\n\n\n\n<h4 class=\"wp-block-heading\">8. J\u016bs\u0173 asmens duomen\u0173 saugumas<\/h4>\n\n\n\n<p>J\u016bs\u0173 asmens duomenys bus tvarkomi pagal Lietuvos Respublikos asmens duomen\u0173 teisin\u0117s apsaugos \u012fstatymo ir kit\u0173 teis\u0117s akt\u0173 reikalavimus. Tvarkydami j\u016bs\u0173 asmens duomenis, mes \u012fgyvendiname tinkamas organizacines ir technines priemones asmens duomen\u0173 apsaugai nuo atsitiktinio ar neteis\u0117to sunaikinimo, pakeitimo ir atskleidimo, taip pat nuo bet kokio kito neteis\u0117to tvarkymo.<\/p>\n\n\n\n<p>\u017dinoma, duomen\u0173 perdavimas internetu yra apskritai nesaugus, tod\u0117l mes negalime garantuoti saugaus duomen\u0173 perdavimo internetu.<\/p>\n\n\n\n<h4 class=\"wp-block-heading\">9. J\u016bs\u0173 sutikimai ir teis\u0117s<\/h4>\n\n\n\n<p>Naudodamiesi paslaugomis, pateikiamomis m\u016bs\u0173 Svetain\u0117je, j\u016bs patvirtinate, kad perskait\u0117te ir sutinkate su \u0161ia Privatumo politika ir suteikiate mums teis\u0119 rinkti, saugoti, tvarkyti, naudoti ir valdyti visus j\u016bs\u0173 asmens duomenis, nurodytus \u0161ioje Privatumo politikoje.<\/p>\n\n\n\n<p>Galite pateikti ra\u0161ytin\u012f pra\u0161ym\u0105 (el. pa\u0161tu ar pateikdami m\u016bs\u0173 ofise), kad suteiktume jums informacij\u0105 apie \u0161altinius, i\u0161 kuri\u0173 mes renkame j\u016bs\u0173 duomenis, tikslus, kuriems jie renkami, ir kam jie pateikiami. \u012e \u0161iuos pra\u0161ymus atsakysime pagal teis\u0117s akt\u0173 nustatyt\u0105 tvark\u0105 ir terminus ir stengsim\u0117s pateikti informacij\u0105 kuo grei\u010diau, bet ne v\u0117liau kaip per 30 dien\u0173 nuo pra\u0161ymo gavimo. J\u016bs\u0173 pra\u0161ymu \u0161i informacija bus pateikta ra\u0161tu nurodytu adresu arba el. pa\u0161tu. Informacija apie tai, kokius \u0161altinius ir kokius asmens duomenis mes renkam\u0117s, kokiu tikslu jie tvarkomi ir kam jie teikiami, suteikiama nemokamai kart\u0105 per kalendorinius metus. Jei, gavus pra\u0161ym\u0105, tur\u0117sime \u012ftarim\u0173 d\u0117l pra\u0161an\u010dio asmens tapatyb\u0117s, mes turime teis\u0119 reikalauti pateikti asmens tapatyb\u0119 patvirtinant\u012f dokument\u0105 arba jo kopij\u0105.<\/p>\n\n\n\n<p>Taip pat turite teis\u0119, pateikdami ra\u0161ytin\u012f pra\u0161ym\u0105 (el.pa\u0161tu arba m\u016bs\u0173 ofise), reikalauti, kad b\u016bt\u0173 i\u0161taisyti neteisingi, netiksl\u016bs asmens duomenys, reikalauti sustabdyti j\u0173 tvarkym\u0105, i\u0161skyrus saugojim\u0105, kai duomenys tvarkomi pa\u017eeid\u017eiant \u012fstatymus ir\/ar \u0161ios Privatumo politikos s\u0105lygas. Ypa\u010d, pagal j\u016bs\u0173 ra\u0161ytin\u012f pra\u0161ym\u0105, visi j\u016bs\u0173 asmens duomenys gali b\u016bti i\u0161trinti. Jei, gavus pra\u0161ym\u0105, tur\u0117sime \u012ftarim\u0173 d\u0117l pra\u0161an\u010dio asmens tapatyb\u0117s, mes turime teis\u0119 reikalauti pateikti asmens tapatyb\u0119 patvirtinant\u012f dokument\u0105 arba jo kopij\u0105.<\/p>\n\n\n\n<h4 class=\"wp-block-heading\">10. Tre\u010di\u0173j\u0173 \u0161ali\u0173 svetain\u0117s<\/h4>\n\n\n\n<p>M\u016bs\u0173 svetain\u0117je gali b\u016bti nuorod\u0173 \u012f kitas svetaines. Mes nesame atsakingi u\u017e tre\u010di\u0173j\u0173 \u0161ali\u0173 svetaini\u0173 privatumo politik\u0105 ir jos \u012fgyvendinim\u0105.<\/p>\n\n\n\n<p>Atsakomyb\u0117<\/p>\n\n\n\n<p>J\u016bs esate atsakingi u\u017e tai, kad pateikta informacija b\u016bt\u0173 tiksli, pilna ir teisinga. Jei pateikta informacija pasikeit\u0117, privalote nedelsdami prane\u0161ti mums el. pa\u0161tu. Mes jokiu b\u016bdu neatsakome u\u017e \u017eal\u0105, kuri gali atsirasti, jei pateik\u0117te mums neteisingus ar nepilnus asmens duomenis arba neprane\u0161\u0117te apie j\u0173 pasikeitimus.<\/p>\n\n\n\n<h4 class=\"wp-block-heading\">11. Privatumo politikos pakeitimai<\/h4>\n\n\n\n<p>Mes galime bet kada atnaujinti ar pakeisti \u0161i\u0105 Privatumo politik\u0105. Tokia atnaujinta ar pakeista Privatumo politika \u012fsigalios nuo jos paskelbimo Svetain\u0117je datos. Jei bus atlikti reik\u0161mingi Privatumo politikos pakeitimai, mes informuosime jus apie tai Svetain\u0117je. Vis d\u0117lto tur\u0117tum\u0117te kartais patikrinti \u0161\u012f puslap\u012f, kad \u012fsitikintum\u0117te, jog susipa\u017einote su \u0161ios Privatumo politikos dabartine versija.<\/p>\n\n\n\n<h4 class=\"wp-block-heading\">12. Kontaktiniai duomenys<\/h4>\n\n\n\n<p>Jei turite klausim\u0173 d\u0117l \u0161ios Privatumo politikos, nedvejodami susisiekite su mumis \u0161iais kontaktais:<br>UAB \u201eMados aik\u0161t\u0117\u201c<br>Adresas: Vingri\u0173 g. 6, Vilnius, Lietuva<br>+37066674493<\/p>\n","protected":false},"excerpt":{"rendered":"<p>1. K\u0105 rei\u0161kia \u0161i privatumo politika? \u0160i Privatumo politika (toliau \u2013 Privatumo politika) pad\u0117s jums suprasti, kokius duomenis mes renkame www.ramunepiekautaite.com (toliau \u2013 Svetain\u0117), kod\u0117l juos renkame ir k\u0105 su jais darome. Visi Svetain\u0117s lankytojai (toliau \u2013 Lankytojai) turi atid\u017eiai perskaityti \u0161i\u0105 Privatumo politik\u0105. 2. Kokius duomenis mes renkam\u0117s? Paslaug\u0173 teik\u0117jas gali rinkti, saugoti ir [&hellip;]<\/p>\n","protected":false},"author":1,"featured_media":0,"parent":0,"menu_order":0,"comment_status":"closed","ping_status":"closed","template":"","meta":{"_acf_changed":false,"footnotes":""},"class_list":["post-80347","page","type-page","status-publish","hentry"],"acf":[],"yoast_head":"<!-- This site is optimized with the Yoast SEO plugin v27.2 - https:\/\/yoast.com\/product\/yoast-seo-wordpress\/ -->\n<title>Privatumo politika | Ramune Piekautaite Fashion House<\/title>\n<meta name=\"robots\" content=\"index, follow, max-snippet:-1, max-image-preview:large, max-video-preview:-1\" \/>\n<link rel=\"canonical\" href=\"https:\/\/ramunepiekautaite.com\/privacy-policy\/\" \/>\n<meta property=\"og:locale\" content=\"lt_LT\" \/>\n<meta property=\"og:type\" content=\"article\" \/>\n<meta property=\"og:title\" content=\"Privatumo politika | Ramune Piekautaite Fashion House\" \/>\n<meta property=\"og:description\" content=\"1. K\u0105 rei\u0161kia \u0161i privatumo politika? \u0160i Privatumo politika (toliau \u2013 Privatumo politika) pad\u0117s jums suprasti, kokius duomenis mes renkame www.ramunepiekautaite.com (toliau \u2013 Svetain\u0117), kod\u0117l juos renkame ir k\u0105 su jais darome. Visi Svetain\u0117s lankytojai (toliau \u2013 Lankytojai) turi atid\u017eiai perskaityti \u0161i\u0105 Privatumo politik\u0105. 2. Kokius duomenis mes renkam\u0117s? Paslaug\u0173 teik\u0117jas gali rinkti, saugoti ir [&hellip;]\" \/>\n<meta property=\"og:url\" content=\"https:\/\/ramunepiekautaite.com\/privacy-policy\/\" \/>\n<meta property=\"og:site_name\" content=\"Ramune Piekautaite Fashion House\" \/>\n<meta property=\"article:publisher\" content=\"https:\/\/www.facebook.com\/ramune.piekautaite\/\" \/>\n<meta property=\"article:modified_time\" content=\"2025-02-26T13:46:04+00:00\" \/>\n<meta property=\"og:image\" content=\"https:\/\/ramunepiekautaite.com\/wp-content\/uploads\/2024\/05\/rp.jpg\" \/>\n\t<meta property=\"og:image:width\" content=\"1200\" \/>\n\t<meta property=\"og:image:height\" content=\"675\" \/>\n\t<meta property=\"og:image:type\" content=\"image\/jpeg\" \/>\n<meta name=\"twitter:card\" content=\"summary_large_image\" \/>\n<meta name=\"twitter:label1\" content=\"Est. reading time\" \/>\n\t<meta name=\"twitter:data1\" content=\"5 minut\u0117s\" \/>\n<script type=\"application\/ld+json\" class=\"yoast-schema-graph\">{\"@context\":\"https:\/\/schema.org\",\"@graph\":[{\"@type\":\"WebPage\",\"@id\":\"https:\/\/ramunepiekautaite.com\/privacy-policy\/\",\"url\":\"https:\/\/ramunepiekautaite.com\/privacy-policy\/\",\"name\":\"Privatumo politika | Ramune Piekautaite Fashion House\",\"isPartOf\":{\"@id\":\"https:\/\/ramunepiekautaite.com\/#website\"},\"datePublished\":\"2024-04-05T09:00:01+00:00\",\"dateModified\":\"2025-02-26T13:46:04+00:00\",\"breadcrumb\":{\"@id\":\"https:\/\/ramunepiekautaite.com\/privacy-policy\/#breadcrumb\"},\"inLanguage\":\"lt-LT\",\"potentialAction\":[{\"@type\":\"ReadAction\",\"target\":[\"https:\/\/ramunepiekautaite.com\/privacy-policy\/\"]}]},{\"@type\":\"BreadcrumbList\",\"@id\":\"https:\/\/ramunepiekautaite.com\/privacy-policy\/#breadcrumb\",\"itemListElement\":[{\"@type\":\"ListItem\",\"position\":1,\"name\":\"Home\",\"item\":\"https:\/\/ramunepiekautaite.com\/lt\/\"},{\"@type\":\"ListItem\",\"position\":2,\"name\":\"Privatumo politika\"}]},{\"@type\":\"WebSite\",\"@id\":\"https:\/\/ramunepiekautaite.com\/#website\",\"url\":\"https:\/\/ramunepiekautaite.com\/\",\"name\":\"Ramune Piekautaite | Fashion House\",\"description\":\"Lithuanian fashion designer, described as romantic, sensual, reserved but luxurious, aristocratically elegant; she also dutifully presents two season collections annually\",\"publisher\":{\"@id\":\"https:\/\/ramunepiekautaite.com\/#organization\"},\"alternateName\":\"RP Fashion House\",\"potentialAction\":[{\"@type\":\"SearchAction\",\"target\":{\"@type\":\"EntryPoint\",\"urlTemplate\":\"https:\/\/ramunepiekautaite.com\/?s={search_term_string}\"},\"query-input\":{\"@type\":\"PropertyValueSpecification\",\"valueRequired\":true,\"valueName\":\"search_term_string\"}}],\"inLanguage\":\"lt-LT\"},{\"@type\":\"Organization\",\"@id\":\"https:\/\/ramunepiekautaite.com\/#organization\",\"name\":\"Mados aik\u0161t\u0117\",\"alternateName\":\"RP Fashion House\",\"url\":\"https:\/\/ramunepiekautaite.com\/\",\"logo\":{\"@type\":\"ImageObject\",\"inLanguage\":\"lt-LT\",\"@id\":\"https:\/\/ramunepiekautaite.com\/#\/schema\/logo\/image\/\",\"url\":\"https:\/\/ramunepiekautaite.com\/wp-content\/uploads\/2024\/05\/RP_512x512_fav.png\",\"contentUrl\":\"https:\/\/ramunepiekautaite.com\/wp-content\/uploads\/2024\/05\/RP_512x512_fav.png\",\"width\":512,\"height\":512,\"caption\":\"Mados aik\u0161t\u0117\"},\"image\":{\"@id\":\"https:\/\/ramunepiekautaite.com\/#\/schema\/logo\/image\/\"},\"sameAs\":[\"https:\/\/www.facebook.com\/ramune.piekautaite\/\",\"https:\/\/www.instagram.com\/ramunepiekautaite\/\"]}]}<\/script>\n<!-- \/ Yoast SEO plugin. -->","yoast_head_json":{"title":"Privatumo politika | Ramune Piekautaite Fashion House","robots":{"index":"index","follow":"follow","max-snippet":"max-snippet:-1","max-image-preview":"max-image-preview:large","max-video-preview":"max-video-preview:-1"},"canonical":"https:\/\/ramunepiekautaite.com\/privacy-policy\/","og_locale":"lt_LT","og_type":"article","og_title":"Privatumo politika | Ramune Piekautaite Fashion House","og_description":"1. K\u0105 rei\u0161kia \u0161i privatumo politika? \u0160i Privatumo politika (toliau \u2013 Privatumo politika) pad\u0117s jums suprasti, kokius duomenis mes renkame www.ramunepiekautaite.com (toliau \u2013 Svetain\u0117), kod\u0117l juos renkame ir k\u0105 su jais darome. Visi Svetain\u0117s lankytojai (toliau \u2013 Lankytojai) turi atid\u017eiai perskaityti \u0161i\u0105 Privatumo politik\u0105. 2. Kokius duomenis mes renkam\u0117s? Paslaug\u0173 teik\u0117jas gali rinkti, saugoti ir [&hellip;]","og_url":"https:\/\/ramunepiekautaite.com\/privacy-policy\/","og_site_name":"Ramune Piekautaite Fashion House","article_publisher":"https:\/\/www.facebook.com\/ramune.piekautaite\/","article_modified_time":"2025-02-26T13:46:04+00:00","og_image":[{"width":1200,"height":675,"url":"https:\/\/ramunepiekautaite.com\/wp-content\/uploads\/2024\/05\/rp.jpg","type":"image\/jpeg"}],"twitter_card":"summary_large_image","twitter_misc":{"Est. reading time":"5 minut\u0117s"},"schema":{"@context":"https:\/\/schema.org","@graph":[{"@type":"WebPage","@id":"https:\/\/ramunepiekautaite.com\/privacy-policy\/","url":"https:\/\/ramunepiekautaite.com\/privacy-policy\/","name":"Privatumo politika | Ramune Piekautaite Fashion House","isPartOf":{"@id":"https:\/\/ramunepiekautaite.com\/#website"},"datePublished":"2024-04-05T09:00:01+00:00","dateModified":"2025-02-26T13:46:04+00:00","breadcrumb":{"@id":"https:\/\/ramunepiekautaite.com\/privacy-policy\/#breadcrumb"},"inLanguage":"lt-LT","potentialAction":[{"@type":"ReadAction","target":["https:\/\/ramunepiekautaite.com\/privacy-policy\/"]}]},{"@type":"BreadcrumbList","@id":"https:\/\/ramunepiekautaite.com\/privacy-policy\/#breadcrumb","itemListElement":[{"@type":"ListItem","position":1,"name":"Home","item":"https:\/\/ramunepiekautaite.com\/lt\/"},{"@type":"ListItem","position":2,"name":"Privatumo politika"}]},{"@type":"WebSite","@id":"https:\/\/ramunepiekautaite.com\/#website","url":"https:\/\/ramunepiekautaite.com\/","name":"Ramune Piekautaite | Fashion House","description":"Lithuanian fashion designer, described as romantic, sensual, reserved but luxurious, aristocratically elegant; she also dutifully presents two season collections annually","publisher":{"@id":"https:\/\/ramunepiekautaite.com\/#organization"},"alternateName":"RP Fashion House","potentialAction":[{"@type":"SearchAction","target":{"@type":"EntryPoint","urlTemplate":"https:\/\/ramunepiekautaite.com\/?s={search_term_string}"},"query-input":{"@type":"PropertyValueSpecification","valueRequired":true,"valueName":"search_term_string"}}],"inLanguage":"lt-LT"},{"@type":"Organization","@id":"https:\/\/ramunepiekautaite.com\/#organization","name":"Mados aik\u0161t\u0117","alternateName":"RP Fashion House","url":"https:\/\/ramunepiekautaite.com\/","logo":{"@type":"ImageObject","inLanguage":"lt-LT","@id":"https:\/\/ramunepiekautaite.com\/#\/schema\/logo\/image\/","url":"https:\/\/ramunepiekautaite.com\/wp-content\/uploads\/2024\/05\/RP_512x512_fav.png","contentUrl":"https:\/\/ramunepiekautaite.com\/wp-content\/uploads\/2024\/05\/RP_512x512_fav.png","width":512,"height":512,"caption":"Mados aik\u0161t\u0117"},"image":{"@id":"https:\/\/ramunepiekautaite.com\/#\/schema\/logo\/image\/"},"sameAs":["https:\/\/www.facebook.com\/ramune.piekautaite\/","https:\/\/www.instagram.com\/ramunepiekautaite\/"]}]}},"_links":{"self":[{"href":"https:\/\/ramunepiekautaite.com\/lt\/wp-json\/wp\/v2\/pages\/80347","targetHints":{"allow":["GET"]}}],"collection":[{"href":"https:\/\/ramunepiekautaite.com\/lt\/wp-json\/wp\/v2\/pages"}],"about":[{"href":"https:\/\/ramunepiekautaite.com\/lt\/wp-json\/wp\/v2\/types\/page"}],"author":[{"embeddable":true,"href":"https:\/\/ramunepiekautaite.com\/lt\/wp-json\/wp\/v2\/users\/1"}],"replies":[{"embeddable":true,"href":"https:\/\/ramunepiekautaite.com\/lt\/wp-json\/wp\/v2\/comments?post=80347"}],"version-history":[{"count":3,"href":"https:\/\/ramunepiekautaite.com\/lt\/wp-json\/wp\/v2\/pages\/80347\/revisions"}],"predecessor-version":[{"id":80363,"href":"https:\/\/ramunepiekautaite.com\/lt\/wp-json\/wp\/v2\/pages\/80347\/revisions\/80363"}],"wp:attachment":[{"href":"https:\/\/ramunepiekautaite.com\/lt\/wp-json\/wp\/v2\/media?parent=80347"}],"curies":[{"name":"wp","href":"https:\/\/api.w.org\/{rel}","templated":true}]}}