{"id":80349,"date":"2024-04-23T09:05:10","date_gmt":"2024-04-23T07:05:10","guid":{"rendered":"https:\/\/ramunepiekautaite.com\/shipping-and-returns\/"},"modified":"2025-11-28T11:52:03","modified_gmt":"2025-11-28T09:52:03","slug":"pristatymas-ir-grazinimai","status":"publish","type":"page","link":"https:\/\/ramunepiekautaite.com\/lt\/pristatymas-ir-grazinimai\/","title":{"rendered":"Pristatymas ir gr\u0105\u017einimai"},"content":{"rendered":"\n<h4 class=\"wp-block-heading\">Pristatymas<\/h4>\n\n\n\n<p><em>PRISTATYMAS KURIERIU:<\/em><\/p>\n\n\n\n<p>Si\u016blome nemokam\u0105 pristatym\u0105 Lietuvoje, jei u\u017esakymo suma vir\u0161yja 100 Eur. Nemokamas pristatymas \u012f Europos S\u0105jungos \u0161alis, jei u\u017esakymo suma vir\u0161yja 600 Eur. Kai u\u017esakymas bus pateiktas, mes atsi\u0173sime automatin\u012f patvirtinimo lai\u0161k\u0105 j\u016bs\u0173 nurodytu el. pa\u0161tu. Po preki\u0173 i\u0161siuntimo, taip pat atsi\u0173sime apie u\u017esakymo atlikim\u0105 informuojant\u012f automatin\u012f lai\u0161k\u0105 el. pa\u0161tu. Pristatymo terminas \u2013 nuo 2 iki 10 darbo dien\u0173. Pristatymas \u012f ne ES \u0161alis u\u017etrunka 14\u201328 darbo dienas.<\/p>\n\n\n\n<p><em>NEMOKAMAS ATSI\u0116MIMAS PARDUOTUV\u0116JE:<\/em><\/p>\n\n\n\n<p>2\u201310 darbo dien\u0173. B\u016bsite informuoti SMS \u017einute, kai j\u016bs\u0173 u\u017esakymas bus paruo\u0161tas atsi\u0117mimui. Gr\u0105\u017einimas gali b\u016bti atliktas toje pa\u010dioje parduotuv\u0117je, kurioje pasi\u0117m\u0117te u\u017esakym\u0105.<\/p>\n\n\n\n<h4 class=\"wp-block-heading\">Mokes\u010diai ir muitai<\/h4>\n\n\n\n<p>Pristatymas \u012f Europos S\u0105jungos \u0161alis \u2013 \u012f kain\u0105 PVM \u012fskai\u010diuotas automati\u0161kai. Visi u\u017esakymai \u012f Europos S\u0105jungos \u0161alis yra siun\u010diami pagal DDU (Delivery Duty Paid) s\u0105lygas, kai mokes\u010diai ir muitai jau yra \u012ftraukti \u012f kain\u0105 atsiskaitymo metu.<\/p>\n\n\n\n<p>Kitos \u0161alys<\/p>\n\n\n\n<p>Pristatymas \u012f \u0161alis u\u017e Europos S\u0105jungos rib\u0173 gali b\u016bti apmokestintas PVM, importo muitai ir\/arba mokes\u010diai, bus pritaikyti kai siunta pasieks reikiam\u0105 \u0161al\u012f. Tokio tipo u\u017esakymas bus siun\u010diamas pagal DDU (Delivery Duty Unpaid) s\u0105lygas, tai rei\u0161kia, kad \u012f galutin\u0119 kain\u0105, atsiskaitymo metu, nebus \u012fskai\u010diuoti jokie mokes\u010diai ar muitai. Kiekvienam u\u017esakymui taikomi mokes\u010diai gali skirtis, nes jie tiesiogiai nustatomi vietin\u0117s \u0161alies muitin\u0117s.<\/p>\n\n\n\n<p><strong><em>Pristatymas \u012f USA<\/em><\/strong> tik su DHL siunt\u0173 tarnyba. Importo muitus ir\/arba mokes\u010dius susimoka gav\u0117jas.<\/p>\n\n\n\n<h4 class=\"wp-block-heading\">Gr\u0105\u017einimai<\/h4>\n\n\n\n<p>Mes nesi\u016blome nemokam\u0173 gr\u0105\u017einim\u0173. Gr\u0105\u017einimas Lietuvoje kainuoja 5 Eur., i\u0161 ES \u0161ali\u0173 \u2013 20 Eur., i\u0161 u\u017e ES rib\u0173 \u2013 30 Eur. U\u017esakymas gali b\u016bti gr\u0105\u017eintas per 14 dien\u0173 po jo gavimo, esant orginalioje pakuot\u0117je ir su etiket\u0117mis.<\/p>\n\n\n\n<p><\/p>\n\n\n\n<p><em>Atsi\u0117mimo parduotuv\u0117je gr\u0105\u017einimas:<\/em><\/p>\n\n\n\n<p>Gr\u0105\u017einimas gali b\u016bti atliktas tik toje pa\u010dioje parduotuv\u0117je, kurioje buvo atsiimtas u\u017esakymas. Gr\u0105\u017einimo mokestis nebus taikomas.<\/p>\n\n\n\n<p><\/p>\n\n\n\n<p><em>Europos S\u0105jungos gr\u0105\u017einimai:<\/em><\/p>\n\n\n\n<p>Gr\u0105\u017einamos prek\u0117s turi b\u016bti sud\u0117tos \u012f d\u0117\u017e\u0119, kartu su u\u017epildyta gr\u0105\u017einimo forma(kuri\u0105 gavote kartu prie s\u0105skaitos).<\/p>\n\n\n\n<p>Ant d\u0117\u017e\u0117s turi b\u016bti u\u017eklijuota atspausdinta gr\u0105\u017einimo etiket\u0117 (kuri\u0105 gavote su siunta). Siunt\u0105 palikti artimiausiame Venipak punkte ar pa\u0161tomate arba para\u0161yti mums el. pa\u0161tu eshop@ramunepiekautaite.com su savo u\u017esakymo numeriu, pa\u0117mimo adresu ir kontaktiniais duomenimis, bei pageidaujama darbo diena pa\u0117mimui ir mes u\u017esakysime Venipak kurjer\u012f, kad paimt\u0173 j\u016bs\u0173 siunt\u0105 i\u0161 nurodyto adreso.<\/p>\n\n\n\n<p>Jeigu siuntoje gr\u0105\u017einimo etiket\u0117s nebuvo, susisiekite su mumis el.pa\u0161tu eshop@ramunepiekautaite.com<\/p>\n\n\n\n<p><\/p>\n\n\n\n<p><em>Gr\u0105\u017einimai u\u017e Europos S\u0105jungos rib\u0173:<\/em><\/p>\n\n\n\n<p>Pra\u0161ome susisiekti su mumis el.pa\u0161tu eshop@ramunepiekautaite.com<\/p>\n\n\n\n<h4 class=\"wp-block-heading\">Apmok\u0117jimas<\/h4>\n\n\n\n<p>Apmok\u0117jimas galimas naudojant Kredito kortel\u0119, tiesiogin\u012f banko apmok\u0117jim\u0105 arba Paypal. Pasirinkus vien\u0105 i\u0161 \u0161i\u0173 apmok\u0117jimo b\u016bd\u0173, b\u016bsite nukreipti \u012f paslaugos tiek\u0117jo svetain\u0119, kur gal\u0117site per\u017ei\u016br\u0117ti bendr\u0105 sum\u0105 prie\u0161 apmok\u0117dami u\u017esakym\u0105.<\/p>\n\n\n\n<h4 class=\"wp-block-heading\">Gr\u0105\u017einimai<\/h4>\n\n\n\n<p>Visais atv\u0117jais gr\u0105\u017einimo suma bus gr\u0105\u017einta \u012f s\u0105skait\u0105 i\u0161 kurios mok\u0117jote u\u017esakymo metu. Kai tik j\u016bs\u0173 gr\u0105\u017einimas bus priimtas ir patikrintas, pinigai bus gr\u0105\u017einti per 5-10 darbo dien\u0173. I\u0161 gr\u0105\u017einamos sumos bus i\u0161skai\u010diuotas gr\u0105\u017einimo mokestis, i\u0161skyrus jeigu prek\u0117 tur\u0117t\u0173 brok\u0105. U\u017e Europos S\u0105jungos rib\u0173 muitai ir\/arba mokes\u010diai n\u0117ra gr\u0105\u017einami.<\/p>\n\n\n\n<p>Negavote ie\u0161komos informacijos? Pra\u0161ome susisiekti su m\u016bs\u0173 klient\u0173 aptarnavimo tarnyba el. pa\u0161tu eshop@ramunepiekautaite.com<\/p>\n\n\n\n<p><\/p>\n","protected":false},"excerpt":{"rendered":"<p>Pristatymas PRISTATYMAS KURIERIU: Si\u016blome nemokam\u0105 pristatym\u0105 Lietuvoje, jei u\u017esakymo suma vir\u0161yja 100 Eur. Nemokamas pristatymas \u012f Europos S\u0105jungos \u0161alis, jei u\u017esakymo suma vir\u0161yja 600 Eur. Kai u\u017esakymas bus pateiktas, mes atsi\u0173sime automatin\u012f patvirtinimo lai\u0161k\u0105 j\u016bs\u0173 nurodytu el. pa\u0161tu. Po preki\u0173 i\u0161siuntimo, taip pat atsi\u0173sime apie u\u017esakymo atlikim\u0105 informuojant\u012f automatin\u012f lai\u0161k\u0105 el. pa\u0161tu. Pristatymo terminas \u2013 [&hellip;]<\/p>\n","protected":false},"author":1,"featured_media":0,"parent":0,"menu_order":0,"comment_status":"closed","ping_status":"closed","template":"","meta":{"_acf_changed":false,"footnotes":""},"class_list":["post-80349","page","type-page","status-publish","hentry"],"acf":[],"yoast_head":"<!-- This site is optimized with the Yoast SEO plugin v27.2 - https:\/\/yoast.com\/product\/yoast-seo-wordpress\/ -->\n<title>Pristatymas ir gr\u0105\u017einimai | Ramune Piekautaite Fashion House<\/title>\n<meta name=\"robots\" content=\"index, follow, max-snippet:-1, max-image-preview:large, max-video-preview:-1\" \/>\n<link rel=\"canonical\" href=\"https:\/\/ramunepiekautaite.com\/lt\/pristatymas-ir-grazinimai\/\" \/>\n<meta property=\"og:locale\" content=\"lt_LT\" \/>\n<meta property=\"og:type\" content=\"article\" \/>\n<meta property=\"og:title\" content=\"Pristatymas ir gr\u0105\u017einimai | Ramune Piekautaite Fashion House\" \/>\n<meta property=\"og:description\" content=\"Pristatymas PRISTATYMAS KURIERIU: Si\u016blome nemokam\u0105 pristatym\u0105 Lietuvoje, jei u\u017esakymo suma vir\u0161yja 100 Eur. Nemokamas pristatymas \u012f Europos S\u0105jungos \u0161alis, jei u\u017esakymo suma vir\u0161yja 600 Eur. Kai u\u017esakymas bus pateiktas, mes atsi\u0173sime automatin\u012f patvirtinimo lai\u0161k\u0105 j\u016bs\u0173 nurodytu el. pa\u0161tu. Po preki\u0173 i\u0161siuntimo, taip pat atsi\u0173sime apie u\u017esakymo atlikim\u0105 informuojant\u012f automatin\u012f lai\u0161k\u0105 el. pa\u0161tu. Pristatymo terminas \u2013 [&hellip;]\" \/>\n<meta property=\"og:url\" content=\"https:\/\/ramunepiekautaite.com\/lt\/pristatymas-ir-grazinimai\/\" \/>\n<meta property=\"og:site_name\" content=\"Ramune Piekautaite Fashion House\" \/>\n<meta property=\"article:publisher\" content=\"https:\/\/www.facebook.com\/ramune.piekautaite\/\" \/>\n<meta property=\"article:modified_time\" content=\"2025-11-28T09:52:03+00:00\" \/>\n<meta property=\"og:image\" content=\"https:\/\/ramunepiekautaite.com\/wp-content\/uploads\/2024\/05\/rp.jpg\" \/>\n\t<meta property=\"og:image:width\" content=\"1200\" \/>\n\t<meta property=\"og:image:height\" content=\"675\" \/>\n\t<meta property=\"og:image:type\" content=\"image\/jpeg\" \/>\n<meta name=\"twitter:card\" content=\"summary_large_image\" \/>\n<meta name=\"twitter:label1\" content=\"Est. reading time\" \/>\n\t<meta name=\"twitter:data1\" content=\"2 minut\u0117s\" \/>\n<script type=\"application\/ld+json\" class=\"yoast-schema-graph\">{\"@context\":\"https:\/\/schema.org\",\"@graph\":[{\"@type\":\"WebPage\",\"@id\":\"https:\/\/ramunepiekautaite.com\/lt\/pristatymas-ir-grazinimai\/\",\"url\":\"https:\/\/ramunepiekautaite.com\/lt\/pristatymas-ir-grazinimai\/\",\"name\":\"Pristatymas ir gr\u0105\u017einimai | Ramune Piekautaite Fashion House\",\"isPartOf\":{\"@id\":\"https:\/\/ramunepiekautaite.com\/#website\"},\"datePublished\":\"2024-04-23T07:05:10+00:00\",\"dateModified\":\"2025-11-28T09:52:03+00:00\",\"breadcrumb\":{\"@id\":\"https:\/\/ramunepiekautaite.com\/lt\/pristatymas-ir-grazinimai\/#breadcrumb\"},\"inLanguage\":\"lt-LT\",\"potentialAction\":[{\"@type\":\"ReadAction\",\"target\":[\"https:\/\/ramunepiekautaite.com\/lt\/pristatymas-ir-grazinimai\/\"]}]},{\"@type\":\"BreadcrumbList\",\"@id\":\"https:\/\/ramunepiekautaite.com\/lt\/pristatymas-ir-grazinimai\/#breadcrumb\",\"itemListElement\":[{\"@type\":\"ListItem\",\"position\":1,\"name\":\"Home\",\"item\":\"https:\/\/ramunepiekautaite.com\/lt\/\"},{\"@type\":\"ListItem\",\"position\":2,\"name\":\"Pristatymas ir gr\u0105\u017einimai\"}]},{\"@type\":\"WebSite\",\"@id\":\"https:\/\/ramunepiekautaite.com\/#website\",\"url\":\"https:\/\/ramunepiekautaite.com\/\",\"name\":\"Ramune Piekautaite | Fashion House\",\"description\":\"Lithuanian fashion designer, described as romantic, sensual, reserved but luxurious, aristocratically elegant; she also dutifully presents two season collections annually\",\"publisher\":{\"@id\":\"https:\/\/ramunepiekautaite.com\/#organization\"},\"alternateName\":\"RP Fashion House\",\"potentialAction\":[{\"@type\":\"SearchAction\",\"target\":{\"@type\":\"EntryPoint\",\"urlTemplate\":\"https:\/\/ramunepiekautaite.com\/?s={search_term_string}\"},\"query-input\":{\"@type\":\"PropertyValueSpecification\",\"valueRequired\":true,\"valueName\":\"search_term_string\"}}],\"inLanguage\":\"lt-LT\"},{\"@type\":\"Organization\",\"@id\":\"https:\/\/ramunepiekautaite.com\/#organization\",\"name\":\"Mados aik\u0161t\u0117\",\"alternateName\":\"RP Fashion House\",\"url\":\"https:\/\/ramunepiekautaite.com\/\",\"logo\":{\"@type\":\"ImageObject\",\"inLanguage\":\"lt-LT\",\"@id\":\"https:\/\/ramunepiekautaite.com\/#\/schema\/logo\/image\/\",\"url\":\"https:\/\/ramunepiekautaite.com\/wp-content\/uploads\/2024\/05\/RP_512x512_fav.png\",\"contentUrl\":\"https:\/\/ramunepiekautaite.com\/wp-content\/uploads\/2024\/05\/RP_512x512_fav.png\",\"width\":512,\"height\":512,\"caption\":\"Mados aik\u0161t\u0117\"},\"image\":{\"@id\":\"https:\/\/ramunepiekautaite.com\/#\/schema\/logo\/image\/\"},\"sameAs\":[\"https:\/\/www.facebook.com\/ramune.piekautaite\/\",\"https:\/\/www.instagram.com\/ramunepiekautaite\/\"]}]}<\/script>\n<!-- \/ Yoast SEO plugin. -->","yoast_head_json":{"title":"Pristatymas ir gr\u0105\u017einimai | Ramune Piekautaite Fashion House","robots":{"index":"index","follow":"follow","max-snippet":"max-snippet:-1","max-image-preview":"max-image-preview:large","max-video-preview":"max-video-preview:-1"},"canonical":"https:\/\/ramunepiekautaite.com\/lt\/pristatymas-ir-grazinimai\/","og_locale":"lt_LT","og_type":"article","og_title":"Pristatymas ir gr\u0105\u017einimai | Ramune Piekautaite Fashion House","og_description":"Pristatymas PRISTATYMAS KURIERIU: Si\u016blome nemokam\u0105 pristatym\u0105 Lietuvoje, jei u\u017esakymo suma vir\u0161yja 100 Eur. Nemokamas pristatymas \u012f Europos S\u0105jungos \u0161alis, jei u\u017esakymo suma vir\u0161yja 600 Eur. Kai u\u017esakymas bus pateiktas, mes atsi\u0173sime automatin\u012f patvirtinimo lai\u0161k\u0105 j\u016bs\u0173 nurodytu el. pa\u0161tu. Po preki\u0173 i\u0161siuntimo, taip pat atsi\u0173sime apie u\u017esakymo atlikim\u0105 informuojant\u012f automatin\u012f lai\u0161k\u0105 el. pa\u0161tu. Pristatymo terminas \u2013 [&hellip;]","og_url":"https:\/\/ramunepiekautaite.com\/lt\/pristatymas-ir-grazinimai\/","og_site_name":"Ramune Piekautaite Fashion House","article_publisher":"https:\/\/www.facebook.com\/ramune.piekautaite\/","article_modified_time":"2025-11-28T09:52:03+00:00","og_image":[{"width":1200,"height":675,"url":"https:\/\/ramunepiekautaite.com\/wp-content\/uploads\/2024\/05\/rp.jpg","type":"image\/jpeg"}],"twitter_card":"summary_large_image","twitter_misc":{"Est. reading time":"2 minut\u0117s"},"schema":{"@context":"https:\/\/schema.org","@graph":[{"@type":"WebPage","@id":"https:\/\/ramunepiekautaite.com\/lt\/pristatymas-ir-grazinimai\/","url":"https:\/\/ramunepiekautaite.com\/lt\/pristatymas-ir-grazinimai\/","name":"Pristatymas ir gr\u0105\u017einimai | Ramune Piekautaite Fashion House","isPartOf":{"@id":"https:\/\/ramunepiekautaite.com\/#website"},"datePublished":"2024-04-23T07:05:10+00:00","dateModified":"2025-11-28T09:52:03+00:00","breadcrumb":{"@id":"https:\/\/ramunepiekautaite.com\/lt\/pristatymas-ir-grazinimai\/#breadcrumb"},"inLanguage":"lt-LT","potentialAction":[{"@type":"ReadAction","target":["https:\/\/ramunepiekautaite.com\/lt\/pristatymas-ir-grazinimai\/"]}]},{"@type":"BreadcrumbList","@id":"https:\/\/ramunepiekautaite.com\/lt\/pristatymas-ir-grazinimai\/#breadcrumb","itemListElement":[{"@type":"ListItem","position":1,"name":"Home","item":"https:\/\/ramunepiekautaite.com\/lt\/"},{"@type":"ListItem","position":2,"name":"Pristatymas ir gr\u0105\u017einimai"}]},{"@type":"WebSite","@id":"https:\/\/ramunepiekautaite.com\/#website","url":"https:\/\/ramunepiekautaite.com\/","name":"Ramune Piekautaite | Fashion House","description":"Lithuanian fashion designer, described as romantic, sensual, reserved but luxurious, aristocratically elegant; she also dutifully presents two season collections annually","publisher":{"@id":"https:\/\/ramunepiekautaite.com\/#organization"},"alternateName":"RP Fashion House","potentialAction":[{"@type":"SearchAction","target":{"@type":"EntryPoint","urlTemplate":"https:\/\/ramunepiekautaite.com\/?s={search_term_string}"},"query-input":{"@type":"PropertyValueSpecification","valueRequired":true,"valueName":"search_term_string"}}],"inLanguage":"lt-LT"},{"@type":"Organization","@id":"https:\/\/ramunepiekautaite.com\/#organization","name":"Mados aik\u0161t\u0117","alternateName":"RP Fashion House","url":"https:\/\/ramunepiekautaite.com\/","logo":{"@type":"ImageObject","inLanguage":"lt-LT","@id":"https:\/\/ramunepiekautaite.com\/#\/schema\/logo\/image\/","url":"https:\/\/ramunepiekautaite.com\/wp-content\/uploads\/2024\/05\/RP_512x512_fav.png","contentUrl":"https:\/\/ramunepiekautaite.com\/wp-content\/uploads\/2024\/05\/RP_512x512_fav.png","width":512,"height":512,"caption":"Mados aik\u0161t\u0117"},"image":{"@id":"https:\/\/ramunepiekautaite.com\/#\/schema\/logo\/image\/"},"sameAs":["https:\/\/www.facebook.com\/ramune.piekautaite\/","https:\/\/www.instagram.com\/ramunepiekautaite\/"]}]}},"_links":{"self":[{"href":"https:\/\/ramunepiekautaite.com\/lt\/wp-json\/wp\/v2\/pages\/80349","targetHints":{"allow":["GET"]}}],"collection":[{"href":"https:\/\/ramunepiekautaite.com\/lt\/wp-json\/wp\/v2\/pages"}],"about":[{"href":"https:\/\/ramunepiekautaite.com\/lt\/wp-json\/wp\/v2\/types\/page"}],"author":[{"embeddable":true,"href":"https:\/\/ramunepiekautaite.com\/lt\/wp-json\/wp\/v2\/users\/1"}],"replies":[{"embeddable":true,"href":"https:\/\/ramunepiekautaite.com\/lt\/wp-json\/wp\/v2\/comments?post=80349"}],"version-history":[{"count":6,"href":"https:\/\/ramunepiekautaite.com\/lt\/wp-json\/wp\/v2\/pages\/80349\/revisions"}],"predecessor-version":[{"id":88385,"href":"https:\/\/ramunepiekautaite.com\/lt\/wp-json\/wp\/v2\/pages\/80349\/revisions\/88385"}],"wp:attachment":[{"href":"https:\/\/ramunepiekautaite.com\/lt\/wp-json\/wp\/v2\/media?parent=80349"}],"curies":[{"name":"wp","href":"https:\/\/api.w.org\/{rel}","templated":true}]}}