{"id":72942,"date":"2024-07-24T08:34:34","date_gmt":"2024-07-24T06:34:34","guid":{"rendered":"https:\/\/ramunepiekautaite.com\/product\/mini-logo-print-bag-beige\/"},"modified":"2026-04-27T07:46:16","modified_gmt":"2026-04-27T05:46:16","slug":"mini-logo-print-rankine-smeline","status":"publish","type":"product","link":"https:\/\/ramunepiekautaite.com\/lt\/produktas\/mini-logo-print-rankine-smeline\/","title":{"rendered":"MINI LOGO PRINT RANKIN\u0116 SM\u0116LIN\u0116"},"content":{"rendered":"<p>Pagaminta i\u0161 nat\u016bralios odos, su m\u016bs\u0173 i\u0161skirtiniu logo spaudiniu. \u0160i meistri\u0161kai rankomis pagaminta, ma\u017ea rankin\u0117, turi kry\u017emin\u0117s grandin\u0117l\u0117s dir\u017eel\u012f ir u\u017etrauktuko u\u017edarym\u0105. Viduje yra ki\u0161en\u0117s kortel\u0117ms.<\/p>\n<p>I\u0161matavimai: 22&#215;11,5cm.<\/p>\n","protected":false},"excerpt":{"rendered":"<p>Pagaminta i\u0161 nat\u016bralios odos, su m\u016bs\u0173 i\u0161skirtiniu logo spaudiniu. \u0160i meistri\u0161kai rankomis pagaminta, ma\u017ea rankin\u0117, turi kry\u017emin\u0117s grandin\u0117l\u0117s dir\u017eel\u012f ir u\u017etrauktuko u\u017edarym\u0105. Viduje yra ki\u0161en\u0117s kortel\u0117ms. I\u0161matavimai: 22&#215;11,5cm.<\/p>\n","protected":false},"featured_media":72925,"template":"","meta":{"_acf_changed":false},"product_brand":[],"product_cat":[116,111],"product_tag":[],"class_list":{"0":"post-72942","1":"product","2":"type-product","3":"status-publish","4":"has-post-thumbnail","6":"product_cat-shop-lt","7":"product_cat-rankines-lt","9":"first","10":"instock","11":"taxable","12":"shipping-taxable","13":"purchasable","14":"product-type-simple"},"acf":[],"yoast_head":"<!-- This site is optimized with the Yoast SEO plugin v27.2 - https:\/\/yoast.com\/product\/yoast-seo-wordpress\/ -->\n<title>MINI LOGO PRINT RANKIN\u0116 SM\u0116LIN\u0116 | Ramune Piekautaite Fashion House<\/title>\n<meta name=\"robots\" content=\"index, follow, max-snippet:-1, max-image-preview:large, max-video-preview:-1\" \/>\n<link rel=\"canonical\" href=\"https:\/\/ramunepiekautaite.com\/lt\/produktas\/mini-logo-print-rankine-smeline\/\" \/>\n<meta property=\"og:locale\" content=\"lt_LT\" \/>\n<meta property=\"og:type\" content=\"article\" \/>\n<meta property=\"og:title\" content=\"MINI LOGO PRINT RANKIN\u0116 SM\u0116LIN\u0116 | Ramune Piekautaite Fashion House\" \/>\n<meta property=\"og:description\" content=\"Pagaminta i\u0161 nat\u016bralios odos, su m\u016bs\u0173 i\u0161skirtiniu logo spaudiniu. \u0160i meistri\u0161kai rankomis pagaminta, ma\u017ea rankin\u0117, turi kry\u017emin\u0117s grandin\u0117l\u0117s dir\u017eel\u012f ir u\u017etrauktuko u\u017edarym\u0105. Viduje yra ki\u0161en\u0117s kortel\u0117ms. I\u0161matavimai: 22&#215;11,5cm.\" \/>\n<meta property=\"og:url\" content=\"https:\/\/ramunepiekautaite.com\/lt\/produktas\/mini-logo-print-rankine-smeline\/\" \/>\n<meta property=\"og:site_name\" content=\"Ramune Piekautaite Fashion House\" \/>\n<meta property=\"article:publisher\" content=\"https:\/\/www.facebook.com\/ramune.piekautaite\/\" \/>\n<meta property=\"article:modified_time\" content=\"2026-04-27T05:46:16+00:00\" \/>\n<meta property=\"og:image\" content=\"https:\/\/ramunepiekautaite.com\/wp-content\/uploads\/2024\/07\/bag-02mini-print-beige-1-scaled.jpg\" \/>\n\t<meta property=\"og:image:width\" content=\"1810\" \/>\n\t<meta property=\"og:image:height\" content=\"2560\" \/>\n\t<meta property=\"og:image:type\" content=\"image\/jpeg\" \/>\n<meta name=\"twitter:card\" content=\"summary_large_image\" \/>\n<meta name=\"twitter:label1\" content=\"Est. reading time\" \/>\n\t<meta name=\"twitter:data1\" content=\"1 minut\u0117\" \/>\n<script type=\"application\/ld+json\" class=\"yoast-schema-graph\">{\"@context\":\"https:\/\/schema.org\",\"@graph\":[{\"@type\":\"WebPage\",\"@id\":\"https:\/\/ramunepiekautaite.com\/lt\/produktas\/mini-logo-print-rankine-smeline\/\",\"url\":\"https:\/\/ramunepiekautaite.com\/lt\/produktas\/mini-logo-print-rankine-smeline\/\",\"name\":\"MINI LOGO PRINT RANKIN\u0116 SM\u0116LIN\u0116 | Ramune Piekautaite Fashion House\",\"isPartOf\":{\"@id\":\"https:\/\/ramunepiekautaite.com\/#website\"},\"primaryImageOfPage\":{\"@id\":\"https:\/\/ramunepiekautaite.com\/lt\/produktas\/mini-logo-print-rankine-smeline\/#primaryimage\"},\"image\":{\"@id\":\"https:\/\/ramunepiekautaite.com\/lt\/produktas\/mini-logo-print-rankine-smeline\/#primaryimage\"},\"thumbnailUrl\":\"https:\/\/ramunepiekautaite.com\/wp-content\/uploads\/2024\/07\/bag-02mini-print-beige-1-scaled.jpg\",\"datePublished\":\"2024-07-24T06:34:34+00:00\",\"dateModified\":\"2026-04-27T05:46:16+00:00\",\"breadcrumb\":{\"@id\":\"https:\/\/ramunepiekautaite.com\/lt\/produktas\/mini-logo-print-rankine-smeline\/#breadcrumb\"},\"inLanguage\":\"lt-LT\",\"potentialAction\":[{\"@type\":\"ReadAction\",\"target\":[\"https:\/\/ramunepiekautaite.com\/lt\/produktas\/mini-logo-print-rankine-smeline\/\"]}]},{\"@type\":\"ImageObject\",\"inLanguage\":\"lt-LT\",\"@id\":\"https:\/\/ramunepiekautaite.com\/lt\/produktas\/mini-logo-print-rankine-smeline\/#primaryimage\",\"url\":\"https:\/\/ramunepiekautaite.com\/wp-content\/uploads\/2024\/07\/bag-02mini-print-beige-1-scaled.jpg\",\"contentUrl\":\"https:\/\/ramunepiekautaite.com\/wp-content\/uploads\/2024\/07\/bag-02mini-print-beige-1-scaled.jpg\",\"width\":1810,\"height\":2560},{\"@type\":\"BreadcrumbList\",\"@id\":\"https:\/\/ramunepiekautaite.com\/lt\/produktas\/mini-logo-print-rankine-smeline\/#breadcrumb\",\"itemListElement\":[{\"@type\":\"ListItem\",\"position\":1,\"name\":\"Home\",\"item\":\"https:\/\/ramunepiekautaite.com\/lt\/\"},{\"@type\":\"ListItem\",\"position\":2,\"name\":\"Parduotuv\u0117\",\"item\":\"https:\/\/ramunepiekautaite.com\/lt\/parduotuve\/\"},{\"@type\":\"ListItem\",\"position\":3,\"name\":\"MINI LOGO PRINT RANKIN\u0116 SM\u0116LIN\u0116\"}]},{\"@type\":\"WebSite\",\"@id\":\"https:\/\/ramunepiekautaite.com\/#website\",\"url\":\"https:\/\/ramunepiekautaite.com\/\",\"name\":\"Ramune Piekautaite | Fashion House\",\"description\":\"Lithuanian fashion designer, described as romantic, sensual, reserved but luxurious, aristocratically elegant; she also dutifully presents two season collections annually\",\"publisher\":{\"@id\":\"https:\/\/ramunepiekautaite.com\/#organization\"},\"alternateName\":\"RP Fashion House\",\"potentialAction\":[{\"@type\":\"SearchAction\",\"target\":{\"@type\":\"EntryPoint\",\"urlTemplate\":\"https:\/\/ramunepiekautaite.com\/?s={search_term_string}\"},\"query-input\":{\"@type\":\"PropertyValueSpecification\",\"valueRequired\":true,\"valueName\":\"search_term_string\"}}],\"inLanguage\":\"lt-LT\"},{\"@type\":\"Organization\",\"@id\":\"https:\/\/ramunepiekautaite.com\/#organization\",\"name\":\"Mados aik\u0161t\u0117\",\"alternateName\":\"RP Fashion House\",\"url\":\"https:\/\/ramunepiekautaite.com\/\",\"logo\":{\"@type\":\"ImageObject\",\"inLanguage\":\"lt-LT\",\"@id\":\"https:\/\/ramunepiekautaite.com\/#\/schema\/logo\/image\/\",\"url\":\"https:\/\/ramunepiekautaite.com\/wp-content\/uploads\/2024\/05\/RP_512x512_fav.png\",\"contentUrl\":\"https:\/\/ramunepiekautaite.com\/wp-content\/uploads\/2024\/05\/RP_512x512_fav.png\",\"width\":512,\"height\":512,\"caption\":\"Mados aik\u0161t\u0117\"},\"image\":{\"@id\":\"https:\/\/ramunepiekautaite.com\/#\/schema\/logo\/image\/\"},\"sameAs\":[\"https:\/\/www.facebook.com\/ramune.piekautaite\/\",\"https:\/\/www.instagram.com\/ramunepiekautaite\/\"]}]}<\/script>\n<!-- \/ Yoast SEO plugin. -->","yoast_head_json":{"title":"MINI LOGO PRINT RANKIN\u0116 SM\u0116LIN\u0116 | Ramune Piekautaite Fashion House","robots":{"index":"index","follow":"follow","max-snippet":"max-snippet:-1","max-image-preview":"max-image-preview:large","max-video-preview":"max-video-preview:-1"},"canonical":"https:\/\/ramunepiekautaite.com\/lt\/produktas\/mini-logo-print-rankine-smeline\/","og_locale":"lt_LT","og_type":"article","og_title":"MINI LOGO PRINT RANKIN\u0116 SM\u0116LIN\u0116 | Ramune Piekautaite Fashion House","og_description":"Pagaminta i\u0161 nat\u016bralios odos, su m\u016bs\u0173 i\u0161skirtiniu logo spaudiniu. \u0160i meistri\u0161kai rankomis pagaminta, ma\u017ea rankin\u0117, turi kry\u017emin\u0117s grandin\u0117l\u0117s dir\u017eel\u012f ir u\u017etrauktuko u\u017edarym\u0105. Viduje yra ki\u0161en\u0117s kortel\u0117ms. I\u0161matavimai: 22&#215;11,5cm.","og_url":"https:\/\/ramunepiekautaite.com\/lt\/produktas\/mini-logo-print-rankine-smeline\/","og_site_name":"Ramune Piekautaite Fashion House","article_publisher":"https:\/\/www.facebook.com\/ramune.piekautaite\/","article_modified_time":"2026-04-27T05:46:16+00:00","og_image":[{"width":1810,"height":2560,"url":"https:\/\/ramunepiekautaite.com\/wp-content\/uploads\/2024\/07\/bag-02mini-print-beige-1-scaled.jpg","type":"image\/jpeg"}],"twitter_card":"summary_large_image","twitter_misc":{"Est. reading time":"1 minut\u0117"},"schema":{"@context":"https:\/\/schema.org","@graph":[{"@type":"WebPage","@id":"https:\/\/ramunepiekautaite.com\/lt\/produktas\/mini-logo-print-rankine-smeline\/","url":"https:\/\/ramunepiekautaite.com\/lt\/produktas\/mini-logo-print-rankine-smeline\/","name":"MINI LOGO PRINT RANKIN\u0116 SM\u0116LIN\u0116 | Ramune Piekautaite Fashion House","isPartOf":{"@id":"https:\/\/ramunepiekautaite.com\/#website"},"primaryImageOfPage":{"@id":"https:\/\/ramunepiekautaite.com\/lt\/produktas\/mini-logo-print-rankine-smeline\/#primaryimage"},"image":{"@id":"https:\/\/ramunepiekautaite.com\/lt\/produktas\/mini-logo-print-rankine-smeline\/#primaryimage"},"thumbnailUrl":"https:\/\/ramunepiekautaite.com\/wp-content\/uploads\/2024\/07\/bag-02mini-print-beige-1-scaled.jpg","datePublished":"2024-07-24T06:34:34+00:00","dateModified":"2026-04-27T05:46:16+00:00","breadcrumb":{"@id":"https:\/\/ramunepiekautaite.com\/lt\/produktas\/mini-logo-print-rankine-smeline\/#breadcrumb"},"inLanguage":"lt-LT","potentialAction":[{"@type":"ReadAction","target":["https:\/\/ramunepiekautaite.com\/lt\/produktas\/mini-logo-print-rankine-smeline\/"]}]},{"@type":"ImageObject","inLanguage":"lt-LT","@id":"https:\/\/ramunepiekautaite.com\/lt\/produktas\/mini-logo-print-rankine-smeline\/#primaryimage","url":"https:\/\/ramunepiekautaite.com\/wp-content\/uploads\/2024\/07\/bag-02mini-print-beige-1-scaled.jpg","contentUrl":"https:\/\/ramunepiekautaite.com\/wp-content\/uploads\/2024\/07\/bag-02mini-print-beige-1-scaled.jpg","width":1810,"height":2560},{"@type":"BreadcrumbList","@id":"https:\/\/ramunepiekautaite.com\/lt\/produktas\/mini-logo-print-rankine-smeline\/#breadcrumb","itemListElement":[{"@type":"ListItem","position":1,"name":"Home","item":"https:\/\/ramunepiekautaite.com\/lt\/"},{"@type":"ListItem","position":2,"name":"Parduotuv\u0117","item":"https:\/\/ramunepiekautaite.com\/lt\/parduotuve\/"},{"@type":"ListItem","position":3,"name":"MINI LOGO PRINT RANKIN\u0116 SM\u0116LIN\u0116"}]},{"@type":"WebSite","@id":"https:\/\/ramunepiekautaite.com\/#website","url":"https:\/\/ramunepiekautaite.com\/","name":"Ramune Piekautaite | Fashion House","description":"Lithuanian fashion designer, described as romantic, sensual, reserved but luxurious, aristocratically elegant; she also dutifully presents two season collections annually","publisher":{"@id":"https:\/\/ramunepiekautaite.com\/#organization"},"alternateName":"RP Fashion House","potentialAction":[{"@type":"SearchAction","target":{"@type":"EntryPoint","urlTemplate":"https:\/\/ramunepiekautaite.com\/?s={search_term_string}"},"query-input":{"@type":"PropertyValueSpecification","valueRequired":true,"valueName":"search_term_string"}}],"inLanguage":"lt-LT"},{"@type":"Organization","@id":"https:\/\/ramunepiekautaite.com\/#organization","name":"Mados aik\u0161t\u0117","alternateName":"RP Fashion House","url":"https:\/\/ramunepiekautaite.com\/","logo":{"@type":"ImageObject","inLanguage":"lt-LT","@id":"https:\/\/ramunepiekautaite.com\/#\/schema\/logo\/image\/","url":"https:\/\/ramunepiekautaite.com\/wp-content\/uploads\/2024\/05\/RP_512x512_fav.png","contentUrl":"https:\/\/ramunepiekautaite.com\/wp-content\/uploads\/2024\/05\/RP_512x512_fav.png","width":512,"height":512,"caption":"Mados aik\u0161t\u0117"},"image":{"@id":"https:\/\/ramunepiekautaite.com\/#\/schema\/logo\/image\/"},"sameAs":["https:\/\/www.facebook.com\/ramune.piekautaite\/","https:\/\/www.instagram.com\/ramunepiekautaite\/"]}]}},"_links":{"self":[{"href":"https:\/\/ramunepiekautaite.com\/lt\/wp-json\/wp\/v2\/product\/72942","targetHints":{"allow":["GET"]}}],"collection":[{"href":"https:\/\/ramunepiekautaite.com\/lt\/wp-json\/wp\/v2\/product"}],"about":[{"href":"https:\/\/ramunepiekautaite.com\/lt\/wp-json\/wp\/v2\/types\/product"}],"wp:featuredmedia":[{"embeddable":true,"href":"https:\/\/ramunepiekautaite.com\/lt\/wp-json\/wp\/v2\/media\/72925"}],"wp:attachment":[{"href":"https:\/\/ramunepiekautaite.com\/lt\/wp-json\/wp\/v2\/media?parent=72942"}],"wp:term":[{"taxonomy":"product_brand","embeddable":true,"href":"https:\/\/ramunepiekautaite.com\/lt\/wp-json\/wp\/v2\/product_brand?post=72942"},{"taxonomy":"product_cat","embeddable":true,"href":"https:\/\/ramunepiekautaite.com\/lt\/wp-json\/wp\/v2\/product_cat?post=72942"},{"taxonomy":"product_tag","embeddable":true,"href":"https:\/\/ramunepiekautaite.com\/lt\/wp-json\/wp\/v2\/product_tag?post=72942"}],"curies":[{"name":"wp","href":"https:\/\/api.w.org\/{rel}","templated":true}]}}