{"id":78273,"date":"2024-05-06T10:27:33","date_gmt":"2024-05-06T10:27:33","guid":{"rendered":"https:\/\/ramunepiekautaite.com\/product\/electronic-gift-card\/"},"modified":"2026-03-30T07:45:01","modified_gmt":"2026-03-30T05:45:01","slug":"elektroninis-dovanu-cekis","status":"publish","type":"product","link":"https:\/\/ramunepiekautaite.com\/lt\/produktas\/elektroninis-dovanu-cekis\/","title":{"rendered":"ELEKTRONINIS DOVAN\u0172 \u010cEKIS"},"content":{"rendered":"<p>Elektroninis dovan\u0173 \u010dekis bus i\u0161si\u0173stas \u012f j\u016bs\u0173 el. pa\u0161t\u0105 po pirkimo.<\/p>\n<p>Elektroninis dovan\u0173 \u010dekis gali b\u016bti panaudotas tik e. parduotuv\u0117je ramunepiekautaite.com, \u012fvedant \u010dekio kod\u0105 atsiskaitymo puslapyje.<\/p>\n<p><strong>Elektroninis dovan\u0173 \u010dekis negali b\u016bti gr\u0105\u017eintas, atnaujintas arba pakeistas \u012f nauj\u0105 (jei buvo pamestas arba kitaip prarastas) ar i\u0161keistas \u012f grynuosius pinigus.\u00a0<\/strong><\/p>\n<p><strong>\u012esigytos prek\u0117s, su elektroniniu dovan\u0173 \u010dekiu, ne gali b\u016bti gr\u0105\u017einamos, tik kei\u010diamos.<\/strong><\/p>\n<p><strong>Elektroninis dovan\u0173 \u010dekis negali b\u016bti naudojamas kitam elektroniniam dovan\u0173 \u010dekiui \u012fsigyti.<\/strong><\/p>\n<p>Jei preki\u0173 kaina yra didesn\u0117 u\u017e elektroninio dovan\u0173 \u010dekio vert\u0119, skirtumas gali b\u016bti padengtas atsiskaitydami e. parduotuv\u0117je.<\/p>\n<p>Jei pasirenkate prek\u0119, kurios kaina yra ma\u017eesn\u0117 u\u017e elektroninio dovan\u0173 \u010dekio vert\u0119, likusi suma nebus gr\u0105\u017einta.<\/p>\n<p>Elektroninis dovan\u0173 \u010dekis galioja 6 m\u0117nesius nuo pirkimo datos.<\/p>\n<p>Pasibaigus elektroninio dovan\u0173 \u010dekio galiojimo laikui, jis automati\u0161kai blokuojamas ir likusieji pinigai nebus gr\u0105\u017einti.<\/p>\n","protected":false},"excerpt":{"rendered":"<p>Elektroninis dovan\u0173 \u010dekis bus i\u0161si\u0173stas \u012f j\u016bs\u0173 el. pa\u0161t\u0105 po pirkimo. Elektroninis dovan\u0173 \u010dekis gali b\u016bti panaudotas tik e. parduotuv\u0117je ramunepiekautaite.com, \u012fvedant \u010dekio kod\u0105 atsiskaitymo puslapyje. Elektroninis dovan\u0173 \u010dekis negali b\u016bti gr\u0105\u017eintas, atnaujintas arba pakeistas \u012f nauj\u0105 (jei buvo pamestas arba kitaip prarastas) ar i\u0161keistas \u012f grynuosius pinigus.\u00a0 \u012esigytos prek\u0117s, su elektroniniu dovan\u0173 \u010dekiu, ne [&hellip;]<\/p>\n","protected":false},"featured_media":72430,"template":"","meta":{"_acf_changed":false},"product_brand":[],"product_cat":[143],"product_tag":[],"class_list":{"0":"post-78273","1":"product","2":"type-product","3":"status-publish","4":"has-post-thumbnail","6":"product_cat-gifts-lt","8":"first","9":"instock","10":"taxable","11":"shipping-taxable","12":"purchasable","13":"product-type-variable"},"acf":[],"yoast_head":"<!-- This site is optimized with the Yoast SEO plugin v27.2 - https:\/\/yoast.com\/product\/yoast-seo-wordpress\/ -->\n<title>ELEKTRONINIS DOVAN\u0172 \u010cEKIS | Ramune Piekautaite Fashion House<\/title>\n<meta name=\"robots\" content=\"index, follow, max-snippet:-1, max-image-preview:large, max-video-preview:-1\" \/>\n<link rel=\"canonical\" href=\"https:\/\/ramunepiekautaite.com\/lt\/produktas\/elektroninis-dovanu-cekis\/\" \/>\n<meta property=\"og:locale\" content=\"lt_LT\" \/>\n<meta property=\"og:type\" content=\"article\" \/>\n<meta property=\"og:title\" content=\"ELEKTRONINIS DOVAN\u0172 \u010cEKIS | Ramune Piekautaite Fashion House\" \/>\n<meta property=\"og:description\" content=\"Elektroninis dovan\u0173 \u010dekis bus i\u0161si\u0173stas \u012f j\u016bs\u0173 el. pa\u0161t\u0105 po pirkimo. Elektroninis dovan\u0173 \u010dekis gali b\u016bti panaudotas tik e. parduotuv\u0117je ramunepiekautaite.com, \u012fvedant \u010dekio kod\u0105 atsiskaitymo puslapyje. Elektroninis dovan\u0173 \u010dekis negali b\u016bti gr\u0105\u017eintas, atnaujintas arba pakeistas \u012f nauj\u0105 (jei buvo pamestas arba kitaip prarastas) ar i\u0161keistas \u012f grynuosius pinigus.\u00a0 \u012esigytos prek\u0117s, su elektroniniu dovan\u0173 \u010dekiu, ne [&hellip;]\" \/>\n<meta property=\"og:url\" content=\"https:\/\/ramunepiekautaite.com\/lt\/produktas\/elektroninis-dovanu-cekis\/\" \/>\n<meta property=\"og:site_name\" content=\"Ramune Piekautaite Fashion House\" \/>\n<meta property=\"article:publisher\" content=\"https:\/\/www.facebook.com\/ramune.piekautaite\/\" \/>\n<meta property=\"article:modified_time\" content=\"2026-03-30T05:45:01+00:00\" \/>\n<meta property=\"og:image\" content=\"https:\/\/ramunepiekautaite.com\/wp-content\/uploads\/2024\/05\/Dovana_-1.png\" \/>\n\t<meta property=\"og:image:width\" content=\"2481\" \/>\n\t<meta property=\"og:image:height\" content=\"3508\" \/>\n\t<meta property=\"og:image:type\" content=\"image\/png\" \/>\n<meta name=\"twitter:card\" content=\"summary_large_image\" \/>\n<meta name=\"twitter:label1\" content=\"Est. reading time\" \/>\n\t<meta name=\"twitter:data1\" content=\"1 minut\u0117\" \/>\n<script type=\"application\/ld+json\" class=\"yoast-schema-graph\">{\"@context\":\"https:\/\/schema.org\",\"@graph\":[{\"@type\":\"WebPage\",\"@id\":\"https:\/\/ramunepiekautaite.com\/lt\/produktas\/elektroninis-dovanu-cekis\/\",\"url\":\"https:\/\/ramunepiekautaite.com\/lt\/produktas\/elektroninis-dovanu-cekis\/\",\"name\":\"ELEKTRONINIS DOVAN\u0172 \u010cEKIS | Ramune Piekautaite Fashion House\",\"isPartOf\":{\"@id\":\"https:\/\/ramunepiekautaite.com\/#website\"},\"primaryImageOfPage\":{\"@id\":\"https:\/\/ramunepiekautaite.com\/lt\/produktas\/elektroninis-dovanu-cekis\/#primaryimage\"},\"image\":{\"@id\":\"https:\/\/ramunepiekautaite.com\/lt\/produktas\/elektroninis-dovanu-cekis\/#primaryimage\"},\"thumbnailUrl\":\"https:\/\/ramunepiekautaite.com\/wp-content\/uploads\/2024\/05\/Dovana_-1.png\",\"datePublished\":\"2024-05-06T10:27:33+00:00\",\"dateModified\":\"2026-03-30T05:45:01+00:00\",\"breadcrumb\":{\"@id\":\"https:\/\/ramunepiekautaite.com\/lt\/produktas\/elektroninis-dovanu-cekis\/#breadcrumb\"},\"inLanguage\":\"lt-LT\",\"potentialAction\":[{\"@type\":\"ReadAction\",\"target\":[\"https:\/\/ramunepiekautaite.com\/lt\/produktas\/elektroninis-dovanu-cekis\/\"]}]},{\"@type\":\"ImageObject\",\"inLanguage\":\"lt-LT\",\"@id\":\"https:\/\/ramunepiekautaite.com\/lt\/produktas\/elektroninis-dovanu-cekis\/#primaryimage\",\"url\":\"https:\/\/ramunepiekautaite.com\/wp-content\/uploads\/2024\/05\/Dovana_-1.png\",\"contentUrl\":\"https:\/\/ramunepiekautaite.com\/wp-content\/uploads\/2024\/05\/Dovana_-1.png\",\"width\":2481,\"height\":3508},{\"@type\":\"BreadcrumbList\",\"@id\":\"https:\/\/ramunepiekautaite.com\/lt\/produktas\/elektroninis-dovanu-cekis\/#breadcrumb\",\"itemListElement\":[{\"@type\":\"ListItem\",\"position\":1,\"name\":\"Home\",\"item\":\"https:\/\/ramunepiekautaite.com\/lt\/\"},{\"@type\":\"ListItem\",\"position\":2,\"name\":\"Parduotuv\u0117\",\"item\":\"https:\/\/ramunepiekautaite.com\/lt\/parduotuve\/\"},{\"@type\":\"ListItem\",\"position\":3,\"name\":\"ELEKTRONINIS DOVAN\u0172 \u010cEKIS\"}]},{\"@type\":\"WebSite\",\"@id\":\"https:\/\/ramunepiekautaite.com\/#website\",\"url\":\"https:\/\/ramunepiekautaite.com\/\",\"name\":\"Ramune Piekautaite | Fashion House\",\"description\":\"Lithuanian fashion designer, described as romantic, sensual, reserved but luxurious, aristocratically elegant; she also dutifully presents two season collections annually\",\"publisher\":{\"@id\":\"https:\/\/ramunepiekautaite.com\/#organization\"},\"alternateName\":\"RP Fashion House\",\"potentialAction\":[{\"@type\":\"SearchAction\",\"target\":{\"@type\":\"EntryPoint\",\"urlTemplate\":\"https:\/\/ramunepiekautaite.com\/?s={search_term_string}\"},\"query-input\":{\"@type\":\"PropertyValueSpecification\",\"valueRequired\":true,\"valueName\":\"search_term_string\"}}],\"inLanguage\":\"lt-LT\"},{\"@type\":\"Organization\",\"@id\":\"https:\/\/ramunepiekautaite.com\/#organization\",\"name\":\"Mados aik\u0161t\u0117\",\"alternateName\":\"RP Fashion House\",\"url\":\"https:\/\/ramunepiekautaite.com\/\",\"logo\":{\"@type\":\"ImageObject\",\"inLanguage\":\"lt-LT\",\"@id\":\"https:\/\/ramunepiekautaite.com\/#\/schema\/logo\/image\/\",\"url\":\"https:\/\/ramunepiekautaite.com\/wp-content\/uploads\/2024\/05\/RP_512x512_fav.png\",\"contentUrl\":\"https:\/\/ramunepiekautaite.com\/wp-content\/uploads\/2024\/05\/RP_512x512_fav.png\",\"width\":512,\"height\":512,\"caption\":\"Mados aik\u0161t\u0117\"},\"image\":{\"@id\":\"https:\/\/ramunepiekautaite.com\/#\/schema\/logo\/image\/\"},\"sameAs\":[\"https:\/\/www.facebook.com\/ramune.piekautaite\/\",\"https:\/\/www.instagram.com\/ramunepiekautaite\/\"]}]}<\/script>\n<!-- \/ Yoast SEO plugin. -->","yoast_head_json":{"title":"ELEKTRONINIS DOVAN\u0172 \u010cEKIS | Ramune Piekautaite Fashion House","robots":{"index":"index","follow":"follow","max-snippet":"max-snippet:-1","max-image-preview":"max-image-preview:large","max-video-preview":"max-video-preview:-1"},"canonical":"https:\/\/ramunepiekautaite.com\/lt\/produktas\/elektroninis-dovanu-cekis\/","og_locale":"lt_LT","og_type":"article","og_title":"ELEKTRONINIS DOVAN\u0172 \u010cEKIS | Ramune Piekautaite Fashion House","og_description":"Elektroninis dovan\u0173 \u010dekis bus i\u0161si\u0173stas \u012f j\u016bs\u0173 el. pa\u0161t\u0105 po pirkimo. Elektroninis dovan\u0173 \u010dekis gali b\u016bti panaudotas tik e. parduotuv\u0117je ramunepiekautaite.com, \u012fvedant \u010dekio kod\u0105 atsiskaitymo puslapyje. Elektroninis dovan\u0173 \u010dekis negali b\u016bti gr\u0105\u017eintas, atnaujintas arba pakeistas \u012f nauj\u0105 (jei buvo pamestas arba kitaip prarastas) ar i\u0161keistas \u012f grynuosius pinigus.\u00a0 \u012esigytos prek\u0117s, su elektroniniu dovan\u0173 \u010dekiu, ne [&hellip;]","og_url":"https:\/\/ramunepiekautaite.com\/lt\/produktas\/elektroninis-dovanu-cekis\/","og_site_name":"Ramune Piekautaite Fashion House","article_publisher":"https:\/\/www.facebook.com\/ramune.piekautaite\/","article_modified_time":"2026-03-30T05:45:01+00:00","og_image":[{"width":2481,"height":3508,"url":"https:\/\/ramunepiekautaite.com\/wp-content\/uploads\/2024\/05\/Dovana_-1.png","type":"image\/png"}],"twitter_card":"summary_large_image","twitter_misc":{"Est. reading time":"1 minut\u0117"},"schema":{"@context":"https:\/\/schema.org","@graph":[{"@type":"WebPage","@id":"https:\/\/ramunepiekautaite.com\/lt\/produktas\/elektroninis-dovanu-cekis\/","url":"https:\/\/ramunepiekautaite.com\/lt\/produktas\/elektroninis-dovanu-cekis\/","name":"ELEKTRONINIS DOVAN\u0172 \u010cEKIS | Ramune Piekautaite Fashion House","isPartOf":{"@id":"https:\/\/ramunepiekautaite.com\/#website"},"primaryImageOfPage":{"@id":"https:\/\/ramunepiekautaite.com\/lt\/produktas\/elektroninis-dovanu-cekis\/#primaryimage"},"image":{"@id":"https:\/\/ramunepiekautaite.com\/lt\/produktas\/elektroninis-dovanu-cekis\/#primaryimage"},"thumbnailUrl":"https:\/\/ramunepiekautaite.com\/wp-content\/uploads\/2024\/05\/Dovana_-1.png","datePublished":"2024-05-06T10:27:33+00:00","dateModified":"2026-03-30T05:45:01+00:00","breadcrumb":{"@id":"https:\/\/ramunepiekautaite.com\/lt\/produktas\/elektroninis-dovanu-cekis\/#breadcrumb"},"inLanguage":"lt-LT","potentialAction":[{"@type":"ReadAction","target":["https:\/\/ramunepiekautaite.com\/lt\/produktas\/elektroninis-dovanu-cekis\/"]}]},{"@type":"ImageObject","inLanguage":"lt-LT","@id":"https:\/\/ramunepiekautaite.com\/lt\/produktas\/elektroninis-dovanu-cekis\/#primaryimage","url":"https:\/\/ramunepiekautaite.com\/wp-content\/uploads\/2024\/05\/Dovana_-1.png","contentUrl":"https:\/\/ramunepiekautaite.com\/wp-content\/uploads\/2024\/05\/Dovana_-1.png","width":2481,"height":3508},{"@type":"BreadcrumbList","@id":"https:\/\/ramunepiekautaite.com\/lt\/produktas\/elektroninis-dovanu-cekis\/#breadcrumb","itemListElement":[{"@type":"ListItem","position":1,"name":"Home","item":"https:\/\/ramunepiekautaite.com\/lt\/"},{"@type":"ListItem","position":2,"name":"Parduotuv\u0117","item":"https:\/\/ramunepiekautaite.com\/lt\/parduotuve\/"},{"@type":"ListItem","position":3,"name":"ELEKTRONINIS DOVAN\u0172 \u010cEKIS"}]},{"@type":"WebSite","@id":"https:\/\/ramunepiekautaite.com\/#website","url":"https:\/\/ramunepiekautaite.com\/","name":"Ramune Piekautaite | Fashion House","description":"Lithuanian fashion designer, described as romantic, sensual, reserved but luxurious, aristocratically elegant; she also dutifully presents two season collections annually","publisher":{"@id":"https:\/\/ramunepiekautaite.com\/#organization"},"alternateName":"RP Fashion House","potentialAction":[{"@type":"SearchAction","target":{"@type":"EntryPoint","urlTemplate":"https:\/\/ramunepiekautaite.com\/?s={search_term_string}"},"query-input":{"@type":"PropertyValueSpecification","valueRequired":true,"valueName":"search_term_string"}}],"inLanguage":"lt-LT"},{"@type":"Organization","@id":"https:\/\/ramunepiekautaite.com\/#organization","name":"Mados aik\u0161t\u0117","alternateName":"RP Fashion House","url":"https:\/\/ramunepiekautaite.com\/","logo":{"@type":"ImageObject","inLanguage":"lt-LT","@id":"https:\/\/ramunepiekautaite.com\/#\/schema\/logo\/image\/","url":"https:\/\/ramunepiekautaite.com\/wp-content\/uploads\/2024\/05\/RP_512x512_fav.png","contentUrl":"https:\/\/ramunepiekautaite.com\/wp-content\/uploads\/2024\/05\/RP_512x512_fav.png","width":512,"height":512,"caption":"Mados aik\u0161t\u0117"},"image":{"@id":"https:\/\/ramunepiekautaite.com\/#\/schema\/logo\/image\/"},"sameAs":["https:\/\/www.facebook.com\/ramune.piekautaite\/","https:\/\/www.instagram.com\/ramunepiekautaite\/"]}]}},"_links":{"self":[{"href":"https:\/\/ramunepiekautaite.com\/lt\/wp-json\/wp\/v2\/product\/78273","targetHints":{"allow":["GET"]}}],"collection":[{"href":"https:\/\/ramunepiekautaite.com\/lt\/wp-json\/wp\/v2\/product"}],"about":[{"href":"https:\/\/ramunepiekautaite.com\/lt\/wp-json\/wp\/v2\/types\/product"}],"wp:featuredmedia":[{"embeddable":true,"href":"https:\/\/ramunepiekautaite.com\/lt\/wp-json\/wp\/v2\/media\/72430"}],"wp:attachment":[{"href":"https:\/\/ramunepiekautaite.com\/lt\/wp-json\/wp\/v2\/media?parent=78273"}],"wp:term":[{"taxonomy":"product_brand","embeddable":true,"href":"https:\/\/ramunepiekautaite.com\/lt\/wp-json\/wp\/v2\/product_brand?post=78273"},{"taxonomy":"product_cat","embeddable":true,"href":"https:\/\/ramunepiekautaite.com\/lt\/wp-json\/wp\/v2\/product_cat?post=78273"},{"taxonomy":"product_tag","embeddable":true,"href":"https:\/\/ramunepiekautaite.com\/lt\/wp-json\/wp\/v2\/product_tag?post=78273"}],"curies":[{"name":"wp","href":"https:\/\/api.w.org\/{rel}","templated":true}]}}