{"id":78722,"date":"2024-11-29T12:24:17","date_gmt":"2024-11-29T10:24:17","guid":{"rendered":"https:\/\/ramunepiekautaite.com\/product\/asymmetric-jersey-dress-with-zippers-black\/"},"modified":"2026-05-12T05:03:56","modified_gmt":"2026-05-12T03:03:56","slug":"trikotazine-suknele-su-uztrauktukais-juoda","status":"publish","type":"product","link":"https:\/\/ramunepiekautaite.com\/lt\/produktas\/trikotazine-suknele-su-uztrauktukais-juoda\/","title":{"rendered":"TRIKOTA\u017dIN\u0116 SUKNEL\u0116 SU U\u017dTRAUKTUKAIS JUODA"},"content":{"rendered":"<p>\u0160i asimetrin\u0117 trikota\u017ein\u0117 suknel\u0117 i\u0161siskiria eleganti\u0161ku ir moderniu dizainu. U\u017etrauktukai ant peties ir \u0161ono suteikia galimyb\u0119 reguliuoti \u012fvaizd\u012f bei prideda i\u0161skirtinumo. Pagaminta i\u0161 mink\u0161to, auk\u0161tos kokyb\u0117s audinio, jis u\u017etikrina nepriekai\u0161ting\u0105 komfort\u0105 ir elegancij\u0105 bet kokiai progai.<\/p>\n","protected":false},"excerpt":{"rendered":"<p>\u0160i asimetrin\u0117 trikota\u017ein\u0117 suknel\u0117 i\u0161siskiria eleganti\u0161ku ir moderniu dizainu. U\u017etrauktukai ant peties ir \u0161ono suteikia galimyb\u0119 reguliuoti \u012fvaizd\u012f bei prideda i\u0161skirtinumo. Pagaminta i\u0161 mink\u0161to, auk\u0161tos kokyb\u0117s audinio, jis u\u017etikrina nepriekai\u0161ting\u0105 komfort\u0105 ir elegancij\u0105 bet kokiai progai.<\/p>\n","protected":false},"featured_media":77076,"template":"","meta":{"_acf_changed":false},"product_brand":[],"product_cat":[112,113,116,121],"product_tag":[],"class_list":{"0":"post-78722","1":"product","2":"type-product","3":"status-publish","4":"has-post-thumbnail","6":"product_cat-drabuziai","7":"product_cat-laisvalaikio-apranga","8":"product_cat-shop-lt","9":"product_cat-sukneles","11":"first","12":"outofstock","13":"taxable","14":"shipping-taxable","15":"product-type-variable"},"acf":[],"yoast_head":"<!-- This site is optimized with the Yoast SEO plugin v27.2 - https:\/\/yoast.com\/product\/yoast-seo-wordpress\/ -->\n<title>TRIKOTA\u017dIN\u0116 SUKNEL\u0116 SU U\u017dTRAUKTUKAIS JUODA | Ramune Piekautaite Fashion House<\/title>\n<meta name=\"robots\" content=\"index, follow, max-snippet:-1, max-image-preview:large, max-video-preview:-1\" \/>\n<link rel=\"canonical\" href=\"https:\/\/ramunepiekautaite.com\/produktas\/asymmetric-jersey-dress-with-zippers-black\/\" \/>\n<meta property=\"og:locale\" content=\"lt_LT\" \/>\n<meta property=\"og:type\" content=\"article\" \/>\n<meta property=\"og:title\" content=\"TRIKOTA\u017dIN\u0116 SUKNEL\u0116 SU U\u017dTRAUKTUKAIS JUODA | Ramune Piekautaite Fashion House\" \/>\n<meta property=\"og:description\" content=\"\u0160i asimetrin\u0117 trikota\u017ein\u0117 suknel\u0117 i\u0161siskiria eleganti\u0161ku ir moderniu dizainu. U\u017etrauktukai ant peties ir \u0161ono suteikia galimyb\u0119 reguliuoti \u012fvaizd\u012f bei prideda i\u0161skirtinumo. Pagaminta i\u0161 mink\u0161to, auk\u0161tos kokyb\u0117s audinio, jis u\u017etikrina nepriekai\u0161ting\u0105 komfort\u0105 ir elegancij\u0105 bet kokiai progai.\" \/>\n<meta property=\"og:url\" content=\"https:\/\/ramunepiekautaite.com\/produktas\/asymmetric-jersey-dress-with-zippers-black\/\" \/>\n<meta property=\"og:site_name\" content=\"Ramune Piekautaite Fashion House\" \/>\n<meta property=\"article:publisher\" content=\"https:\/\/www.facebook.com\/ramune.piekautaite\/\" \/>\n<meta property=\"article:modified_time\" content=\"2026-05-12T03:03:56+00:00\" \/>\n<meta property=\"og:image\" content=\"https:\/\/ramunepiekautaite.com\/wp-content\/uploads\/2024\/11\/24W6-88-KAIT-BLACK-PRIEKIS-scaled.jpg\" \/>\n\t<meta property=\"og:image:width\" content=\"1810\" \/>\n\t<meta property=\"og:image:height\" content=\"2560\" \/>\n\t<meta property=\"og:image:type\" content=\"image\/jpeg\" \/>\n<meta name=\"twitter:card\" content=\"summary_large_image\" \/>\n<meta name=\"twitter:label1\" content=\"Est. reading time\" \/>\n\t<meta name=\"twitter:data1\" content=\"1 minut\u0117\" \/>\n<script type=\"application\/ld+json\" class=\"yoast-schema-graph\">{\"@context\":\"https:\/\/schema.org\",\"@graph\":[{\"@type\":\"WebPage\",\"@id\":\"https:\/\/ramunepiekautaite.com\/produktas\/asymmetric-jersey-dress-with-zippers-black\/\",\"url\":\"https:\/\/ramunepiekautaite.com\/produktas\/asymmetric-jersey-dress-with-zippers-black\/\",\"name\":\"TRIKOTA\u017dIN\u0116 SUKNEL\u0116 SU U\u017dTRAUKTUKAIS JUODA | Ramune Piekautaite Fashion House\",\"isPartOf\":{\"@id\":\"https:\/\/ramunepiekautaite.com\/#website\"},\"primaryImageOfPage\":{\"@id\":\"https:\/\/ramunepiekautaite.com\/produktas\/asymmetric-jersey-dress-with-zippers-black\/#primaryimage\"},\"image\":{\"@id\":\"https:\/\/ramunepiekautaite.com\/produktas\/asymmetric-jersey-dress-with-zippers-black\/#primaryimage\"},\"thumbnailUrl\":\"https:\/\/ramunepiekautaite.com\/wp-content\/uploads\/2024\/11\/24W6-88-KAIT-BLACK-PRIEKIS-scaled.jpg\",\"datePublished\":\"2024-11-29T10:24:17+00:00\",\"dateModified\":\"2026-05-12T03:03:56+00:00\",\"breadcrumb\":{\"@id\":\"https:\/\/ramunepiekautaite.com\/produktas\/asymmetric-jersey-dress-with-zippers-black\/#breadcrumb\"},\"inLanguage\":\"lt-LT\",\"potentialAction\":[{\"@type\":\"ReadAction\",\"target\":[\"https:\/\/ramunepiekautaite.com\/produktas\/asymmetric-jersey-dress-with-zippers-black\/\"]}]},{\"@type\":\"ImageObject\",\"inLanguage\":\"lt-LT\",\"@id\":\"https:\/\/ramunepiekautaite.com\/produktas\/asymmetric-jersey-dress-with-zippers-black\/#primaryimage\",\"url\":\"https:\/\/ramunepiekautaite.com\/wp-content\/uploads\/2024\/11\/24W6-88-KAIT-BLACK-PRIEKIS-scaled.jpg\",\"contentUrl\":\"https:\/\/ramunepiekautaite.com\/wp-content\/uploads\/2024\/11\/24W6-88-KAIT-BLACK-PRIEKIS-scaled.jpg\",\"width\":1810,\"height\":2560},{\"@type\":\"BreadcrumbList\",\"@id\":\"https:\/\/ramunepiekautaite.com\/produktas\/asymmetric-jersey-dress-with-zippers-black\/#breadcrumb\",\"itemListElement\":[{\"@type\":\"ListItem\",\"position\":1,\"name\":\"Home\",\"item\":\"https:\/\/ramunepiekautaite.com\/lt\/\"},{\"@type\":\"ListItem\",\"position\":2,\"name\":\"Parduotuv\u0117\",\"item\":\"https:\/\/ramunepiekautaite.com\/lt\/parduotuve\/\"},{\"@type\":\"ListItem\",\"position\":3,\"name\":\"TRIKOTA\u017dIN\u0116 SUKNEL\u0116 SU U\u017dTRAUKTUKAIS JUODA\"}]},{\"@type\":\"WebSite\",\"@id\":\"https:\/\/ramunepiekautaite.com\/#website\",\"url\":\"https:\/\/ramunepiekautaite.com\/\",\"name\":\"Ramune Piekautaite | Fashion House\",\"description\":\"Lithuanian fashion designer, described as romantic, sensual, reserved but luxurious, aristocratically elegant; she also dutifully presents two season collections annually\",\"publisher\":{\"@id\":\"https:\/\/ramunepiekautaite.com\/#organization\"},\"alternateName\":\"RP Fashion House\",\"potentialAction\":[{\"@type\":\"SearchAction\",\"target\":{\"@type\":\"EntryPoint\",\"urlTemplate\":\"https:\/\/ramunepiekautaite.com\/?s={search_term_string}\"},\"query-input\":{\"@type\":\"PropertyValueSpecification\",\"valueRequired\":true,\"valueName\":\"search_term_string\"}}],\"inLanguage\":\"lt-LT\"},{\"@type\":\"Organization\",\"@id\":\"https:\/\/ramunepiekautaite.com\/#organization\",\"name\":\"Mados aik\u0161t\u0117\",\"alternateName\":\"RP Fashion House\",\"url\":\"https:\/\/ramunepiekautaite.com\/\",\"logo\":{\"@type\":\"ImageObject\",\"inLanguage\":\"lt-LT\",\"@id\":\"https:\/\/ramunepiekautaite.com\/#\/schema\/logo\/image\/\",\"url\":\"https:\/\/ramunepiekautaite.com\/wp-content\/uploads\/2024\/05\/RP_512x512_fav.png\",\"contentUrl\":\"https:\/\/ramunepiekautaite.com\/wp-content\/uploads\/2024\/05\/RP_512x512_fav.png\",\"width\":512,\"height\":512,\"caption\":\"Mados aik\u0161t\u0117\"},\"image\":{\"@id\":\"https:\/\/ramunepiekautaite.com\/#\/schema\/logo\/image\/\"},\"sameAs\":[\"https:\/\/www.facebook.com\/ramune.piekautaite\/\",\"https:\/\/www.instagram.com\/ramunepiekautaite\/\"]}]}<\/script>\n<!-- \/ Yoast SEO plugin. -->","yoast_head_json":{"title":"TRIKOTA\u017dIN\u0116 SUKNEL\u0116 SU U\u017dTRAUKTUKAIS JUODA | Ramune Piekautaite Fashion House","robots":{"index":"index","follow":"follow","max-snippet":"max-snippet:-1","max-image-preview":"max-image-preview:large","max-video-preview":"max-video-preview:-1"},"canonical":"https:\/\/ramunepiekautaite.com\/produktas\/asymmetric-jersey-dress-with-zippers-black\/","og_locale":"lt_LT","og_type":"article","og_title":"TRIKOTA\u017dIN\u0116 SUKNEL\u0116 SU U\u017dTRAUKTUKAIS JUODA | Ramune Piekautaite Fashion House","og_description":"\u0160i asimetrin\u0117 trikota\u017ein\u0117 suknel\u0117 i\u0161siskiria eleganti\u0161ku ir moderniu dizainu. U\u017etrauktukai ant peties ir \u0161ono suteikia galimyb\u0119 reguliuoti \u012fvaizd\u012f bei prideda i\u0161skirtinumo. Pagaminta i\u0161 mink\u0161to, auk\u0161tos kokyb\u0117s audinio, jis u\u017etikrina nepriekai\u0161ting\u0105 komfort\u0105 ir elegancij\u0105 bet kokiai progai.","og_url":"https:\/\/ramunepiekautaite.com\/produktas\/asymmetric-jersey-dress-with-zippers-black\/","og_site_name":"Ramune Piekautaite Fashion House","article_publisher":"https:\/\/www.facebook.com\/ramune.piekautaite\/","article_modified_time":"2026-05-12T03:03:56+00:00","og_image":[{"width":1810,"height":2560,"url":"https:\/\/ramunepiekautaite.com\/wp-content\/uploads\/2024\/11\/24W6-88-KAIT-BLACK-PRIEKIS-scaled.jpg","type":"image\/jpeg"}],"twitter_card":"summary_large_image","twitter_misc":{"Est. reading time":"1 minut\u0117"},"schema":{"@context":"https:\/\/schema.org","@graph":[{"@type":"WebPage","@id":"https:\/\/ramunepiekautaite.com\/produktas\/asymmetric-jersey-dress-with-zippers-black\/","url":"https:\/\/ramunepiekautaite.com\/produktas\/asymmetric-jersey-dress-with-zippers-black\/","name":"TRIKOTA\u017dIN\u0116 SUKNEL\u0116 SU U\u017dTRAUKTUKAIS JUODA | Ramune Piekautaite Fashion House","isPartOf":{"@id":"https:\/\/ramunepiekautaite.com\/#website"},"primaryImageOfPage":{"@id":"https:\/\/ramunepiekautaite.com\/produktas\/asymmetric-jersey-dress-with-zippers-black\/#primaryimage"},"image":{"@id":"https:\/\/ramunepiekautaite.com\/produktas\/asymmetric-jersey-dress-with-zippers-black\/#primaryimage"},"thumbnailUrl":"https:\/\/ramunepiekautaite.com\/wp-content\/uploads\/2024\/11\/24W6-88-KAIT-BLACK-PRIEKIS-scaled.jpg","datePublished":"2024-11-29T10:24:17+00:00","dateModified":"2026-05-12T03:03:56+00:00","breadcrumb":{"@id":"https:\/\/ramunepiekautaite.com\/produktas\/asymmetric-jersey-dress-with-zippers-black\/#breadcrumb"},"inLanguage":"lt-LT","potentialAction":[{"@type":"ReadAction","target":["https:\/\/ramunepiekautaite.com\/produktas\/asymmetric-jersey-dress-with-zippers-black\/"]}]},{"@type":"ImageObject","inLanguage":"lt-LT","@id":"https:\/\/ramunepiekautaite.com\/produktas\/asymmetric-jersey-dress-with-zippers-black\/#primaryimage","url":"https:\/\/ramunepiekautaite.com\/wp-content\/uploads\/2024\/11\/24W6-88-KAIT-BLACK-PRIEKIS-scaled.jpg","contentUrl":"https:\/\/ramunepiekautaite.com\/wp-content\/uploads\/2024\/11\/24W6-88-KAIT-BLACK-PRIEKIS-scaled.jpg","width":1810,"height":2560},{"@type":"BreadcrumbList","@id":"https:\/\/ramunepiekautaite.com\/produktas\/asymmetric-jersey-dress-with-zippers-black\/#breadcrumb","itemListElement":[{"@type":"ListItem","position":1,"name":"Home","item":"https:\/\/ramunepiekautaite.com\/lt\/"},{"@type":"ListItem","position":2,"name":"Parduotuv\u0117","item":"https:\/\/ramunepiekautaite.com\/lt\/parduotuve\/"},{"@type":"ListItem","position":3,"name":"TRIKOTA\u017dIN\u0116 SUKNEL\u0116 SU U\u017dTRAUKTUKAIS JUODA"}]},{"@type":"WebSite","@id":"https:\/\/ramunepiekautaite.com\/#website","url":"https:\/\/ramunepiekautaite.com\/","name":"Ramune Piekautaite | Fashion House","description":"Lithuanian fashion designer, described as romantic, sensual, reserved but luxurious, aristocratically elegant; she also dutifully presents two season collections annually","publisher":{"@id":"https:\/\/ramunepiekautaite.com\/#organization"},"alternateName":"RP Fashion House","potentialAction":[{"@type":"SearchAction","target":{"@type":"EntryPoint","urlTemplate":"https:\/\/ramunepiekautaite.com\/?s={search_term_string}"},"query-input":{"@type":"PropertyValueSpecification","valueRequired":true,"valueName":"search_term_string"}}],"inLanguage":"lt-LT"},{"@type":"Organization","@id":"https:\/\/ramunepiekautaite.com\/#organization","name":"Mados aik\u0161t\u0117","alternateName":"RP Fashion House","url":"https:\/\/ramunepiekautaite.com\/","logo":{"@type":"ImageObject","inLanguage":"lt-LT","@id":"https:\/\/ramunepiekautaite.com\/#\/schema\/logo\/image\/","url":"https:\/\/ramunepiekautaite.com\/wp-content\/uploads\/2024\/05\/RP_512x512_fav.png","contentUrl":"https:\/\/ramunepiekautaite.com\/wp-content\/uploads\/2024\/05\/RP_512x512_fav.png","width":512,"height":512,"caption":"Mados aik\u0161t\u0117"},"image":{"@id":"https:\/\/ramunepiekautaite.com\/#\/schema\/logo\/image\/"},"sameAs":["https:\/\/www.facebook.com\/ramune.piekautaite\/","https:\/\/www.instagram.com\/ramunepiekautaite\/"]}]}},"_links":{"self":[{"href":"https:\/\/ramunepiekautaite.com\/lt\/wp-json\/wp\/v2\/product\/78722","targetHints":{"allow":["GET"]}}],"collection":[{"href":"https:\/\/ramunepiekautaite.com\/lt\/wp-json\/wp\/v2\/product"}],"about":[{"href":"https:\/\/ramunepiekautaite.com\/lt\/wp-json\/wp\/v2\/types\/product"}],"wp:featuredmedia":[{"embeddable":true,"href":"https:\/\/ramunepiekautaite.com\/lt\/wp-json\/wp\/v2\/media\/77076"}],"wp:attachment":[{"href":"https:\/\/ramunepiekautaite.com\/lt\/wp-json\/wp\/v2\/media?parent=78722"}],"wp:term":[{"taxonomy":"product_brand","embeddable":true,"href":"https:\/\/ramunepiekautaite.com\/lt\/wp-json\/wp\/v2\/product_brand?post=78722"},{"taxonomy":"product_cat","embeddable":true,"href":"https:\/\/ramunepiekautaite.com\/lt\/wp-json\/wp\/v2\/product_cat?post=78722"},{"taxonomy":"product_tag","embeddable":true,"href":"https:\/\/ramunepiekautaite.com\/lt\/wp-json\/wp\/v2\/product_tag?post=78722"}],"curies":[{"name":"wp","href":"https:\/\/api.w.org\/{rel}","templated":true}]}}