{"id":78780,"date":"2024-11-23T23:39:06","date_gmt":"2024-11-23T21:39:06","guid":{"rendered":"https:\/\/ramunepiekautaite.com\/product\/wool-turtleneck-slim-fit-sweater-vanilla\/"},"modified":"2026-04-28T03:33:58","modified_gmt":"2026-04-28T01:33:58","slug":"prigludes-megztinis-aukstu-kaklu-vanilinis","status":"publish","type":"product","link":"https:\/\/ramunepiekautaite.com\/lt\/produktas\/prigludes-megztinis-aukstu-kaklu-vanilinis\/","title":{"rendered":"PRIGLUD\u0118S MEGZTINIS AUK\u0160TU KAKLU VANILINIS"},"content":{"rendered":"<p>\u0160is vanilin\u0117s spalvos golfas pasi\u017eymi \u012fmantriu geometriniu ra\u0161tu, kuris driekiasi per priek\u012f, rankoves ir auk\u0161t\u0105 apykakl\u0119, suteikdamas modern\u0173 ir stiling\u0105 \u012fvaizd\u012f. Pagamintas i\u0161 auk\u0161\u010diausios kokyb\u0117s vilnos, jis suteikia \u0161ilum\u0105 ir prabang\u0105, puikiai tinkan\u010di\u0105 pagerinti j\u016bs\u0173 garderob\u0105 su auk\u0161\u010diausiu komfortu.<\/p>\n","protected":false},"excerpt":{"rendered":"<p>\u0160is vanilin\u0117s spalvos golfas pasi\u017eymi \u012fmantriu geometriniu ra\u0161tu, kuris driekiasi per priek\u012f, rankoves ir auk\u0161t\u0105 apykakl\u0119, suteikdamas modern\u0173 ir stiling\u0105 \u012fvaizd\u012f. Pagamintas i\u0161 auk\u0161\u010diausios kokyb\u0117s vilnos, jis suteikia \u0161ilum\u0105 ir prabang\u0105, puikiai tinkan\u010di\u0105 pagerinti j\u016bs\u0173 garderob\u0105 su auk\u0161\u010diausiu komfortu.<\/p>\n","protected":false},"featured_media":76816,"template":"","meta":{"_acf_changed":false},"product_brand":[],"product_cat":[126,135,131,128],"product_tag":[],"class_list":{"0":"post-78780","1":"product","2":"type-product","3":"status-publish","4":"has-post-thumbnail","6":"product_cat-drabuziai-sale-lt","7":"product_cat-laisvalaikio-apranga-sale-lt","8":"product_cat-megzti-drabuziai-sale-lt","9":"product_cat-sale-lt","11":"first","12":"instock","13":"sale","14":"taxable","15":"shipping-taxable","16":"purchasable","17":"product-type-variable"},"acf":[],"yoast_head":"<!-- This site is optimized with the Yoast SEO plugin v27.2 - https:\/\/yoast.com\/product\/yoast-seo-wordpress\/ -->\n<title>PRIGLUD\u0118S MEGZTINIS AUK\u0160TU KAKLU VANILINIS | Ramune Piekautaite Fashion House<\/title>\n<meta name=\"robots\" content=\"index, follow, max-snippet:-1, max-image-preview:large, max-video-preview:-1\" \/>\n<link rel=\"canonical\" href=\"https:\/\/ramunepiekautaite.com\/lt\/produktas\/prigludes-megztinis-aukstu-kaklu-vanilinis\/\" \/>\n<meta property=\"og:locale\" content=\"lt_LT\" \/>\n<meta property=\"og:type\" content=\"article\" \/>\n<meta property=\"og:title\" content=\"PRIGLUD\u0118S MEGZTINIS AUK\u0160TU KAKLU VANILINIS | Ramune Piekautaite Fashion House\" \/>\n<meta property=\"og:description\" content=\"\u0160is vanilin\u0117s spalvos golfas pasi\u017eymi \u012fmantriu geometriniu ra\u0161tu, kuris driekiasi per priek\u012f, rankoves ir auk\u0161t\u0105 apykakl\u0119, suteikdamas modern\u0173 ir stiling\u0105 \u012fvaizd\u012f. Pagamintas i\u0161 auk\u0161\u010diausios kokyb\u0117s vilnos, jis suteikia \u0161ilum\u0105 ir prabang\u0105, puikiai tinkan\u010di\u0105 pagerinti j\u016bs\u0173 garderob\u0105 su auk\u0161\u010diausiu komfortu.\" \/>\n<meta property=\"og:url\" content=\"https:\/\/ramunepiekautaite.com\/lt\/produktas\/prigludes-megztinis-aukstu-kaklu-vanilinis\/\" \/>\n<meta property=\"og:site_name\" content=\"Ramune Piekautaite Fashion House\" \/>\n<meta property=\"article:publisher\" content=\"https:\/\/www.facebook.com\/ramune.piekautaite\/\" \/>\n<meta property=\"article:modified_time\" content=\"2026-04-28T01:33:58+00:00\" \/>\n<meta property=\"og:image\" content=\"https:\/\/ramunepiekautaite.com\/wp-content\/uploads\/2024\/11\/24LW5-1-BESTWOOLVANL-PRIEKIS-scaled.jpg\" \/>\n\t<meta property=\"og:image:width\" content=\"1810\" \/>\n\t<meta property=\"og:image:height\" content=\"2560\" \/>\n\t<meta property=\"og:image:type\" content=\"image\/jpeg\" \/>\n<meta name=\"twitter:card\" content=\"summary_large_image\" \/>\n<meta name=\"twitter:label1\" content=\"Est. reading time\" \/>\n\t<meta name=\"twitter:data1\" content=\"1 minut\u0117\" \/>\n<script type=\"application\/ld+json\" class=\"yoast-schema-graph\">{\"@context\":\"https:\/\/schema.org\",\"@graph\":[{\"@type\":\"WebPage\",\"@id\":\"https:\/\/ramunepiekautaite.com\/lt\/produktas\/prigludes-megztinis-aukstu-kaklu-vanilinis\/\",\"url\":\"https:\/\/ramunepiekautaite.com\/lt\/produktas\/prigludes-megztinis-aukstu-kaklu-vanilinis\/\",\"name\":\"PRIGLUD\u0118S MEGZTINIS AUK\u0160TU KAKLU VANILINIS | Ramune Piekautaite Fashion House\",\"isPartOf\":{\"@id\":\"https:\/\/ramunepiekautaite.com\/#website\"},\"primaryImageOfPage\":{\"@id\":\"https:\/\/ramunepiekautaite.com\/lt\/produktas\/prigludes-megztinis-aukstu-kaklu-vanilinis\/#primaryimage\"},\"image\":{\"@id\":\"https:\/\/ramunepiekautaite.com\/lt\/produktas\/prigludes-megztinis-aukstu-kaklu-vanilinis\/#primaryimage\"},\"thumbnailUrl\":\"https:\/\/ramunepiekautaite.com\/wp-content\/uploads\/2024\/11\/24LW5-1-BESTWOOLVANL-PRIEKIS-scaled.jpg\",\"datePublished\":\"2024-11-23T21:39:06+00:00\",\"dateModified\":\"2026-04-28T01:33:58+00:00\",\"breadcrumb\":{\"@id\":\"https:\/\/ramunepiekautaite.com\/lt\/produktas\/prigludes-megztinis-aukstu-kaklu-vanilinis\/#breadcrumb\"},\"inLanguage\":\"lt-LT\",\"potentialAction\":[{\"@type\":\"ReadAction\",\"target\":[\"https:\/\/ramunepiekautaite.com\/lt\/produktas\/prigludes-megztinis-aukstu-kaklu-vanilinis\/\"]}]},{\"@type\":\"ImageObject\",\"inLanguage\":\"lt-LT\",\"@id\":\"https:\/\/ramunepiekautaite.com\/lt\/produktas\/prigludes-megztinis-aukstu-kaklu-vanilinis\/#primaryimage\",\"url\":\"https:\/\/ramunepiekautaite.com\/wp-content\/uploads\/2024\/11\/24LW5-1-BESTWOOLVANL-PRIEKIS-scaled.jpg\",\"contentUrl\":\"https:\/\/ramunepiekautaite.com\/wp-content\/uploads\/2024\/11\/24LW5-1-BESTWOOLVANL-PRIEKIS-scaled.jpg\",\"width\":1810,\"height\":2560},{\"@type\":\"BreadcrumbList\",\"@id\":\"https:\/\/ramunepiekautaite.com\/lt\/produktas\/prigludes-megztinis-aukstu-kaklu-vanilinis\/#breadcrumb\",\"itemListElement\":[{\"@type\":\"ListItem\",\"position\":1,\"name\":\"Home\",\"item\":\"https:\/\/ramunepiekautaite.com\/lt\/\"},{\"@type\":\"ListItem\",\"position\":2,\"name\":\"Parduotuv\u0117\",\"item\":\"https:\/\/ramunepiekautaite.com\/lt\/parduotuve\/\"},{\"@type\":\"ListItem\",\"position\":3,\"name\":\"PRIGLUD\u0118S MEGZTINIS AUK\u0160TU KAKLU VANILINIS\"}]},{\"@type\":\"WebSite\",\"@id\":\"https:\/\/ramunepiekautaite.com\/#website\",\"url\":\"https:\/\/ramunepiekautaite.com\/\",\"name\":\"Ramune Piekautaite | Fashion House\",\"description\":\"Lithuanian fashion designer, described as romantic, sensual, reserved but luxurious, aristocratically elegant; she also dutifully presents two season collections annually\",\"publisher\":{\"@id\":\"https:\/\/ramunepiekautaite.com\/#organization\"},\"alternateName\":\"RP Fashion House\",\"potentialAction\":[{\"@type\":\"SearchAction\",\"target\":{\"@type\":\"EntryPoint\",\"urlTemplate\":\"https:\/\/ramunepiekautaite.com\/?s={search_term_string}\"},\"query-input\":{\"@type\":\"PropertyValueSpecification\",\"valueRequired\":true,\"valueName\":\"search_term_string\"}}],\"inLanguage\":\"lt-LT\"},{\"@type\":\"Organization\",\"@id\":\"https:\/\/ramunepiekautaite.com\/#organization\",\"name\":\"Mados aik\u0161t\u0117\",\"alternateName\":\"RP Fashion House\",\"url\":\"https:\/\/ramunepiekautaite.com\/\",\"logo\":{\"@type\":\"ImageObject\",\"inLanguage\":\"lt-LT\",\"@id\":\"https:\/\/ramunepiekautaite.com\/#\/schema\/logo\/image\/\",\"url\":\"https:\/\/ramunepiekautaite.com\/wp-content\/uploads\/2024\/05\/RP_512x512_fav.png\",\"contentUrl\":\"https:\/\/ramunepiekautaite.com\/wp-content\/uploads\/2024\/05\/RP_512x512_fav.png\",\"width\":512,\"height\":512,\"caption\":\"Mados aik\u0161t\u0117\"},\"image\":{\"@id\":\"https:\/\/ramunepiekautaite.com\/#\/schema\/logo\/image\/\"},\"sameAs\":[\"https:\/\/www.facebook.com\/ramune.piekautaite\/\",\"https:\/\/www.instagram.com\/ramunepiekautaite\/\"]}]}<\/script>\n<!-- \/ Yoast SEO plugin. -->","yoast_head_json":{"title":"PRIGLUD\u0118S MEGZTINIS AUK\u0160TU KAKLU VANILINIS | Ramune Piekautaite Fashion House","robots":{"index":"index","follow":"follow","max-snippet":"max-snippet:-1","max-image-preview":"max-image-preview:large","max-video-preview":"max-video-preview:-1"},"canonical":"https:\/\/ramunepiekautaite.com\/lt\/produktas\/prigludes-megztinis-aukstu-kaklu-vanilinis\/","og_locale":"lt_LT","og_type":"article","og_title":"PRIGLUD\u0118S MEGZTINIS AUK\u0160TU KAKLU VANILINIS | Ramune Piekautaite Fashion House","og_description":"\u0160is vanilin\u0117s spalvos golfas pasi\u017eymi \u012fmantriu geometriniu ra\u0161tu, kuris driekiasi per priek\u012f, rankoves ir auk\u0161t\u0105 apykakl\u0119, suteikdamas modern\u0173 ir stiling\u0105 \u012fvaizd\u012f. Pagamintas i\u0161 auk\u0161\u010diausios kokyb\u0117s vilnos, jis suteikia \u0161ilum\u0105 ir prabang\u0105, puikiai tinkan\u010di\u0105 pagerinti j\u016bs\u0173 garderob\u0105 su auk\u0161\u010diausiu komfortu.","og_url":"https:\/\/ramunepiekautaite.com\/lt\/produktas\/prigludes-megztinis-aukstu-kaklu-vanilinis\/","og_site_name":"Ramune Piekautaite Fashion House","article_publisher":"https:\/\/www.facebook.com\/ramune.piekautaite\/","article_modified_time":"2026-04-28T01:33:58+00:00","og_image":[{"width":1810,"height":2560,"url":"https:\/\/ramunepiekautaite.com\/wp-content\/uploads\/2024\/11\/24LW5-1-BESTWOOLVANL-PRIEKIS-scaled.jpg","type":"image\/jpeg"}],"twitter_card":"summary_large_image","twitter_misc":{"Est. reading time":"1 minut\u0117"},"schema":{"@context":"https:\/\/schema.org","@graph":[{"@type":"WebPage","@id":"https:\/\/ramunepiekautaite.com\/lt\/produktas\/prigludes-megztinis-aukstu-kaklu-vanilinis\/","url":"https:\/\/ramunepiekautaite.com\/lt\/produktas\/prigludes-megztinis-aukstu-kaklu-vanilinis\/","name":"PRIGLUD\u0118S MEGZTINIS AUK\u0160TU KAKLU VANILINIS | Ramune Piekautaite Fashion House","isPartOf":{"@id":"https:\/\/ramunepiekautaite.com\/#website"},"primaryImageOfPage":{"@id":"https:\/\/ramunepiekautaite.com\/lt\/produktas\/prigludes-megztinis-aukstu-kaklu-vanilinis\/#primaryimage"},"image":{"@id":"https:\/\/ramunepiekautaite.com\/lt\/produktas\/prigludes-megztinis-aukstu-kaklu-vanilinis\/#primaryimage"},"thumbnailUrl":"https:\/\/ramunepiekautaite.com\/wp-content\/uploads\/2024\/11\/24LW5-1-BESTWOOLVANL-PRIEKIS-scaled.jpg","datePublished":"2024-11-23T21:39:06+00:00","dateModified":"2026-04-28T01:33:58+00:00","breadcrumb":{"@id":"https:\/\/ramunepiekautaite.com\/lt\/produktas\/prigludes-megztinis-aukstu-kaklu-vanilinis\/#breadcrumb"},"inLanguage":"lt-LT","potentialAction":[{"@type":"ReadAction","target":["https:\/\/ramunepiekautaite.com\/lt\/produktas\/prigludes-megztinis-aukstu-kaklu-vanilinis\/"]}]},{"@type":"ImageObject","inLanguage":"lt-LT","@id":"https:\/\/ramunepiekautaite.com\/lt\/produktas\/prigludes-megztinis-aukstu-kaklu-vanilinis\/#primaryimage","url":"https:\/\/ramunepiekautaite.com\/wp-content\/uploads\/2024\/11\/24LW5-1-BESTWOOLVANL-PRIEKIS-scaled.jpg","contentUrl":"https:\/\/ramunepiekautaite.com\/wp-content\/uploads\/2024\/11\/24LW5-1-BESTWOOLVANL-PRIEKIS-scaled.jpg","width":1810,"height":2560},{"@type":"BreadcrumbList","@id":"https:\/\/ramunepiekautaite.com\/lt\/produktas\/prigludes-megztinis-aukstu-kaklu-vanilinis\/#breadcrumb","itemListElement":[{"@type":"ListItem","position":1,"name":"Home","item":"https:\/\/ramunepiekautaite.com\/lt\/"},{"@type":"ListItem","position":2,"name":"Parduotuv\u0117","item":"https:\/\/ramunepiekautaite.com\/lt\/parduotuve\/"},{"@type":"ListItem","position":3,"name":"PRIGLUD\u0118S MEGZTINIS AUK\u0160TU KAKLU VANILINIS"}]},{"@type":"WebSite","@id":"https:\/\/ramunepiekautaite.com\/#website","url":"https:\/\/ramunepiekautaite.com\/","name":"Ramune Piekautaite | Fashion House","description":"Lithuanian fashion designer, described as romantic, sensual, reserved but luxurious, aristocratically elegant; she also dutifully presents two season collections annually","publisher":{"@id":"https:\/\/ramunepiekautaite.com\/#organization"},"alternateName":"RP Fashion House","potentialAction":[{"@type":"SearchAction","target":{"@type":"EntryPoint","urlTemplate":"https:\/\/ramunepiekautaite.com\/?s={search_term_string}"},"query-input":{"@type":"PropertyValueSpecification","valueRequired":true,"valueName":"search_term_string"}}],"inLanguage":"lt-LT"},{"@type":"Organization","@id":"https:\/\/ramunepiekautaite.com\/#organization","name":"Mados aik\u0161t\u0117","alternateName":"RP Fashion House","url":"https:\/\/ramunepiekautaite.com\/","logo":{"@type":"ImageObject","inLanguage":"lt-LT","@id":"https:\/\/ramunepiekautaite.com\/#\/schema\/logo\/image\/","url":"https:\/\/ramunepiekautaite.com\/wp-content\/uploads\/2024\/05\/RP_512x512_fav.png","contentUrl":"https:\/\/ramunepiekautaite.com\/wp-content\/uploads\/2024\/05\/RP_512x512_fav.png","width":512,"height":512,"caption":"Mados aik\u0161t\u0117"},"image":{"@id":"https:\/\/ramunepiekautaite.com\/#\/schema\/logo\/image\/"},"sameAs":["https:\/\/www.facebook.com\/ramune.piekautaite\/","https:\/\/www.instagram.com\/ramunepiekautaite\/"]}]}},"_links":{"self":[{"href":"https:\/\/ramunepiekautaite.com\/lt\/wp-json\/wp\/v2\/product\/78780","targetHints":{"allow":["GET"]}}],"collection":[{"href":"https:\/\/ramunepiekautaite.com\/lt\/wp-json\/wp\/v2\/product"}],"about":[{"href":"https:\/\/ramunepiekautaite.com\/lt\/wp-json\/wp\/v2\/types\/product"}],"wp:featuredmedia":[{"embeddable":true,"href":"https:\/\/ramunepiekautaite.com\/lt\/wp-json\/wp\/v2\/media\/76816"}],"wp:attachment":[{"href":"https:\/\/ramunepiekautaite.com\/lt\/wp-json\/wp\/v2\/media?parent=78780"}],"wp:term":[{"taxonomy":"product_brand","embeddable":true,"href":"https:\/\/ramunepiekautaite.com\/lt\/wp-json\/wp\/v2\/product_brand?post=78780"},{"taxonomy":"product_cat","embeddable":true,"href":"https:\/\/ramunepiekautaite.com\/lt\/wp-json\/wp\/v2\/product_cat?post=78780"},{"taxonomy":"product_tag","embeddable":true,"href":"https:\/\/ramunepiekautaite.com\/lt\/wp-json\/wp\/v2\/product_tag?post=78780"}],"curies":[{"name":"wp","href":"https:\/\/api.w.org\/{rel}","templated":true}]}}