{"id":79882,"date":"2024-07-26T14:12:04","date_gmt":"2024-07-26T12:12:04","guid":{"rendered":"https:\/\/ramunepiekautaite.com\/product\/crew-neck-sweatshirt-washed-blue\/"},"modified":"2026-04-27T07:46:08","modified_gmt":"2026-04-27T05:46:08","slug":"laisvalaikio-trenigas-lenkta-iskirpte-zydras","status":"publish","type":"product","link":"https:\/\/ramunepiekautaite.com\/lt\/produktas\/laisvalaikio-trenigas-lenkta-iskirpte-zydras\/","title":{"rendered":"LAISVALAIKIO TRENIGAS LENKTA I\u0160KIRPTE \u017dYDRAS"},"content":{"rendered":"<p>\u0160iame \u017eydros spalvos trenige dera patogumas ir stilius, audinys u\u017etikrina mink\u0161t\u0105 ir patvar\u0173 d\u0117v\u0117jim\u0105. Puikiai tinka bet kokiai laisvalaikio progai, jo minimalistinis dizainas ir subtilus, siuvin\u0117tas logotipas, suteikia j\u016bs\u0173 kasdieniniam \u012fvaizd\u017eiui rafinuotumo.<\/p>\n","protected":false},"excerpt":{"rendered":"<p>\u0160iame \u017eydros spalvos trenige dera patogumas ir stilius, audinys u\u017etikrina mink\u0161t\u0105 ir patvar\u0173 d\u0117v\u0117jim\u0105. Puikiai tinka bet kokiai laisvalaikio progai, jo minimalistinis dizainas ir subtilus, siuvin\u0117tas logotipas, suteikia j\u016bs\u0173 kasdieniniam \u012fvaizd\u017eiui rafinuotumo.<\/p>\n","protected":false},"featured_media":73011,"template":"","meta":{"_acf_changed":false},"product_brand":[],"product_cat":[126,135,128],"product_tag":[],"class_list":{"0":"post-79882","1":"product","2":"type-product","3":"status-publish","4":"has-post-thumbnail","6":"product_cat-drabuziai-sale-lt","7":"product_cat-laisvalaikio-apranga-sale-lt","8":"product_cat-sale-lt","10":"first","11":"outofstock","12":"taxable","13":"shipping-taxable","14":"product-type-variable"},"acf":[],"yoast_head":"<!-- This site is optimized with the Yoast SEO plugin v27.2 - https:\/\/yoast.com\/product\/yoast-seo-wordpress\/ -->\n<title>LAISVALAIKIO TRENIGAS LENKTA I\u0160KIRPTE \u017dYDRAS | Ramune Piekautaite Fashion House<\/title>\n<meta name=\"robots\" content=\"index, follow, max-snippet:-1, max-image-preview:large, max-video-preview:-1\" \/>\n<link rel=\"canonical\" href=\"https:\/\/ramunepiekautaite.com\/produktas\/crew-neck-sweatshirt-washed-blue\/\" \/>\n<meta property=\"og:locale\" content=\"lt_LT\" \/>\n<meta property=\"og:type\" content=\"article\" \/>\n<meta property=\"og:title\" content=\"LAISVALAIKIO TRENIGAS LENKTA I\u0160KIRPTE \u017dYDRAS | Ramune Piekautaite Fashion House\" \/>\n<meta property=\"og:description\" content=\"\u0160iame \u017eydros spalvos trenige dera patogumas ir stilius, audinys u\u017etikrina mink\u0161t\u0105 ir patvar\u0173 d\u0117v\u0117jim\u0105. Puikiai tinka bet kokiai laisvalaikio progai, jo minimalistinis dizainas ir subtilus, siuvin\u0117tas logotipas, suteikia j\u016bs\u0173 kasdieniniam \u012fvaizd\u017eiui rafinuotumo.\" \/>\n<meta property=\"og:url\" content=\"https:\/\/ramunepiekautaite.com\/produktas\/crew-neck-sweatshirt-washed-blue\/\" \/>\n<meta property=\"og:site_name\" content=\"Ramune Piekautaite Fashion House\" \/>\n<meta property=\"article:publisher\" content=\"https:\/\/www.facebook.com\/ramune.piekautaite\/\" \/>\n<meta property=\"article:modified_time\" content=\"2026-04-27T05:46:08+00:00\" \/>\n<meta property=\"og:image\" content=\"https:\/\/ramunepiekautaite.com\/wp-content\/uploads\/2024\/07\/24LW4-1-BEAUTYWASHBLUE-PRIEKIS-scaled.jpg\" \/>\n\t<meta property=\"og:image:width\" content=\"1810\" \/>\n\t<meta property=\"og:image:height\" content=\"2560\" \/>\n\t<meta property=\"og:image:type\" content=\"image\/jpeg\" \/>\n<meta name=\"twitter:card\" content=\"summary_large_image\" \/>\n<meta name=\"twitter:label1\" content=\"Est. reading time\" \/>\n\t<meta name=\"twitter:data1\" content=\"1 minut\u0117\" \/>\n<script type=\"application\/ld+json\" class=\"yoast-schema-graph\">{\"@context\":\"https:\/\/schema.org\",\"@graph\":[{\"@type\":\"WebPage\",\"@id\":\"https:\/\/ramunepiekautaite.com\/produktas\/crew-neck-sweatshirt-washed-blue\/\",\"url\":\"https:\/\/ramunepiekautaite.com\/produktas\/crew-neck-sweatshirt-washed-blue\/\",\"name\":\"LAISVALAIKIO TRENIGAS LENKTA I\u0160KIRPTE \u017dYDRAS | Ramune Piekautaite Fashion House\",\"isPartOf\":{\"@id\":\"https:\/\/ramunepiekautaite.com\/#website\"},\"primaryImageOfPage\":{\"@id\":\"https:\/\/ramunepiekautaite.com\/produktas\/crew-neck-sweatshirt-washed-blue\/#primaryimage\"},\"image\":{\"@id\":\"https:\/\/ramunepiekautaite.com\/produktas\/crew-neck-sweatshirt-washed-blue\/#primaryimage\"},\"thumbnailUrl\":\"https:\/\/ramunepiekautaite.com\/wp-content\/uploads\/2024\/07\/24LW4-1-BEAUTYWASHBLUE-PRIEKIS-scaled.jpg\",\"datePublished\":\"2024-07-26T12:12:04+00:00\",\"dateModified\":\"2026-04-27T05:46:08+00:00\",\"breadcrumb\":{\"@id\":\"https:\/\/ramunepiekautaite.com\/produktas\/crew-neck-sweatshirt-washed-blue\/#breadcrumb\"},\"inLanguage\":\"lt-LT\",\"potentialAction\":[{\"@type\":\"ReadAction\",\"target\":[\"https:\/\/ramunepiekautaite.com\/produktas\/crew-neck-sweatshirt-washed-blue\/\"]}]},{\"@type\":\"ImageObject\",\"inLanguage\":\"lt-LT\",\"@id\":\"https:\/\/ramunepiekautaite.com\/produktas\/crew-neck-sweatshirt-washed-blue\/#primaryimage\",\"url\":\"https:\/\/ramunepiekautaite.com\/wp-content\/uploads\/2024\/07\/24LW4-1-BEAUTYWASHBLUE-PRIEKIS-scaled.jpg\",\"contentUrl\":\"https:\/\/ramunepiekautaite.com\/wp-content\/uploads\/2024\/07\/24LW4-1-BEAUTYWASHBLUE-PRIEKIS-scaled.jpg\",\"width\":1810,\"height\":2560},{\"@type\":\"BreadcrumbList\",\"@id\":\"https:\/\/ramunepiekautaite.com\/produktas\/crew-neck-sweatshirt-washed-blue\/#breadcrumb\",\"itemListElement\":[{\"@type\":\"ListItem\",\"position\":1,\"name\":\"Home\",\"item\":\"https:\/\/ramunepiekautaite.com\/lt\/\"},{\"@type\":\"ListItem\",\"position\":2,\"name\":\"Parduotuv\u0117\",\"item\":\"https:\/\/ramunepiekautaite.com\/lt\/parduotuve\/\"},{\"@type\":\"ListItem\",\"position\":3,\"name\":\"LAISVALAIKIO TRENIGAS LENKTA I\u0160KIRPTE \u017dYDRAS\"}]},{\"@type\":\"WebSite\",\"@id\":\"https:\/\/ramunepiekautaite.com\/#website\",\"url\":\"https:\/\/ramunepiekautaite.com\/\",\"name\":\"Ramune Piekautaite | Fashion House\",\"description\":\"Lithuanian fashion designer, described as romantic, sensual, reserved but luxurious, aristocratically elegant; she also dutifully presents two season collections annually\",\"publisher\":{\"@id\":\"https:\/\/ramunepiekautaite.com\/#organization\"},\"alternateName\":\"RP Fashion House\",\"potentialAction\":[{\"@type\":\"SearchAction\",\"target\":{\"@type\":\"EntryPoint\",\"urlTemplate\":\"https:\/\/ramunepiekautaite.com\/?s={search_term_string}\"},\"query-input\":{\"@type\":\"PropertyValueSpecification\",\"valueRequired\":true,\"valueName\":\"search_term_string\"}}],\"inLanguage\":\"lt-LT\"},{\"@type\":\"Organization\",\"@id\":\"https:\/\/ramunepiekautaite.com\/#organization\",\"name\":\"Mados aik\u0161t\u0117\",\"alternateName\":\"RP Fashion House\",\"url\":\"https:\/\/ramunepiekautaite.com\/\",\"logo\":{\"@type\":\"ImageObject\",\"inLanguage\":\"lt-LT\",\"@id\":\"https:\/\/ramunepiekautaite.com\/#\/schema\/logo\/image\/\",\"url\":\"https:\/\/ramunepiekautaite.com\/wp-content\/uploads\/2024\/05\/RP_512x512_fav.png\",\"contentUrl\":\"https:\/\/ramunepiekautaite.com\/wp-content\/uploads\/2024\/05\/RP_512x512_fav.png\",\"width\":512,\"height\":512,\"caption\":\"Mados aik\u0161t\u0117\"},\"image\":{\"@id\":\"https:\/\/ramunepiekautaite.com\/#\/schema\/logo\/image\/\"},\"sameAs\":[\"https:\/\/www.facebook.com\/ramune.piekautaite\/\",\"https:\/\/www.instagram.com\/ramunepiekautaite\/\"]}]}<\/script>\n<!-- \/ Yoast SEO plugin. -->","yoast_head_json":{"title":"LAISVALAIKIO TRENIGAS LENKTA I\u0160KIRPTE \u017dYDRAS | Ramune Piekautaite Fashion House","robots":{"index":"index","follow":"follow","max-snippet":"max-snippet:-1","max-image-preview":"max-image-preview:large","max-video-preview":"max-video-preview:-1"},"canonical":"https:\/\/ramunepiekautaite.com\/produktas\/crew-neck-sweatshirt-washed-blue\/","og_locale":"lt_LT","og_type":"article","og_title":"LAISVALAIKIO TRENIGAS LENKTA I\u0160KIRPTE \u017dYDRAS | Ramune Piekautaite Fashion House","og_description":"\u0160iame \u017eydros spalvos trenige dera patogumas ir stilius, audinys u\u017etikrina mink\u0161t\u0105 ir patvar\u0173 d\u0117v\u0117jim\u0105. Puikiai tinka bet kokiai laisvalaikio progai, jo minimalistinis dizainas ir subtilus, siuvin\u0117tas logotipas, suteikia j\u016bs\u0173 kasdieniniam \u012fvaizd\u017eiui rafinuotumo.","og_url":"https:\/\/ramunepiekautaite.com\/produktas\/crew-neck-sweatshirt-washed-blue\/","og_site_name":"Ramune Piekautaite Fashion House","article_publisher":"https:\/\/www.facebook.com\/ramune.piekautaite\/","article_modified_time":"2026-04-27T05:46:08+00:00","og_image":[{"width":1810,"height":2560,"url":"https:\/\/ramunepiekautaite.com\/wp-content\/uploads\/2024\/07\/24LW4-1-BEAUTYWASHBLUE-PRIEKIS-scaled.jpg","type":"image\/jpeg"}],"twitter_card":"summary_large_image","twitter_misc":{"Est. reading time":"1 minut\u0117"},"schema":{"@context":"https:\/\/schema.org","@graph":[{"@type":"WebPage","@id":"https:\/\/ramunepiekautaite.com\/produktas\/crew-neck-sweatshirt-washed-blue\/","url":"https:\/\/ramunepiekautaite.com\/produktas\/crew-neck-sweatshirt-washed-blue\/","name":"LAISVALAIKIO TRENIGAS LENKTA I\u0160KIRPTE \u017dYDRAS | Ramune Piekautaite Fashion House","isPartOf":{"@id":"https:\/\/ramunepiekautaite.com\/#website"},"primaryImageOfPage":{"@id":"https:\/\/ramunepiekautaite.com\/produktas\/crew-neck-sweatshirt-washed-blue\/#primaryimage"},"image":{"@id":"https:\/\/ramunepiekautaite.com\/produktas\/crew-neck-sweatshirt-washed-blue\/#primaryimage"},"thumbnailUrl":"https:\/\/ramunepiekautaite.com\/wp-content\/uploads\/2024\/07\/24LW4-1-BEAUTYWASHBLUE-PRIEKIS-scaled.jpg","datePublished":"2024-07-26T12:12:04+00:00","dateModified":"2026-04-27T05:46:08+00:00","breadcrumb":{"@id":"https:\/\/ramunepiekautaite.com\/produktas\/crew-neck-sweatshirt-washed-blue\/#breadcrumb"},"inLanguage":"lt-LT","potentialAction":[{"@type":"ReadAction","target":["https:\/\/ramunepiekautaite.com\/produktas\/crew-neck-sweatshirt-washed-blue\/"]}]},{"@type":"ImageObject","inLanguage":"lt-LT","@id":"https:\/\/ramunepiekautaite.com\/produktas\/crew-neck-sweatshirt-washed-blue\/#primaryimage","url":"https:\/\/ramunepiekautaite.com\/wp-content\/uploads\/2024\/07\/24LW4-1-BEAUTYWASHBLUE-PRIEKIS-scaled.jpg","contentUrl":"https:\/\/ramunepiekautaite.com\/wp-content\/uploads\/2024\/07\/24LW4-1-BEAUTYWASHBLUE-PRIEKIS-scaled.jpg","width":1810,"height":2560},{"@type":"BreadcrumbList","@id":"https:\/\/ramunepiekautaite.com\/produktas\/crew-neck-sweatshirt-washed-blue\/#breadcrumb","itemListElement":[{"@type":"ListItem","position":1,"name":"Home","item":"https:\/\/ramunepiekautaite.com\/lt\/"},{"@type":"ListItem","position":2,"name":"Parduotuv\u0117","item":"https:\/\/ramunepiekautaite.com\/lt\/parduotuve\/"},{"@type":"ListItem","position":3,"name":"LAISVALAIKIO TRENIGAS LENKTA I\u0160KIRPTE \u017dYDRAS"}]},{"@type":"WebSite","@id":"https:\/\/ramunepiekautaite.com\/#website","url":"https:\/\/ramunepiekautaite.com\/","name":"Ramune Piekautaite | Fashion House","description":"Lithuanian fashion designer, described as romantic, sensual, reserved but luxurious, aristocratically elegant; she also dutifully presents two season collections annually","publisher":{"@id":"https:\/\/ramunepiekautaite.com\/#organization"},"alternateName":"RP Fashion House","potentialAction":[{"@type":"SearchAction","target":{"@type":"EntryPoint","urlTemplate":"https:\/\/ramunepiekautaite.com\/?s={search_term_string}"},"query-input":{"@type":"PropertyValueSpecification","valueRequired":true,"valueName":"search_term_string"}}],"inLanguage":"lt-LT"},{"@type":"Organization","@id":"https:\/\/ramunepiekautaite.com\/#organization","name":"Mados aik\u0161t\u0117","alternateName":"RP Fashion House","url":"https:\/\/ramunepiekautaite.com\/","logo":{"@type":"ImageObject","inLanguage":"lt-LT","@id":"https:\/\/ramunepiekautaite.com\/#\/schema\/logo\/image\/","url":"https:\/\/ramunepiekautaite.com\/wp-content\/uploads\/2024\/05\/RP_512x512_fav.png","contentUrl":"https:\/\/ramunepiekautaite.com\/wp-content\/uploads\/2024\/05\/RP_512x512_fav.png","width":512,"height":512,"caption":"Mados aik\u0161t\u0117"},"image":{"@id":"https:\/\/ramunepiekautaite.com\/#\/schema\/logo\/image\/"},"sameAs":["https:\/\/www.facebook.com\/ramune.piekautaite\/","https:\/\/www.instagram.com\/ramunepiekautaite\/"]}]}},"_links":{"self":[{"href":"https:\/\/ramunepiekautaite.com\/lt\/wp-json\/wp\/v2\/product\/79882","targetHints":{"allow":["GET"]}}],"collection":[{"href":"https:\/\/ramunepiekautaite.com\/lt\/wp-json\/wp\/v2\/product"}],"about":[{"href":"https:\/\/ramunepiekautaite.com\/lt\/wp-json\/wp\/v2\/types\/product"}],"wp:featuredmedia":[{"embeddable":true,"href":"https:\/\/ramunepiekautaite.com\/lt\/wp-json\/wp\/v2\/media\/73011"}],"wp:attachment":[{"href":"https:\/\/ramunepiekautaite.com\/lt\/wp-json\/wp\/v2\/media?parent=79882"}],"wp:term":[{"taxonomy":"product_brand","embeddable":true,"href":"https:\/\/ramunepiekautaite.com\/lt\/wp-json\/wp\/v2\/product_brand?post=79882"},{"taxonomy":"product_cat","embeddable":true,"href":"https:\/\/ramunepiekautaite.com\/lt\/wp-json\/wp\/v2\/product_cat?post=79882"},{"taxonomy":"product_tag","embeddable":true,"href":"https:\/\/ramunepiekautaite.com\/lt\/wp-json\/wp\/v2\/product_tag?post=79882"}],"curies":[{"name":"wp","href":"https:\/\/api.w.org\/{rel}","templated":true}]}}