{"id":80083,"date":"2025-02-20T13:39:36","date_gmt":"2025-02-20T11:39:36","guid":{"rendered":"https:\/\/ramunepiekautaite.com\/product\/fitted-blouse-with-cap-sleeve-lilac\/"},"modified":"2026-04-30T13:33:49","modified_gmt":"2026-04-30T11:33:49","slug":"iliemenuota-palaidine-su-cap-rankovemis-alyvine","status":"publish","type":"product","link":"https:\/\/ramunepiekautaite.com\/lt\/produktas\/iliemenuota-palaidine-su-cap-rankovemis-alyvine\/","title":{"rendered":"\u012eLIEMENUOTA PALAIDIN\u0116 SU CAP RANKOV\u0116MIS ALYVIN\u0116"},"content":{"rendered":"<p>Tai stilinga, \u012fliemenuota palaidin\u0117 su trumpomis rankov\u0117mis. Rankoves galima susegti, kad b\u016bt\u0173 suformuota grie\u017eta forma arba atsegti, kad jos nat\u016braliai krist\u0173. Palaidin\u0117 pasi\u017eymi prigludusiu siluetu, klasikine apykakle ir pasl\u0117ptu sag\u0173 u\u017esegimu. Rai\u0161teli\u0173 detale reguliuojama apa\u010dia leid\u017eia pritaikyti siluet\u0105 pagal poreik\u012f, tod\u0117l \u0161i palaidin\u0117 puikiai papildys bet kur\u012f garderob\u0105.<\/p>\n","protected":false},"excerpt":{"rendered":"<p>Tai stilinga, \u012fliemenuota palaidin\u0117 su trumpomis rankov\u0117mis. Rankoves galima susegti, kad b\u016bt\u0173 suformuota grie\u017eta forma arba atsegti, kad jos nat\u016braliai krist\u0173. Palaidin\u0117 pasi\u017eymi prigludusiu siluetu, klasikine apykakle ir pasl\u0117ptu sag\u0173 u\u017esegimu. Rai\u0161teli\u0173 detale reguliuojama apa\u010dia leid\u017eia pritaikyti siluet\u0105 pagal poreik\u012f, tod\u0117l \u0161i palaidin\u0117 puikiai papildys bet kur\u012f garderob\u0105.<\/p>\n","protected":false},"featured_media":79739,"template":"","meta":{"_acf_changed":false},"product_brand":[],"product_cat":[112,115,116],"product_tag":[],"class_list":{"0":"post-80083","1":"product","2":"type-product","3":"status-publish","4":"has-post-thumbnail","6":"product_cat-drabuziai","7":"product_cat-palaidines","8":"product_cat-shop-lt","10":"first","11":"outofstock","12":"taxable","13":"shipping-taxable","14":"product-type-variable"},"acf":[],"yoast_head":"<!-- This site is optimized with the Yoast SEO plugin v27.2 - https:\/\/yoast.com\/product\/yoast-seo-wordpress\/ -->\n<title>\u012eLIEMENUOTA PALAIDIN\u0116 SU CAP RANKOV\u0116MIS ALYVIN\u0116 | Ramune Piekautaite Fashion House<\/title>\n<meta name=\"robots\" content=\"index, follow, max-snippet:-1, max-image-preview:large, max-video-preview:-1\" \/>\n<link rel=\"canonical\" href=\"https:\/\/ramunepiekautaite.com\/produktas\/fitted-blouse-with-cap-sleeve-lilac\/\" \/>\n<meta property=\"og:locale\" content=\"lt_LT\" \/>\n<meta property=\"og:type\" content=\"article\" \/>\n<meta property=\"og:title\" content=\"\u012eLIEMENUOTA PALAIDIN\u0116 SU CAP RANKOV\u0116MIS ALYVIN\u0116 | Ramune Piekautaite Fashion House\" \/>\n<meta property=\"og:description\" content=\"Tai stilinga, \u012fliemenuota palaidin\u0117 su trumpomis rankov\u0117mis. Rankoves galima susegti, kad b\u016bt\u0173 suformuota grie\u017eta forma arba atsegti, kad jos nat\u016braliai krist\u0173. Palaidin\u0117 pasi\u017eymi prigludusiu siluetu, klasikine apykakle ir pasl\u0117ptu sag\u0173 u\u017esegimu. Rai\u0161teli\u0173 detale reguliuojama apa\u010dia leid\u017eia pritaikyti siluet\u0105 pagal poreik\u012f, tod\u0117l \u0161i palaidin\u0117 puikiai papildys bet kur\u012f garderob\u0105.\" \/>\n<meta property=\"og:url\" content=\"https:\/\/ramunepiekautaite.com\/produktas\/fitted-blouse-with-cap-sleeve-lilac\/\" \/>\n<meta property=\"og:site_name\" content=\"Ramune Piekautaite Fashion House\" \/>\n<meta property=\"article:publisher\" content=\"https:\/\/www.facebook.com\/ramune.piekautaite\/\" \/>\n<meta property=\"article:modified_time\" content=\"2026-04-30T11:33:49+00:00\" \/>\n<meta property=\"og:image\" content=\"https:\/\/ramunepiekautaite.com\/wp-content\/uploads\/2025\/02\/25S4-87-VIOL-PRIEKIS1-scaled.jpg\" \/>\n\t<meta property=\"og:image:width\" content=\"1810\" \/>\n\t<meta property=\"og:image:height\" content=\"2560\" \/>\n\t<meta property=\"og:image:type\" content=\"image\/jpeg\" \/>\n<meta name=\"twitter:card\" content=\"summary_large_image\" \/>\n<meta name=\"twitter:label1\" content=\"Est. reading time\" \/>\n\t<meta name=\"twitter:data1\" content=\"1 minut\u0117\" \/>\n<script type=\"application\/ld+json\" class=\"yoast-schema-graph\">{\"@context\":\"https:\/\/schema.org\",\"@graph\":[{\"@type\":\"WebPage\",\"@id\":\"https:\/\/ramunepiekautaite.com\/produktas\/fitted-blouse-with-cap-sleeve-lilac\/\",\"url\":\"https:\/\/ramunepiekautaite.com\/produktas\/fitted-blouse-with-cap-sleeve-lilac\/\",\"name\":\"\u012eLIEMENUOTA PALAIDIN\u0116 SU CAP RANKOV\u0116MIS ALYVIN\u0116 | Ramune Piekautaite Fashion House\",\"isPartOf\":{\"@id\":\"https:\/\/ramunepiekautaite.com\/#website\"},\"primaryImageOfPage\":{\"@id\":\"https:\/\/ramunepiekautaite.com\/produktas\/fitted-blouse-with-cap-sleeve-lilac\/#primaryimage\"},\"image\":{\"@id\":\"https:\/\/ramunepiekautaite.com\/produktas\/fitted-blouse-with-cap-sleeve-lilac\/#primaryimage\"},\"thumbnailUrl\":\"https:\/\/ramunepiekautaite.com\/wp-content\/uploads\/2025\/02\/25S4-87-VIOL-PRIEKIS1-scaled.jpg\",\"datePublished\":\"2025-02-20T11:39:36+00:00\",\"dateModified\":\"2026-04-30T11:33:49+00:00\",\"breadcrumb\":{\"@id\":\"https:\/\/ramunepiekautaite.com\/produktas\/fitted-blouse-with-cap-sleeve-lilac\/#breadcrumb\"},\"inLanguage\":\"lt-LT\",\"potentialAction\":[{\"@type\":\"ReadAction\",\"target\":[\"https:\/\/ramunepiekautaite.com\/produktas\/fitted-blouse-with-cap-sleeve-lilac\/\"]}]},{\"@type\":\"ImageObject\",\"inLanguage\":\"lt-LT\",\"@id\":\"https:\/\/ramunepiekautaite.com\/produktas\/fitted-blouse-with-cap-sleeve-lilac\/#primaryimage\",\"url\":\"https:\/\/ramunepiekautaite.com\/wp-content\/uploads\/2025\/02\/25S4-87-VIOL-PRIEKIS1-scaled.jpg\",\"contentUrl\":\"https:\/\/ramunepiekautaite.com\/wp-content\/uploads\/2025\/02\/25S4-87-VIOL-PRIEKIS1-scaled.jpg\",\"width\":1810,\"height\":2560},{\"@type\":\"BreadcrumbList\",\"@id\":\"https:\/\/ramunepiekautaite.com\/produktas\/fitted-blouse-with-cap-sleeve-lilac\/#breadcrumb\",\"itemListElement\":[{\"@type\":\"ListItem\",\"position\":1,\"name\":\"Home\",\"item\":\"https:\/\/ramunepiekautaite.com\/lt\/\"},{\"@type\":\"ListItem\",\"position\":2,\"name\":\"Parduotuv\u0117\",\"item\":\"https:\/\/ramunepiekautaite.com\/lt\/parduotuve\/\"},{\"@type\":\"ListItem\",\"position\":3,\"name\":\"\u012eLIEMENUOTA PALAIDIN\u0116 SU CAP RANKOV\u0116MIS ALYVIN\u0116\"}]},{\"@type\":\"WebSite\",\"@id\":\"https:\/\/ramunepiekautaite.com\/#website\",\"url\":\"https:\/\/ramunepiekautaite.com\/\",\"name\":\"Ramune Piekautaite | Fashion House\",\"description\":\"Lithuanian fashion designer, described as romantic, sensual, reserved but luxurious, aristocratically elegant; she also dutifully presents two season collections annually\",\"publisher\":{\"@id\":\"https:\/\/ramunepiekautaite.com\/#organization\"},\"alternateName\":\"RP Fashion House\",\"potentialAction\":[{\"@type\":\"SearchAction\",\"target\":{\"@type\":\"EntryPoint\",\"urlTemplate\":\"https:\/\/ramunepiekautaite.com\/?s={search_term_string}\"},\"query-input\":{\"@type\":\"PropertyValueSpecification\",\"valueRequired\":true,\"valueName\":\"search_term_string\"}}],\"inLanguage\":\"lt-LT\"},{\"@type\":\"Organization\",\"@id\":\"https:\/\/ramunepiekautaite.com\/#organization\",\"name\":\"Mados aik\u0161t\u0117\",\"alternateName\":\"RP Fashion House\",\"url\":\"https:\/\/ramunepiekautaite.com\/\",\"logo\":{\"@type\":\"ImageObject\",\"inLanguage\":\"lt-LT\",\"@id\":\"https:\/\/ramunepiekautaite.com\/#\/schema\/logo\/image\/\",\"url\":\"https:\/\/ramunepiekautaite.com\/wp-content\/uploads\/2024\/05\/RP_512x512_fav.png\",\"contentUrl\":\"https:\/\/ramunepiekautaite.com\/wp-content\/uploads\/2024\/05\/RP_512x512_fav.png\",\"width\":512,\"height\":512,\"caption\":\"Mados aik\u0161t\u0117\"},\"image\":{\"@id\":\"https:\/\/ramunepiekautaite.com\/#\/schema\/logo\/image\/\"},\"sameAs\":[\"https:\/\/www.facebook.com\/ramune.piekautaite\/\",\"https:\/\/www.instagram.com\/ramunepiekautaite\/\"]}]}<\/script>\n<!-- \/ Yoast SEO plugin. -->","yoast_head_json":{"title":"\u012eLIEMENUOTA PALAIDIN\u0116 SU CAP RANKOV\u0116MIS ALYVIN\u0116 | Ramune Piekautaite Fashion House","robots":{"index":"index","follow":"follow","max-snippet":"max-snippet:-1","max-image-preview":"max-image-preview:large","max-video-preview":"max-video-preview:-1"},"canonical":"https:\/\/ramunepiekautaite.com\/produktas\/fitted-blouse-with-cap-sleeve-lilac\/","og_locale":"lt_LT","og_type":"article","og_title":"\u012eLIEMENUOTA PALAIDIN\u0116 SU CAP RANKOV\u0116MIS ALYVIN\u0116 | Ramune Piekautaite Fashion House","og_description":"Tai stilinga, \u012fliemenuota palaidin\u0117 su trumpomis rankov\u0117mis. Rankoves galima susegti, kad b\u016bt\u0173 suformuota grie\u017eta forma arba atsegti, kad jos nat\u016braliai krist\u0173. Palaidin\u0117 pasi\u017eymi prigludusiu siluetu, klasikine apykakle ir pasl\u0117ptu sag\u0173 u\u017esegimu. Rai\u0161teli\u0173 detale reguliuojama apa\u010dia leid\u017eia pritaikyti siluet\u0105 pagal poreik\u012f, tod\u0117l \u0161i palaidin\u0117 puikiai papildys bet kur\u012f garderob\u0105.","og_url":"https:\/\/ramunepiekautaite.com\/produktas\/fitted-blouse-with-cap-sleeve-lilac\/","og_site_name":"Ramune Piekautaite Fashion House","article_publisher":"https:\/\/www.facebook.com\/ramune.piekautaite\/","article_modified_time":"2026-04-30T11:33:49+00:00","og_image":[{"width":1810,"height":2560,"url":"https:\/\/ramunepiekautaite.com\/wp-content\/uploads\/2025\/02\/25S4-87-VIOL-PRIEKIS1-scaled.jpg","type":"image\/jpeg"}],"twitter_card":"summary_large_image","twitter_misc":{"Est. reading time":"1 minut\u0117"},"schema":{"@context":"https:\/\/schema.org","@graph":[{"@type":"WebPage","@id":"https:\/\/ramunepiekautaite.com\/produktas\/fitted-blouse-with-cap-sleeve-lilac\/","url":"https:\/\/ramunepiekautaite.com\/produktas\/fitted-blouse-with-cap-sleeve-lilac\/","name":"\u012eLIEMENUOTA PALAIDIN\u0116 SU CAP RANKOV\u0116MIS ALYVIN\u0116 | Ramune Piekautaite Fashion House","isPartOf":{"@id":"https:\/\/ramunepiekautaite.com\/#website"},"primaryImageOfPage":{"@id":"https:\/\/ramunepiekautaite.com\/produktas\/fitted-blouse-with-cap-sleeve-lilac\/#primaryimage"},"image":{"@id":"https:\/\/ramunepiekautaite.com\/produktas\/fitted-blouse-with-cap-sleeve-lilac\/#primaryimage"},"thumbnailUrl":"https:\/\/ramunepiekautaite.com\/wp-content\/uploads\/2025\/02\/25S4-87-VIOL-PRIEKIS1-scaled.jpg","datePublished":"2025-02-20T11:39:36+00:00","dateModified":"2026-04-30T11:33:49+00:00","breadcrumb":{"@id":"https:\/\/ramunepiekautaite.com\/produktas\/fitted-blouse-with-cap-sleeve-lilac\/#breadcrumb"},"inLanguage":"lt-LT","potentialAction":[{"@type":"ReadAction","target":["https:\/\/ramunepiekautaite.com\/produktas\/fitted-blouse-with-cap-sleeve-lilac\/"]}]},{"@type":"ImageObject","inLanguage":"lt-LT","@id":"https:\/\/ramunepiekautaite.com\/produktas\/fitted-blouse-with-cap-sleeve-lilac\/#primaryimage","url":"https:\/\/ramunepiekautaite.com\/wp-content\/uploads\/2025\/02\/25S4-87-VIOL-PRIEKIS1-scaled.jpg","contentUrl":"https:\/\/ramunepiekautaite.com\/wp-content\/uploads\/2025\/02\/25S4-87-VIOL-PRIEKIS1-scaled.jpg","width":1810,"height":2560},{"@type":"BreadcrumbList","@id":"https:\/\/ramunepiekautaite.com\/produktas\/fitted-blouse-with-cap-sleeve-lilac\/#breadcrumb","itemListElement":[{"@type":"ListItem","position":1,"name":"Home","item":"https:\/\/ramunepiekautaite.com\/lt\/"},{"@type":"ListItem","position":2,"name":"Parduotuv\u0117","item":"https:\/\/ramunepiekautaite.com\/lt\/parduotuve\/"},{"@type":"ListItem","position":3,"name":"\u012eLIEMENUOTA PALAIDIN\u0116 SU CAP RANKOV\u0116MIS ALYVIN\u0116"}]},{"@type":"WebSite","@id":"https:\/\/ramunepiekautaite.com\/#website","url":"https:\/\/ramunepiekautaite.com\/","name":"Ramune Piekautaite | Fashion House","description":"Lithuanian fashion designer, described as romantic, sensual, reserved but luxurious, aristocratically elegant; she also dutifully presents two season collections annually","publisher":{"@id":"https:\/\/ramunepiekautaite.com\/#organization"},"alternateName":"RP Fashion House","potentialAction":[{"@type":"SearchAction","target":{"@type":"EntryPoint","urlTemplate":"https:\/\/ramunepiekautaite.com\/?s={search_term_string}"},"query-input":{"@type":"PropertyValueSpecification","valueRequired":true,"valueName":"search_term_string"}}],"inLanguage":"lt-LT"},{"@type":"Organization","@id":"https:\/\/ramunepiekautaite.com\/#organization","name":"Mados aik\u0161t\u0117","alternateName":"RP Fashion House","url":"https:\/\/ramunepiekautaite.com\/","logo":{"@type":"ImageObject","inLanguage":"lt-LT","@id":"https:\/\/ramunepiekautaite.com\/#\/schema\/logo\/image\/","url":"https:\/\/ramunepiekautaite.com\/wp-content\/uploads\/2024\/05\/RP_512x512_fav.png","contentUrl":"https:\/\/ramunepiekautaite.com\/wp-content\/uploads\/2024\/05\/RP_512x512_fav.png","width":512,"height":512,"caption":"Mados aik\u0161t\u0117"},"image":{"@id":"https:\/\/ramunepiekautaite.com\/#\/schema\/logo\/image\/"},"sameAs":["https:\/\/www.facebook.com\/ramune.piekautaite\/","https:\/\/www.instagram.com\/ramunepiekautaite\/"]}]}},"_links":{"self":[{"href":"https:\/\/ramunepiekautaite.com\/lt\/wp-json\/wp\/v2\/product\/80083","targetHints":{"allow":["GET"]}}],"collection":[{"href":"https:\/\/ramunepiekautaite.com\/lt\/wp-json\/wp\/v2\/product"}],"about":[{"href":"https:\/\/ramunepiekautaite.com\/lt\/wp-json\/wp\/v2\/types\/product"}],"wp:featuredmedia":[{"embeddable":true,"href":"https:\/\/ramunepiekautaite.com\/lt\/wp-json\/wp\/v2\/media\/79739"}],"wp:attachment":[{"href":"https:\/\/ramunepiekautaite.com\/lt\/wp-json\/wp\/v2\/media?parent=80083"}],"wp:term":[{"taxonomy":"product_brand","embeddable":true,"href":"https:\/\/ramunepiekautaite.com\/lt\/wp-json\/wp\/v2\/product_brand?post=80083"},{"taxonomy":"product_cat","embeddable":true,"href":"https:\/\/ramunepiekautaite.com\/lt\/wp-json\/wp\/v2\/product_cat?post=80083"},{"taxonomy":"product_tag","embeddable":true,"href":"https:\/\/ramunepiekautaite.com\/lt\/wp-json\/wp\/v2\/product_tag?post=80083"}],"curies":[{"name":"wp","href":"https:\/\/api.w.org\/{rel}","templated":true}]}}