{"id":80132,"date":"2025-02-20T13:15:06","date_gmt":"2025-02-20T11:15:06","guid":{"rendered":"https:\/\/ramunepiekautaite.com\/product\/hooded-jumpsuit-with-zippers-taupe\/"},"modified":"2026-04-28T15:03:50","modified_gmt":"2026-04-28T13:03:50","slug":"laisvalaikio-kombinezonas-su-kapisonu-rusvai-pilkas","status":"publish","type":"product","link":"https:\/\/ramunepiekautaite.com\/lt\/produktas\/laisvalaikio-kombinezonas-su-kapisonu-rusvai-pilkas\/","title":{"rendered":"LAISVALAIKIO KOMBINEZONAS SU KAPI\u0160ONU RUSVAI PILKAS"},"content":{"rendered":"<p>Stilingas rusvai pilkas spalvos kombinezonas su moderniu dizainu. Su gobtuvu, ilgomis rankov\u0117mis ir u\u017etrauktuku priekyje. Kombinezonas pasi\u017eymi tampriu juosmeniu ir pla\u010diomis keln\u0117mis. Be to, jis turi dvi horizontaliais u\u017etrauktukais u\u017esegamas ki\u0161enes ant kr\u016btin\u0117s ir dvi dideles ki\u0161enes priekyje, klub\u0173 srityje, kurios suteikia tiek funkcionalumo, tiek stiliaus. Puikiai tinka kasdieniam d\u0117v\u0117jimui arba i\u0161skirtiniam gatv\u0117s stiliaus \u012fvaizd\u017eiui.<\/p>\n","protected":false},"excerpt":{"rendered":"<p>Stilingas rusvai pilkas spalvos kombinezonas su moderniu dizainu. Su gobtuvu, ilgomis rankov\u0117mis ir u\u017etrauktuku priekyje. Kombinezonas pasi\u017eymi tampriu juosmeniu ir pla\u010diomis keln\u0117mis. Be to, jis turi dvi horizontaliais u\u017etrauktukais u\u017esegamas ki\u0161enes ant kr\u016btin\u0117s ir dvi dideles ki\u0161enes priekyje, klub\u0173 srityje, kurios suteikia tiek funkcionalumo, tiek stiliaus. Puikiai tinka kasdieniam d\u0117v\u0117jimui arba i\u0161skirtiniam gatv\u0117s stiliaus \u012fvaizd\u017eiui.<\/p>\n","protected":false},"featured_media":79685,"template":"","meta":{"_acf_changed":false},"product_brand":[],"product_cat":[126,136,135,128],"product_tag":[],"class_list":{"0":"post-80132","1":"product","2":"type-product","3":"status-publish","4":"has-post-thumbnail","6":"product_cat-drabuziai-sale-lt","7":"product_cat-kombinezonai-sale-lt","8":"product_cat-laisvalaikio-apranga-sale-lt","9":"product_cat-sale-lt","11":"first","12":"instock","13":"sale","14":"taxable","15":"shipping-taxable","16":"purchasable","17":"product-type-variable"},"acf":[],"yoast_head":"<!-- This site is optimized with the Yoast SEO plugin v27.2 - https:\/\/yoast.com\/product\/yoast-seo-wordpress\/ -->\n<title>LAISVALAIKIO KOMBINEZONAS SU KAPI\u0160ONU RUSVAI PILKAS | Ramune Piekautaite Fashion House<\/title>\n<meta name=\"robots\" content=\"index, follow, max-snippet:-1, max-image-preview:large, max-video-preview:-1\" \/>\n<link rel=\"canonical\" href=\"https:\/\/ramunepiekautaite.com\/lt\/produktas\/laisvalaikio-kombinezonas-su-kapisonu-rusvai-pilkas\/\" \/>\n<meta property=\"og:locale\" content=\"lt_LT\" \/>\n<meta property=\"og:type\" content=\"article\" \/>\n<meta property=\"og:title\" content=\"LAISVALAIKIO KOMBINEZONAS SU KAPI\u0160ONU RUSVAI PILKAS | Ramune Piekautaite Fashion House\" \/>\n<meta property=\"og:description\" content=\"Stilingas rusvai pilkas spalvos kombinezonas su moderniu dizainu. Su gobtuvu, ilgomis rankov\u0117mis ir u\u017etrauktuku priekyje. Kombinezonas pasi\u017eymi tampriu juosmeniu ir pla\u010diomis keln\u0117mis. Be to, jis turi dvi horizontaliais u\u017etrauktukais u\u017esegamas ki\u0161enes ant kr\u016btin\u0117s ir dvi dideles ki\u0161enes priekyje, klub\u0173 srityje, kurios suteikia tiek funkcionalumo, tiek stiliaus. Puikiai tinka kasdieniam d\u0117v\u0117jimui arba i\u0161skirtiniam gatv\u0117s stiliaus \u012fvaizd\u017eiui.\" \/>\n<meta property=\"og:url\" content=\"https:\/\/ramunepiekautaite.com\/lt\/produktas\/laisvalaikio-kombinezonas-su-kapisonu-rusvai-pilkas\/\" \/>\n<meta property=\"og:site_name\" content=\"Ramune Piekautaite Fashion House\" \/>\n<meta property=\"article:publisher\" content=\"https:\/\/www.facebook.com\/ramune.piekautaite\/\" \/>\n<meta property=\"article:modified_time\" content=\"2026-04-28T13:03:50+00:00\" \/>\n<meta property=\"og:image\" content=\"https:\/\/ramunepiekautaite.com\/wp-content\/uploads\/2025\/02\/25LWK3-06-MARTE-TAUPE-PRIEKIS-scaled.jpg\" \/>\n\t<meta property=\"og:image:width\" content=\"1810\" \/>\n\t<meta property=\"og:image:height\" content=\"2560\" \/>\n\t<meta property=\"og:image:type\" content=\"image\/jpeg\" \/>\n<meta name=\"twitter:card\" content=\"summary_large_image\" \/>\n<meta name=\"twitter:label1\" content=\"Est. reading time\" \/>\n\t<meta name=\"twitter:data1\" content=\"1 minut\u0117\" \/>\n<script type=\"application\/ld+json\" class=\"yoast-schema-graph\">{\"@context\":\"https:\/\/schema.org\",\"@graph\":[{\"@type\":\"WebPage\",\"@id\":\"https:\/\/ramunepiekautaite.com\/lt\/produktas\/laisvalaikio-kombinezonas-su-kapisonu-rusvai-pilkas\/\",\"url\":\"https:\/\/ramunepiekautaite.com\/lt\/produktas\/laisvalaikio-kombinezonas-su-kapisonu-rusvai-pilkas\/\",\"name\":\"LAISVALAIKIO KOMBINEZONAS SU KAPI\u0160ONU RUSVAI PILKAS | Ramune Piekautaite Fashion House\",\"isPartOf\":{\"@id\":\"https:\/\/ramunepiekautaite.com\/#website\"},\"primaryImageOfPage\":{\"@id\":\"https:\/\/ramunepiekautaite.com\/lt\/produktas\/laisvalaikio-kombinezonas-su-kapisonu-rusvai-pilkas\/#primaryimage\"},\"image\":{\"@id\":\"https:\/\/ramunepiekautaite.com\/lt\/produktas\/laisvalaikio-kombinezonas-su-kapisonu-rusvai-pilkas\/#primaryimage\"},\"thumbnailUrl\":\"https:\/\/ramunepiekautaite.com\/wp-content\/uploads\/2025\/02\/25LWK3-06-MARTE-TAUPE-PRIEKIS-scaled.jpg\",\"datePublished\":\"2025-02-20T11:15:06+00:00\",\"dateModified\":\"2026-04-28T13:03:50+00:00\",\"breadcrumb\":{\"@id\":\"https:\/\/ramunepiekautaite.com\/lt\/produktas\/laisvalaikio-kombinezonas-su-kapisonu-rusvai-pilkas\/#breadcrumb\"},\"inLanguage\":\"lt-LT\",\"potentialAction\":[{\"@type\":\"ReadAction\",\"target\":[\"https:\/\/ramunepiekautaite.com\/lt\/produktas\/laisvalaikio-kombinezonas-su-kapisonu-rusvai-pilkas\/\"]}]},{\"@type\":\"ImageObject\",\"inLanguage\":\"lt-LT\",\"@id\":\"https:\/\/ramunepiekautaite.com\/lt\/produktas\/laisvalaikio-kombinezonas-su-kapisonu-rusvai-pilkas\/#primaryimage\",\"url\":\"https:\/\/ramunepiekautaite.com\/wp-content\/uploads\/2025\/02\/25LWK3-06-MARTE-TAUPE-PRIEKIS-scaled.jpg\",\"contentUrl\":\"https:\/\/ramunepiekautaite.com\/wp-content\/uploads\/2025\/02\/25LWK3-06-MARTE-TAUPE-PRIEKIS-scaled.jpg\",\"width\":1810,\"height\":2560},{\"@type\":\"BreadcrumbList\",\"@id\":\"https:\/\/ramunepiekautaite.com\/lt\/produktas\/laisvalaikio-kombinezonas-su-kapisonu-rusvai-pilkas\/#breadcrumb\",\"itemListElement\":[{\"@type\":\"ListItem\",\"position\":1,\"name\":\"Home\",\"item\":\"https:\/\/ramunepiekautaite.com\/lt\/\"},{\"@type\":\"ListItem\",\"position\":2,\"name\":\"Parduotuv\u0117\",\"item\":\"https:\/\/ramunepiekautaite.com\/lt\/parduotuve\/\"},{\"@type\":\"ListItem\",\"position\":3,\"name\":\"LAISVALAIKIO KOMBINEZONAS SU KAPI\u0160ONU RUSVAI PILKAS\"}]},{\"@type\":\"WebSite\",\"@id\":\"https:\/\/ramunepiekautaite.com\/#website\",\"url\":\"https:\/\/ramunepiekautaite.com\/\",\"name\":\"Ramune Piekautaite | Fashion House\",\"description\":\"Lithuanian fashion designer, described as romantic, sensual, reserved but luxurious, aristocratically elegant; she also dutifully presents two season collections annually\",\"publisher\":{\"@id\":\"https:\/\/ramunepiekautaite.com\/#organization\"},\"alternateName\":\"RP Fashion House\",\"potentialAction\":[{\"@type\":\"SearchAction\",\"target\":{\"@type\":\"EntryPoint\",\"urlTemplate\":\"https:\/\/ramunepiekautaite.com\/?s={search_term_string}\"},\"query-input\":{\"@type\":\"PropertyValueSpecification\",\"valueRequired\":true,\"valueName\":\"search_term_string\"}}],\"inLanguage\":\"lt-LT\"},{\"@type\":\"Organization\",\"@id\":\"https:\/\/ramunepiekautaite.com\/#organization\",\"name\":\"Mados aik\u0161t\u0117\",\"alternateName\":\"RP Fashion House\",\"url\":\"https:\/\/ramunepiekautaite.com\/\",\"logo\":{\"@type\":\"ImageObject\",\"inLanguage\":\"lt-LT\",\"@id\":\"https:\/\/ramunepiekautaite.com\/#\/schema\/logo\/image\/\",\"url\":\"https:\/\/ramunepiekautaite.com\/wp-content\/uploads\/2024\/05\/RP_512x512_fav.png\",\"contentUrl\":\"https:\/\/ramunepiekautaite.com\/wp-content\/uploads\/2024\/05\/RP_512x512_fav.png\",\"width\":512,\"height\":512,\"caption\":\"Mados aik\u0161t\u0117\"},\"image\":{\"@id\":\"https:\/\/ramunepiekautaite.com\/#\/schema\/logo\/image\/\"},\"sameAs\":[\"https:\/\/www.facebook.com\/ramune.piekautaite\/\",\"https:\/\/www.instagram.com\/ramunepiekautaite\/\"]}]}<\/script>\n<!-- \/ Yoast SEO plugin. -->","yoast_head_json":{"title":"LAISVALAIKIO KOMBINEZONAS SU KAPI\u0160ONU RUSVAI PILKAS | Ramune Piekautaite Fashion House","robots":{"index":"index","follow":"follow","max-snippet":"max-snippet:-1","max-image-preview":"max-image-preview:large","max-video-preview":"max-video-preview:-1"},"canonical":"https:\/\/ramunepiekautaite.com\/lt\/produktas\/laisvalaikio-kombinezonas-su-kapisonu-rusvai-pilkas\/","og_locale":"lt_LT","og_type":"article","og_title":"LAISVALAIKIO KOMBINEZONAS SU KAPI\u0160ONU RUSVAI PILKAS | Ramune Piekautaite Fashion House","og_description":"Stilingas rusvai pilkas spalvos kombinezonas su moderniu dizainu. Su gobtuvu, ilgomis rankov\u0117mis ir u\u017etrauktuku priekyje. Kombinezonas pasi\u017eymi tampriu juosmeniu ir pla\u010diomis keln\u0117mis. Be to, jis turi dvi horizontaliais u\u017etrauktukais u\u017esegamas ki\u0161enes ant kr\u016btin\u0117s ir dvi dideles ki\u0161enes priekyje, klub\u0173 srityje, kurios suteikia tiek funkcionalumo, tiek stiliaus. Puikiai tinka kasdieniam d\u0117v\u0117jimui arba i\u0161skirtiniam gatv\u0117s stiliaus \u012fvaizd\u017eiui.","og_url":"https:\/\/ramunepiekautaite.com\/lt\/produktas\/laisvalaikio-kombinezonas-su-kapisonu-rusvai-pilkas\/","og_site_name":"Ramune Piekautaite Fashion House","article_publisher":"https:\/\/www.facebook.com\/ramune.piekautaite\/","article_modified_time":"2026-04-28T13:03:50+00:00","og_image":[{"width":1810,"height":2560,"url":"https:\/\/ramunepiekautaite.com\/wp-content\/uploads\/2025\/02\/25LWK3-06-MARTE-TAUPE-PRIEKIS-scaled.jpg","type":"image\/jpeg"}],"twitter_card":"summary_large_image","twitter_misc":{"Est. reading time":"1 minut\u0117"},"schema":{"@context":"https:\/\/schema.org","@graph":[{"@type":"WebPage","@id":"https:\/\/ramunepiekautaite.com\/lt\/produktas\/laisvalaikio-kombinezonas-su-kapisonu-rusvai-pilkas\/","url":"https:\/\/ramunepiekautaite.com\/lt\/produktas\/laisvalaikio-kombinezonas-su-kapisonu-rusvai-pilkas\/","name":"LAISVALAIKIO KOMBINEZONAS SU KAPI\u0160ONU RUSVAI PILKAS | Ramune Piekautaite Fashion House","isPartOf":{"@id":"https:\/\/ramunepiekautaite.com\/#website"},"primaryImageOfPage":{"@id":"https:\/\/ramunepiekautaite.com\/lt\/produktas\/laisvalaikio-kombinezonas-su-kapisonu-rusvai-pilkas\/#primaryimage"},"image":{"@id":"https:\/\/ramunepiekautaite.com\/lt\/produktas\/laisvalaikio-kombinezonas-su-kapisonu-rusvai-pilkas\/#primaryimage"},"thumbnailUrl":"https:\/\/ramunepiekautaite.com\/wp-content\/uploads\/2025\/02\/25LWK3-06-MARTE-TAUPE-PRIEKIS-scaled.jpg","datePublished":"2025-02-20T11:15:06+00:00","dateModified":"2026-04-28T13:03:50+00:00","breadcrumb":{"@id":"https:\/\/ramunepiekautaite.com\/lt\/produktas\/laisvalaikio-kombinezonas-su-kapisonu-rusvai-pilkas\/#breadcrumb"},"inLanguage":"lt-LT","potentialAction":[{"@type":"ReadAction","target":["https:\/\/ramunepiekautaite.com\/lt\/produktas\/laisvalaikio-kombinezonas-su-kapisonu-rusvai-pilkas\/"]}]},{"@type":"ImageObject","inLanguage":"lt-LT","@id":"https:\/\/ramunepiekautaite.com\/lt\/produktas\/laisvalaikio-kombinezonas-su-kapisonu-rusvai-pilkas\/#primaryimage","url":"https:\/\/ramunepiekautaite.com\/wp-content\/uploads\/2025\/02\/25LWK3-06-MARTE-TAUPE-PRIEKIS-scaled.jpg","contentUrl":"https:\/\/ramunepiekautaite.com\/wp-content\/uploads\/2025\/02\/25LWK3-06-MARTE-TAUPE-PRIEKIS-scaled.jpg","width":1810,"height":2560},{"@type":"BreadcrumbList","@id":"https:\/\/ramunepiekautaite.com\/lt\/produktas\/laisvalaikio-kombinezonas-su-kapisonu-rusvai-pilkas\/#breadcrumb","itemListElement":[{"@type":"ListItem","position":1,"name":"Home","item":"https:\/\/ramunepiekautaite.com\/lt\/"},{"@type":"ListItem","position":2,"name":"Parduotuv\u0117","item":"https:\/\/ramunepiekautaite.com\/lt\/parduotuve\/"},{"@type":"ListItem","position":3,"name":"LAISVALAIKIO KOMBINEZONAS SU KAPI\u0160ONU RUSVAI PILKAS"}]},{"@type":"WebSite","@id":"https:\/\/ramunepiekautaite.com\/#website","url":"https:\/\/ramunepiekautaite.com\/","name":"Ramune Piekautaite | Fashion House","description":"Lithuanian fashion designer, described as romantic, sensual, reserved but luxurious, aristocratically elegant; she also dutifully presents two season collections annually","publisher":{"@id":"https:\/\/ramunepiekautaite.com\/#organization"},"alternateName":"RP Fashion House","potentialAction":[{"@type":"SearchAction","target":{"@type":"EntryPoint","urlTemplate":"https:\/\/ramunepiekautaite.com\/?s={search_term_string}"},"query-input":{"@type":"PropertyValueSpecification","valueRequired":true,"valueName":"search_term_string"}}],"inLanguage":"lt-LT"},{"@type":"Organization","@id":"https:\/\/ramunepiekautaite.com\/#organization","name":"Mados aik\u0161t\u0117","alternateName":"RP Fashion House","url":"https:\/\/ramunepiekautaite.com\/","logo":{"@type":"ImageObject","inLanguage":"lt-LT","@id":"https:\/\/ramunepiekautaite.com\/#\/schema\/logo\/image\/","url":"https:\/\/ramunepiekautaite.com\/wp-content\/uploads\/2024\/05\/RP_512x512_fav.png","contentUrl":"https:\/\/ramunepiekautaite.com\/wp-content\/uploads\/2024\/05\/RP_512x512_fav.png","width":512,"height":512,"caption":"Mados aik\u0161t\u0117"},"image":{"@id":"https:\/\/ramunepiekautaite.com\/#\/schema\/logo\/image\/"},"sameAs":["https:\/\/www.facebook.com\/ramune.piekautaite\/","https:\/\/www.instagram.com\/ramunepiekautaite\/"]}]}},"_links":{"self":[{"href":"https:\/\/ramunepiekautaite.com\/lt\/wp-json\/wp\/v2\/product\/80132","targetHints":{"allow":["GET"]}}],"collection":[{"href":"https:\/\/ramunepiekautaite.com\/lt\/wp-json\/wp\/v2\/product"}],"about":[{"href":"https:\/\/ramunepiekautaite.com\/lt\/wp-json\/wp\/v2\/types\/product"}],"wp:featuredmedia":[{"embeddable":true,"href":"https:\/\/ramunepiekautaite.com\/lt\/wp-json\/wp\/v2\/media\/79685"}],"wp:attachment":[{"href":"https:\/\/ramunepiekautaite.com\/lt\/wp-json\/wp\/v2\/media?parent=80132"}],"wp:term":[{"taxonomy":"product_brand","embeddable":true,"href":"https:\/\/ramunepiekautaite.com\/lt\/wp-json\/wp\/v2\/product_brand?post=80132"},{"taxonomy":"product_cat","embeddable":true,"href":"https:\/\/ramunepiekautaite.com\/lt\/wp-json\/wp\/v2\/product_cat?post=80132"},{"taxonomy":"product_tag","embeddable":true,"href":"https:\/\/ramunepiekautaite.com\/lt\/wp-json\/wp\/v2\/product_tag?post=80132"}],"curies":[{"name":"wp","href":"https:\/\/api.w.org\/{rel}","templated":true}]}}