{"id":80174,"date":"2025-02-19T11:03:21","date_gmt":"2025-02-19T09:03:21","guid":{"rendered":"https:\/\/ramunepiekautaite.com\/product\/pleated-pencil-eco-leather-skirt-chaki\/"},"modified":"2026-05-02T02:03:40","modified_gmt":"2026-05-02T00:03:40","slug":"piestuko-formos-eco-odos-sijonas-chaki","status":"publish","type":"product","link":"https:\/\/ramunepiekautaite.com\/lt\/produktas\/piestuko-formos-eco-odos-sijonas-chaki\/","title":{"rendered":"PIE\u0160TUKO FORMOS ECO ODOS SIJONAS CHAKI"},"content":{"rendered":"<p>Tai eleganti\u0161kas, pie\u0161tuko formos sijonas su klost\u0117mis priekyje. Pagamintas i\u0161 ekologi\u0161kos odos, stilingo chaki atspalvio. Auk\u0161to liemens, kuris i\u0161ry\u0161kina siluet\u0105 ir drapiruotos klost\u0117s priekyje. Puikiai tinka tiek oficialioms, tiek kasdien\u0117ms progoms. \u0160is ekologi\u0161kos odos sijonas, suteikia \u0161iuolaiki\u0161kumo ir tvarumo bet kokiam garderobui.<\/p>\n","protected":false},"excerpt":{"rendered":"<p>Tai eleganti\u0161kas, pie\u0161tuko formos sijonas su klost\u0117mis priekyje. Pagamintas i\u0161 ekologi\u0161kos odos, stilingo chaki atspalvio. Auk\u0161to liemens, kuris i\u0161ry\u0161kina siluet\u0105 ir drapiruotos klost\u0117s priekyje. Puikiai tinka tiek oficialioms, tiek kasdien\u0117ms progoms. \u0160is ekologi\u0161kos odos sijonas, suteikia \u0161iuolaiki\u0161kumo ir tvarumo bet kokiam garderobui.<\/p>\n","protected":false},"featured_media":79567,"template":"","meta":{"_acf_changed":false},"product_brand":[],"product_cat":[112,116,119],"product_tag":[],"class_list":{"0":"post-80174","1":"product","2":"type-product","3":"status-publish","4":"has-post-thumbnail","6":"product_cat-drabuziai","7":"product_cat-shop-lt","8":"product_cat-sijonai","10":"first","11":"outofstock","12":"taxable","13":"shipping-taxable","14":"product-type-variable"},"acf":[],"yoast_head":"<!-- This site is optimized with the Yoast SEO plugin v27.2 - https:\/\/yoast.com\/product\/yoast-seo-wordpress\/ -->\n<title>PIE\u0160TUKO FORMOS ECO ODOS SIJONAS CHAKI | Ramune Piekautaite Fashion House<\/title>\n<meta name=\"robots\" content=\"index, follow, max-snippet:-1, max-image-preview:large, max-video-preview:-1\" \/>\n<link rel=\"canonical\" href=\"https:\/\/ramunepiekautaite.com\/produktas\/pleated-pencil-eco-leather-skirt-chaki\/\" \/>\n<meta property=\"og:locale\" content=\"lt_LT\" \/>\n<meta property=\"og:type\" content=\"article\" \/>\n<meta property=\"og:title\" content=\"PIE\u0160TUKO FORMOS ECO ODOS SIJONAS CHAKI | Ramune Piekautaite Fashion House\" \/>\n<meta property=\"og:description\" content=\"Tai eleganti\u0161kas, pie\u0161tuko formos sijonas su klost\u0117mis priekyje. Pagamintas i\u0161 ekologi\u0161kos odos, stilingo chaki atspalvio. Auk\u0161to liemens, kuris i\u0161ry\u0161kina siluet\u0105 ir drapiruotos klost\u0117s priekyje. Puikiai tinka tiek oficialioms, tiek kasdien\u0117ms progoms. \u0160is ekologi\u0161kos odos sijonas, suteikia \u0161iuolaiki\u0161kumo ir tvarumo bet kokiam garderobui.\" \/>\n<meta property=\"og:url\" content=\"https:\/\/ramunepiekautaite.com\/produktas\/pleated-pencil-eco-leather-skirt-chaki\/\" \/>\n<meta property=\"og:site_name\" content=\"Ramune Piekautaite Fashion House\" \/>\n<meta property=\"article:publisher\" content=\"https:\/\/www.facebook.com\/ramune.piekautaite\/\" \/>\n<meta property=\"article:modified_time\" content=\"2026-05-02T00:03:40+00:00\" \/>\n<meta property=\"og:image\" content=\"https:\/\/ramunepiekautaite.com\/wp-content\/uploads\/2025\/02\/25S2-72-EKO-CHAKI-PRIEKIS-scaled.jpg\" \/>\n\t<meta property=\"og:image:width\" content=\"1810\" \/>\n\t<meta property=\"og:image:height\" content=\"2560\" \/>\n\t<meta property=\"og:image:type\" content=\"image\/jpeg\" \/>\n<meta name=\"twitter:card\" content=\"summary_large_image\" \/>\n<meta name=\"twitter:label1\" content=\"Est. reading time\" \/>\n\t<meta name=\"twitter:data1\" content=\"1 minut\u0117\" \/>\n<script type=\"application\/ld+json\" class=\"yoast-schema-graph\">{\"@context\":\"https:\/\/schema.org\",\"@graph\":[{\"@type\":\"WebPage\",\"@id\":\"https:\/\/ramunepiekautaite.com\/produktas\/pleated-pencil-eco-leather-skirt-chaki\/\",\"url\":\"https:\/\/ramunepiekautaite.com\/produktas\/pleated-pencil-eco-leather-skirt-chaki\/\",\"name\":\"PIE\u0160TUKO FORMOS ECO ODOS SIJONAS CHAKI | Ramune Piekautaite Fashion House\",\"isPartOf\":{\"@id\":\"https:\/\/ramunepiekautaite.com\/#website\"},\"primaryImageOfPage\":{\"@id\":\"https:\/\/ramunepiekautaite.com\/produktas\/pleated-pencil-eco-leather-skirt-chaki\/#primaryimage\"},\"image\":{\"@id\":\"https:\/\/ramunepiekautaite.com\/produktas\/pleated-pencil-eco-leather-skirt-chaki\/#primaryimage\"},\"thumbnailUrl\":\"https:\/\/ramunepiekautaite.com\/wp-content\/uploads\/2025\/02\/25S2-72-EKO-CHAKI-PRIEKIS-scaled.jpg\",\"datePublished\":\"2025-02-19T09:03:21+00:00\",\"dateModified\":\"2026-05-02T00:03:40+00:00\",\"breadcrumb\":{\"@id\":\"https:\/\/ramunepiekautaite.com\/produktas\/pleated-pencil-eco-leather-skirt-chaki\/#breadcrumb\"},\"inLanguage\":\"lt-LT\",\"potentialAction\":[{\"@type\":\"ReadAction\",\"target\":[\"https:\/\/ramunepiekautaite.com\/produktas\/pleated-pencil-eco-leather-skirt-chaki\/\"]}]},{\"@type\":\"ImageObject\",\"inLanguage\":\"lt-LT\",\"@id\":\"https:\/\/ramunepiekautaite.com\/produktas\/pleated-pencil-eco-leather-skirt-chaki\/#primaryimage\",\"url\":\"https:\/\/ramunepiekautaite.com\/wp-content\/uploads\/2025\/02\/25S2-72-EKO-CHAKI-PRIEKIS-scaled.jpg\",\"contentUrl\":\"https:\/\/ramunepiekautaite.com\/wp-content\/uploads\/2025\/02\/25S2-72-EKO-CHAKI-PRIEKIS-scaled.jpg\",\"width\":1810,\"height\":2560},{\"@type\":\"BreadcrumbList\",\"@id\":\"https:\/\/ramunepiekautaite.com\/produktas\/pleated-pencil-eco-leather-skirt-chaki\/#breadcrumb\",\"itemListElement\":[{\"@type\":\"ListItem\",\"position\":1,\"name\":\"Home\",\"item\":\"https:\/\/ramunepiekautaite.com\/lt\/\"},{\"@type\":\"ListItem\",\"position\":2,\"name\":\"Parduotuv\u0117\",\"item\":\"https:\/\/ramunepiekautaite.com\/lt\/parduotuve\/\"},{\"@type\":\"ListItem\",\"position\":3,\"name\":\"PIE\u0160TUKO FORMOS ECO ODOS SIJONAS CHAKI\"}]},{\"@type\":\"WebSite\",\"@id\":\"https:\/\/ramunepiekautaite.com\/#website\",\"url\":\"https:\/\/ramunepiekautaite.com\/\",\"name\":\"Ramune Piekautaite | Fashion House\",\"description\":\"Lithuanian fashion designer, described as romantic, sensual, reserved but luxurious, aristocratically elegant; she also dutifully presents two season collections annually\",\"publisher\":{\"@id\":\"https:\/\/ramunepiekautaite.com\/#organization\"},\"alternateName\":\"RP Fashion House\",\"potentialAction\":[{\"@type\":\"SearchAction\",\"target\":{\"@type\":\"EntryPoint\",\"urlTemplate\":\"https:\/\/ramunepiekautaite.com\/?s={search_term_string}\"},\"query-input\":{\"@type\":\"PropertyValueSpecification\",\"valueRequired\":true,\"valueName\":\"search_term_string\"}}],\"inLanguage\":\"lt-LT\"},{\"@type\":\"Organization\",\"@id\":\"https:\/\/ramunepiekautaite.com\/#organization\",\"name\":\"Mados aik\u0161t\u0117\",\"alternateName\":\"RP Fashion House\",\"url\":\"https:\/\/ramunepiekautaite.com\/\",\"logo\":{\"@type\":\"ImageObject\",\"inLanguage\":\"lt-LT\",\"@id\":\"https:\/\/ramunepiekautaite.com\/#\/schema\/logo\/image\/\",\"url\":\"https:\/\/ramunepiekautaite.com\/wp-content\/uploads\/2024\/05\/RP_512x512_fav.png\",\"contentUrl\":\"https:\/\/ramunepiekautaite.com\/wp-content\/uploads\/2024\/05\/RP_512x512_fav.png\",\"width\":512,\"height\":512,\"caption\":\"Mados aik\u0161t\u0117\"},\"image\":{\"@id\":\"https:\/\/ramunepiekautaite.com\/#\/schema\/logo\/image\/\"},\"sameAs\":[\"https:\/\/www.facebook.com\/ramune.piekautaite\/\",\"https:\/\/www.instagram.com\/ramunepiekautaite\/\"]}]}<\/script>\n<!-- \/ Yoast SEO plugin. -->","yoast_head_json":{"title":"PIE\u0160TUKO FORMOS ECO ODOS SIJONAS CHAKI | Ramune Piekautaite Fashion House","robots":{"index":"index","follow":"follow","max-snippet":"max-snippet:-1","max-image-preview":"max-image-preview:large","max-video-preview":"max-video-preview:-1"},"canonical":"https:\/\/ramunepiekautaite.com\/produktas\/pleated-pencil-eco-leather-skirt-chaki\/","og_locale":"lt_LT","og_type":"article","og_title":"PIE\u0160TUKO FORMOS ECO ODOS SIJONAS CHAKI | Ramune Piekautaite Fashion House","og_description":"Tai eleganti\u0161kas, pie\u0161tuko formos sijonas su klost\u0117mis priekyje. Pagamintas i\u0161 ekologi\u0161kos odos, stilingo chaki atspalvio. Auk\u0161to liemens, kuris i\u0161ry\u0161kina siluet\u0105 ir drapiruotos klost\u0117s priekyje. Puikiai tinka tiek oficialioms, tiek kasdien\u0117ms progoms. \u0160is ekologi\u0161kos odos sijonas, suteikia \u0161iuolaiki\u0161kumo ir tvarumo bet kokiam garderobui.","og_url":"https:\/\/ramunepiekautaite.com\/produktas\/pleated-pencil-eco-leather-skirt-chaki\/","og_site_name":"Ramune Piekautaite Fashion House","article_publisher":"https:\/\/www.facebook.com\/ramune.piekautaite\/","article_modified_time":"2026-05-02T00:03:40+00:00","og_image":[{"width":1810,"height":2560,"url":"https:\/\/ramunepiekautaite.com\/wp-content\/uploads\/2025\/02\/25S2-72-EKO-CHAKI-PRIEKIS-scaled.jpg","type":"image\/jpeg"}],"twitter_card":"summary_large_image","twitter_misc":{"Est. reading time":"1 minut\u0117"},"schema":{"@context":"https:\/\/schema.org","@graph":[{"@type":"WebPage","@id":"https:\/\/ramunepiekautaite.com\/produktas\/pleated-pencil-eco-leather-skirt-chaki\/","url":"https:\/\/ramunepiekautaite.com\/produktas\/pleated-pencil-eco-leather-skirt-chaki\/","name":"PIE\u0160TUKO FORMOS ECO ODOS SIJONAS CHAKI | Ramune Piekautaite Fashion House","isPartOf":{"@id":"https:\/\/ramunepiekautaite.com\/#website"},"primaryImageOfPage":{"@id":"https:\/\/ramunepiekautaite.com\/produktas\/pleated-pencil-eco-leather-skirt-chaki\/#primaryimage"},"image":{"@id":"https:\/\/ramunepiekautaite.com\/produktas\/pleated-pencil-eco-leather-skirt-chaki\/#primaryimage"},"thumbnailUrl":"https:\/\/ramunepiekautaite.com\/wp-content\/uploads\/2025\/02\/25S2-72-EKO-CHAKI-PRIEKIS-scaled.jpg","datePublished":"2025-02-19T09:03:21+00:00","dateModified":"2026-05-02T00:03:40+00:00","breadcrumb":{"@id":"https:\/\/ramunepiekautaite.com\/produktas\/pleated-pencil-eco-leather-skirt-chaki\/#breadcrumb"},"inLanguage":"lt-LT","potentialAction":[{"@type":"ReadAction","target":["https:\/\/ramunepiekautaite.com\/produktas\/pleated-pencil-eco-leather-skirt-chaki\/"]}]},{"@type":"ImageObject","inLanguage":"lt-LT","@id":"https:\/\/ramunepiekautaite.com\/produktas\/pleated-pencil-eco-leather-skirt-chaki\/#primaryimage","url":"https:\/\/ramunepiekautaite.com\/wp-content\/uploads\/2025\/02\/25S2-72-EKO-CHAKI-PRIEKIS-scaled.jpg","contentUrl":"https:\/\/ramunepiekautaite.com\/wp-content\/uploads\/2025\/02\/25S2-72-EKO-CHAKI-PRIEKIS-scaled.jpg","width":1810,"height":2560},{"@type":"BreadcrumbList","@id":"https:\/\/ramunepiekautaite.com\/produktas\/pleated-pencil-eco-leather-skirt-chaki\/#breadcrumb","itemListElement":[{"@type":"ListItem","position":1,"name":"Home","item":"https:\/\/ramunepiekautaite.com\/lt\/"},{"@type":"ListItem","position":2,"name":"Parduotuv\u0117","item":"https:\/\/ramunepiekautaite.com\/lt\/parduotuve\/"},{"@type":"ListItem","position":3,"name":"PIE\u0160TUKO FORMOS ECO ODOS SIJONAS CHAKI"}]},{"@type":"WebSite","@id":"https:\/\/ramunepiekautaite.com\/#website","url":"https:\/\/ramunepiekautaite.com\/","name":"Ramune Piekautaite | Fashion House","description":"Lithuanian fashion designer, described as romantic, sensual, reserved but luxurious, aristocratically elegant; she also dutifully presents two season collections annually","publisher":{"@id":"https:\/\/ramunepiekautaite.com\/#organization"},"alternateName":"RP Fashion House","potentialAction":[{"@type":"SearchAction","target":{"@type":"EntryPoint","urlTemplate":"https:\/\/ramunepiekautaite.com\/?s={search_term_string}"},"query-input":{"@type":"PropertyValueSpecification","valueRequired":true,"valueName":"search_term_string"}}],"inLanguage":"lt-LT"},{"@type":"Organization","@id":"https:\/\/ramunepiekautaite.com\/#organization","name":"Mados aik\u0161t\u0117","alternateName":"RP Fashion House","url":"https:\/\/ramunepiekautaite.com\/","logo":{"@type":"ImageObject","inLanguage":"lt-LT","@id":"https:\/\/ramunepiekautaite.com\/#\/schema\/logo\/image\/","url":"https:\/\/ramunepiekautaite.com\/wp-content\/uploads\/2024\/05\/RP_512x512_fav.png","contentUrl":"https:\/\/ramunepiekautaite.com\/wp-content\/uploads\/2024\/05\/RP_512x512_fav.png","width":512,"height":512,"caption":"Mados aik\u0161t\u0117"},"image":{"@id":"https:\/\/ramunepiekautaite.com\/#\/schema\/logo\/image\/"},"sameAs":["https:\/\/www.facebook.com\/ramune.piekautaite\/","https:\/\/www.instagram.com\/ramunepiekautaite\/"]}]}},"_links":{"self":[{"href":"https:\/\/ramunepiekautaite.com\/lt\/wp-json\/wp\/v2\/product\/80174","targetHints":{"allow":["GET"]}}],"collection":[{"href":"https:\/\/ramunepiekautaite.com\/lt\/wp-json\/wp\/v2\/product"}],"about":[{"href":"https:\/\/ramunepiekautaite.com\/lt\/wp-json\/wp\/v2\/types\/product"}],"wp:featuredmedia":[{"embeddable":true,"href":"https:\/\/ramunepiekautaite.com\/lt\/wp-json\/wp\/v2\/media\/79567"}],"wp:attachment":[{"href":"https:\/\/ramunepiekautaite.com\/lt\/wp-json\/wp\/v2\/media?parent=80174"}],"wp:term":[{"taxonomy":"product_brand","embeddable":true,"href":"https:\/\/ramunepiekautaite.com\/lt\/wp-json\/wp\/v2\/product_brand?post=80174"},{"taxonomy":"product_cat","embeddable":true,"href":"https:\/\/ramunepiekautaite.com\/lt\/wp-json\/wp\/v2\/product_cat?post=80174"},{"taxonomy":"product_tag","embeddable":true,"href":"https:\/\/ramunepiekautaite.com\/lt\/wp-json\/wp\/v2\/product_tag?post=80174"}],"curies":[{"name":"wp","href":"https:\/\/api.w.org\/{rel}","templated":true}]}}