{"id":81698,"date":"2025-04-04T14:12:42","date_gmt":"2025-04-04T12:12:42","guid":{"rendered":"https:\/\/ramunepiekautaite.com\/product\/long-denim-skirt-with-front-slit-dark-blue\/"},"modified":"2026-04-28T17:03:52","modified_gmt":"2026-04-28T15:03:52","slug":"dzinsinis-sijonas-su-skeltuku-priekyje-t-melynas","status":"publish","type":"product","link":"https:\/\/ramunepiekautaite.com\/lt\/produktas\/dzinsinis-sijonas-su-skeltuku-priekyje-t-melynas\/","title":{"rendered":"D\u017dINSINIS SIJONAS SU SKELTUKU PRIEKYJE T.M\u0116LYNAS"},"content":{"rendered":"<p>Ilgas, d\u017einsinis sijonas su skeltuku priekyje, kuris suteikia patogumo ir stilingumo. Auk\u0161tas liemuo pabr\u0117\u017eia siluet\u0105. \u0160is sijonas puikiai tinka \u012fvairiems deriniams \u2013 tiek kasdieniam, tiek eleganti\u0161kam \u012fvaizd\u017eiui.<\/p>\n<p><em>SVARBU!<\/p>\n<p>\u0160IS GAMINYS YRA PAGAMINTAS<br \/>\nI\u0160 DA\u017dYTO D\u017dINSINIO AUDINIO.<br \/>\nGALI I\u0160TEPTI IR PALIKTI D\u0116MES<br \/>\nANT \u0160VIESI\u0172 GAMINI\u0172 AR BALD\u0172.<br \/>\nLAIPSNI\u0160KAS BLUKIMAS YRA<br \/>\nB\u016aDINGAS \u0160IAM PRODUKTUI,<br \/>\nTAI N\u0116RA BROKAS. PRA\u0160OME<br \/>\nLAIKYTIS PRIE\u017dI\u016aROS IR<br \/>\nPLOVIMO INSTRUKCIJ\u0172<\/em><\/p>\n","protected":false},"excerpt":{"rendered":"<p>Ilgas, d\u017einsinis sijonas su skeltuku priekyje, kuris suteikia patogumo ir stilingumo. Auk\u0161tas liemuo pabr\u0117\u017eia siluet\u0105. \u0160is sijonas puikiai tinka \u012fvairiems deriniams \u2013 tiek kasdieniam, tiek eleganti\u0161kam \u012fvaizd\u017eiui. SVARBU! \u0160IS GAMINYS YRA PAGAMINTAS I\u0160 DA\u017dYTO D\u017dINSINIO AUDINIO. GALI I\u0160TEPTI IR PALIKTI D\u0116MES ANT \u0160VIESI\u0172 GAMINI\u0172 AR BALD\u0172. LAIPSNI\u0160KAS BLUKIMAS YRA B\u016aDINGAS \u0160IAM PRODUKTUI, TAI N\u0116RA BROKAS. [&hellip;]<\/p>\n","protected":false},"featured_media":81693,"template":"","meta":{"_acf_changed":false},"product_brand":[],"product_cat":[112,124,116,119],"product_tag":[],"class_list":{"0":"post-81698","1":"product","2":"type-product","3":"status-publish","4":"has-post-thumbnail","6":"product_cat-drabuziai","7":"product_cat-dzinsas","8":"product_cat-shop-lt","9":"product_cat-sijonai","11":"first","12":"instock","13":"taxable","14":"shipping-taxable","15":"purchasable","16":"product-type-variable"},"acf":[],"yoast_head":"<!-- This site is optimized with the Yoast SEO plugin v27.2 - https:\/\/yoast.com\/product\/yoast-seo-wordpress\/ -->\n<title>D\u017dINSINIS SIJONAS SU SKELTUKU PRIEKYJE T.M\u0116LYNAS | Ramune Piekautaite Fashion House<\/title>\n<meta name=\"robots\" content=\"index, follow, max-snippet:-1, max-image-preview:large, max-video-preview:-1\" \/>\n<link rel=\"canonical\" href=\"https:\/\/ramunepiekautaite.com\/lt\/produktas\/dzinsinis-sijonas-su-skeltuku-priekyje-t-melynas\/\" \/>\n<meta property=\"og:locale\" content=\"lt_LT\" \/>\n<meta property=\"og:type\" content=\"article\" \/>\n<meta property=\"og:title\" content=\"D\u017dINSINIS SIJONAS SU SKELTUKU PRIEKYJE T.M\u0116LYNAS | Ramune Piekautaite Fashion House\" \/>\n<meta property=\"og:description\" content=\"Ilgas, d\u017einsinis sijonas su skeltuku priekyje, kuris suteikia patogumo ir stilingumo. Auk\u0161tas liemuo pabr\u0117\u017eia siluet\u0105. \u0160is sijonas puikiai tinka \u012fvairiems deriniams \u2013 tiek kasdieniam, tiek eleganti\u0161kam \u012fvaizd\u017eiui. SVARBU! \u0160IS GAMINYS YRA PAGAMINTAS I\u0160 DA\u017dYTO D\u017dINSINIO AUDINIO. GALI I\u0160TEPTI IR PALIKTI D\u0116MES ANT \u0160VIESI\u0172 GAMINI\u0172 AR BALD\u0172. LAIPSNI\u0160KAS BLUKIMAS YRA B\u016aDINGAS \u0160IAM PRODUKTUI, TAI N\u0116RA BROKAS. [&hellip;]\" \/>\n<meta property=\"og:url\" content=\"https:\/\/ramunepiekautaite.com\/lt\/produktas\/dzinsinis-sijonas-su-skeltuku-priekyje-t-melynas\/\" \/>\n<meta property=\"og:site_name\" content=\"Ramune Piekautaite Fashion House\" \/>\n<meta property=\"article:publisher\" content=\"https:\/\/www.facebook.com\/ramune.piekautaite\/\" \/>\n<meta property=\"article:modified_time\" content=\"2026-04-28T15:03:52+00:00\" \/>\n<meta property=\"og:image\" content=\"https:\/\/ramunepiekautaite.com\/wp-content\/uploads\/2025\/04\/25J2-55-BLUE-PRIEKIS-1-scaled.jpg\" \/>\n\t<meta property=\"og:image:width\" content=\"1810\" \/>\n\t<meta property=\"og:image:height\" content=\"2560\" \/>\n\t<meta property=\"og:image:type\" content=\"image\/jpeg\" \/>\n<meta name=\"twitter:card\" content=\"summary_large_image\" \/>\n<meta name=\"twitter:label1\" content=\"Est. reading time\" \/>\n\t<meta name=\"twitter:data1\" content=\"1 minut\u0117\" \/>\n<script type=\"application\/ld+json\" class=\"yoast-schema-graph\">{\"@context\":\"https:\/\/schema.org\",\"@graph\":[{\"@type\":\"WebPage\",\"@id\":\"https:\/\/ramunepiekautaite.com\/lt\/produktas\/dzinsinis-sijonas-su-skeltuku-priekyje-t-melynas\/\",\"url\":\"https:\/\/ramunepiekautaite.com\/lt\/produktas\/dzinsinis-sijonas-su-skeltuku-priekyje-t-melynas\/\",\"name\":\"D\u017dINSINIS SIJONAS SU SKELTUKU PRIEKYJE T.M\u0116LYNAS | Ramune Piekautaite Fashion House\",\"isPartOf\":{\"@id\":\"https:\/\/ramunepiekautaite.com\/#website\"},\"primaryImageOfPage\":{\"@id\":\"https:\/\/ramunepiekautaite.com\/lt\/produktas\/dzinsinis-sijonas-su-skeltuku-priekyje-t-melynas\/#primaryimage\"},\"image\":{\"@id\":\"https:\/\/ramunepiekautaite.com\/lt\/produktas\/dzinsinis-sijonas-su-skeltuku-priekyje-t-melynas\/#primaryimage\"},\"thumbnailUrl\":\"https:\/\/ramunepiekautaite.com\/wp-content\/uploads\/2025\/04\/25J2-55-BLUE-PRIEKIS-1-scaled.jpg\",\"datePublished\":\"2025-04-04T12:12:42+00:00\",\"dateModified\":\"2026-04-28T15:03:52+00:00\",\"breadcrumb\":{\"@id\":\"https:\/\/ramunepiekautaite.com\/lt\/produktas\/dzinsinis-sijonas-su-skeltuku-priekyje-t-melynas\/#breadcrumb\"},\"inLanguage\":\"lt-LT\",\"potentialAction\":[{\"@type\":\"ReadAction\",\"target\":[\"https:\/\/ramunepiekautaite.com\/lt\/produktas\/dzinsinis-sijonas-su-skeltuku-priekyje-t-melynas\/\"]}]},{\"@type\":\"ImageObject\",\"inLanguage\":\"lt-LT\",\"@id\":\"https:\/\/ramunepiekautaite.com\/lt\/produktas\/dzinsinis-sijonas-su-skeltuku-priekyje-t-melynas\/#primaryimage\",\"url\":\"https:\/\/ramunepiekautaite.com\/wp-content\/uploads\/2025\/04\/25J2-55-BLUE-PRIEKIS-1-scaled.jpg\",\"contentUrl\":\"https:\/\/ramunepiekautaite.com\/wp-content\/uploads\/2025\/04\/25J2-55-BLUE-PRIEKIS-1-scaled.jpg\",\"width\":1810,\"height\":2560},{\"@type\":\"BreadcrumbList\",\"@id\":\"https:\/\/ramunepiekautaite.com\/lt\/produktas\/dzinsinis-sijonas-su-skeltuku-priekyje-t-melynas\/#breadcrumb\",\"itemListElement\":[{\"@type\":\"ListItem\",\"position\":1,\"name\":\"Home\",\"item\":\"https:\/\/ramunepiekautaite.com\/lt\/\"},{\"@type\":\"ListItem\",\"position\":2,\"name\":\"Parduotuv\u0117\",\"item\":\"https:\/\/ramunepiekautaite.com\/lt\/parduotuve\/\"},{\"@type\":\"ListItem\",\"position\":3,\"name\":\"D\u017dINSINIS SIJONAS SU SKELTUKU PRIEKYJE T.M\u0116LYNAS\"}]},{\"@type\":\"WebSite\",\"@id\":\"https:\/\/ramunepiekautaite.com\/#website\",\"url\":\"https:\/\/ramunepiekautaite.com\/\",\"name\":\"Ramune Piekautaite | Fashion House\",\"description\":\"Lithuanian fashion designer, described as romantic, sensual, reserved but luxurious, aristocratically elegant; she also dutifully presents two season collections annually\",\"publisher\":{\"@id\":\"https:\/\/ramunepiekautaite.com\/#organization\"},\"alternateName\":\"RP Fashion House\",\"potentialAction\":[{\"@type\":\"SearchAction\",\"target\":{\"@type\":\"EntryPoint\",\"urlTemplate\":\"https:\/\/ramunepiekautaite.com\/?s={search_term_string}\"},\"query-input\":{\"@type\":\"PropertyValueSpecification\",\"valueRequired\":true,\"valueName\":\"search_term_string\"}}],\"inLanguage\":\"lt-LT\"},{\"@type\":\"Organization\",\"@id\":\"https:\/\/ramunepiekautaite.com\/#organization\",\"name\":\"Mados aik\u0161t\u0117\",\"alternateName\":\"RP Fashion House\",\"url\":\"https:\/\/ramunepiekautaite.com\/\",\"logo\":{\"@type\":\"ImageObject\",\"inLanguage\":\"lt-LT\",\"@id\":\"https:\/\/ramunepiekautaite.com\/#\/schema\/logo\/image\/\",\"url\":\"https:\/\/ramunepiekautaite.com\/wp-content\/uploads\/2024\/05\/RP_512x512_fav.png\",\"contentUrl\":\"https:\/\/ramunepiekautaite.com\/wp-content\/uploads\/2024\/05\/RP_512x512_fav.png\",\"width\":512,\"height\":512,\"caption\":\"Mados aik\u0161t\u0117\"},\"image\":{\"@id\":\"https:\/\/ramunepiekautaite.com\/#\/schema\/logo\/image\/\"},\"sameAs\":[\"https:\/\/www.facebook.com\/ramune.piekautaite\/\",\"https:\/\/www.instagram.com\/ramunepiekautaite\/\"]}]}<\/script>\n<!-- \/ Yoast SEO plugin. -->","yoast_head_json":{"title":"D\u017dINSINIS SIJONAS SU SKELTUKU PRIEKYJE T.M\u0116LYNAS | Ramune Piekautaite Fashion House","robots":{"index":"index","follow":"follow","max-snippet":"max-snippet:-1","max-image-preview":"max-image-preview:large","max-video-preview":"max-video-preview:-1"},"canonical":"https:\/\/ramunepiekautaite.com\/lt\/produktas\/dzinsinis-sijonas-su-skeltuku-priekyje-t-melynas\/","og_locale":"lt_LT","og_type":"article","og_title":"D\u017dINSINIS SIJONAS SU SKELTUKU PRIEKYJE T.M\u0116LYNAS | Ramune Piekautaite Fashion House","og_description":"Ilgas, d\u017einsinis sijonas su skeltuku priekyje, kuris suteikia patogumo ir stilingumo. Auk\u0161tas liemuo pabr\u0117\u017eia siluet\u0105. \u0160is sijonas puikiai tinka \u012fvairiems deriniams \u2013 tiek kasdieniam, tiek eleganti\u0161kam \u012fvaizd\u017eiui. SVARBU! \u0160IS GAMINYS YRA PAGAMINTAS I\u0160 DA\u017dYTO D\u017dINSINIO AUDINIO. GALI I\u0160TEPTI IR PALIKTI D\u0116MES ANT \u0160VIESI\u0172 GAMINI\u0172 AR BALD\u0172. LAIPSNI\u0160KAS BLUKIMAS YRA B\u016aDINGAS \u0160IAM PRODUKTUI, TAI N\u0116RA BROKAS. [&hellip;]","og_url":"https:\/\/ramunepiekautaite.com\/lt\/produktas\/dzinsinis-sijonas-su-skeltuku-priekyje-t-melynas\/","og_site_name":"Ramune Piekautaite Fashion House","article_publisher":"https:\/\/www.facebook.com\/ramune.piekautaite\/","article_modified_time":"2026-04-28T15:03:52+00:00","og_image":[{"width":1810,"height":2560,"url":"https:\/\/ramunepiekautaite.com\/wp-content\/uploads\/2025\/04\/25J2-55-BLUE-PRIEKIS-1-scaled.jpg","type":"image\/jpeg"}],"twitter_card":"summary_large_image","twitter_misc":{"Est. reading time":"1 minut\u0117"},"schema":{"@context":"https:\/\/schema.org","@graph":[{"@type":"WebPage","@id":"https:\/\/ramunepiekautaite.com\/lt\/produktas\/dzinsinis-sijonas-su-skeltuku-priekyje-t-melynas\/","url":"https:\/\/ramunepiekautaite.com\/lt\/produktas\/dzinsinis-sijonas-su-skeltuku-priekyje-t-melynas\/","name":"D\u017dINSINIS SIJONAS SU SKELTUKU PRIEKYJE T.M\u0116LYNAS | Ramune Piekautaite Fashion House","isPartOf":{"@id":"https:\/\/ramunepiekautaite.com\/#website"},"primaryImageOfPage":{"@id":"https:\/\/ramunepiekautaite.com\/lt\/produktas\/dzinsinis-sijonas-su-skeltuku-priekyje-t-melynas\/#primaryimage"},"image":{"@id":"https:\/\/ramunepiekautaite.com\/lt\/produktas\/dzinsinis-sijonas-su-skeltuku-priekyje-t-melynas\/#primaryimage"},"thumbnailUrl":"https:\/\/ramunepiekautaite.com\/wp-content\/uploads\/2025\/04\/25J2-55-BLUE-PRIEKIS-1-scaled.jpg","datePublished":"2025-04-04T12:12:42+00:00","dateModified":"2026-04-28T15:03:52+00:00","breadcrumb":{"@id":"https:\/\/ramunepiekautaite.com\/lt\/produktas\/dzinsinis-sijonas-su-skeltuku-priekyje-t-melynas\/#breadcrumb"},"inLanguage":"lt-LT","potentialAction":[{"@type":"ReadAction","target":["https:\/\/ramunepiekautaite.com\/lt\/produktas\/dzinsinis-sijonas-su-skeltuku-priekyje-t-melynas\/"]}]},{"@type":"ImageObject","inLanguage":"lt-LT","@id":"https:\/\/ramunepiekautaite.com\/lt\/produktas\/dzinsinis-sijonas-su-skeltuku-priekyje-t-melynas\/#primaryimage","url":"https:\/\/ramunepiekautaite.com\/wp-content\/uploads\/2025\/04\/25J2-55-BLUE-PRIEKIS-1-scaled.jpg","contentUrl":"https:\/\/ramunepiekautaite.com\/wp-content\/uploads\/2025\/04\/25J2-55-BLUE-PRIEKIS-1-scaled.jpg","width":1810,"height":2560},{"@type":"BreadcrumbList","@id":"https:\/\/ramunepiekautaite.com\/lt\/produktas\/dzinsinis-sijonas-su-skeltuku-priekyje-t-melynas\/#breadcrumb","itemListElement":[{"@type":"ListItem","position":1,"name":"Home","item":"https:\/\/ramunepiekautaite.com\/lt\/"},{"@type":"ListItem","position":2,"name":"Parduotuv\u0117","item":"https:\/\/ramunepiekautaite.com\/lt\/parduotuve\/"},{"@type":"ListItem","position":3,"name":"D\u017dINSINIS SIJONAS SU SKELTUKU PRIEKYJE T.M\u0116LYNAS"}]},{"@type":"WebSite","@id":"https:\/\/ramunepiekautaite.com\/#website","url":"https:\/\/ramunepiekautaite.com\/","name":"Ramune Piekautaite | Fashion House","description":"Lithuanian fashion designer, described as romantic, sensual, reserved but luxurious, aristocratically elegant; she also dutifully presents two season collections annually","publisher":{"@id":"https:\/\/ramunepiekautaite.com\/#organization"},"alternateName":"RP Fashion House","potentialAction":[{"@type":"SearchAction","target":{"@type":"EntryPoint","urlTemplate":"https:\/\/ramunepiekautaite.com\/?s={search_term_string}"},"query-input":{"@type":"PropertyValueSpecification","valueRequired":true,"valueName":"search_term_string"}}],"inLanguage":"lt-LT"},{"@type":"Organization","@id":"https:\/\/ramunepiekautaite.com\/#organization","name":"Mados aik\u0161t\u0117","alternateName":"RP Fashion House","url":"https:\/\/ramunepiekautaite.com\/","logo":{"@type":"ImageObject","inLanguage":"lt-LT","@id":"https:\/\/ramunepiekautaite.com\/#\/schema\/logo\/image\/","url":"https:\/\/ramunepiekautaite.com\/wp-content\/uploads\/2024\/05\/RP_512x512_fav.png","contentUrl":"https:\/\/ramunepiekautaite.com\/wp-content\/uploads\/2024\/05\/RP_512x512_fav.png","width":512,"height":512,"caption":"Mados aik\u0161t\u0117"},"image":{"@id":"https:\/\/ramunepiekautaite.com\/#\/schema\/logo\/image\/"},"sameAs":["https:\/\/www.facebook.com\/ramune.piekautaite\/","https:\/\/www.instagram.com\/ramunepiekautaite\/"]}]}},"_links":{"self":[{"href":"https:\/\/ramunepiekautaite.com\/lt\/wp-json\/wp\/v2\/product\/81698","targetHints":{"allow":["GET"]}}],"collection":[{"href":"https:\/\/ramunepiekautaite.com\/lt\/wp-json\/wp\/v2\/product"}],"about":[{"href":"https:\/\/ramunepiekautaite.com\/lt\/wp-json\/wp\/v2\/types\/product"}],"wp:featuredmedia":[{"embeddable":true,"href":"https:\/\/ramunepiekautaite.com\/lt\/wp-json\/wp\/v2\/media\/81693"}],"wp:attachment":[{"href":"https:\/\/ramunepiekautaite.com\/lt\/wp-json\/wp\/v2\/media?parent=81698"}],"wp:term":[{"taxonomy":"product_brand","embeddable":true,"href":"https:\/\/ramunepiekautaite.com\/lt\/wp-json\/wp\/v2\/product_brand?post=81698"},{"taxonomy":"product_cat","embeddable":true,"href":"https:\/\/ramunepiekautaite.com\/lt\/wp-json\/wp\/v2\/product_cat?post=81698"},{"taxonomy":"product_tag","embeddable":true,"href":"https:\/\/ramunepiekautaite.com\/lt\/wp-json\/wp\/v2\/product_tag?post=81698"}],"curies":[{"name":"wp","href":"https:\/\/api.w.org\/{rel}","templated":true}]}}