{"id":83114,"date":"2025-06-02T13:41:59","date_gmt":"2025-06-02T11:41:59","guid":{"rendered":"https:\/\/ramunepiekautaite.com\/product\/slingbacks-with-buckle-cappuccino\/"},"modified":"2026-04-28T13:33:28","modified_gmt":"2026-04-28T11:33:28","slug":"isispiriami-bateliai-su-sagtimi-kapucino","status":"publish","type":"product","link":"https:\/\/ramunepiekautaite.com\/lt\/produktas\/isispiriami-bateliai-su-sagtimi-kapucino\/","title":{"rendered":"\u012eSISPIRIAMI BATELIAI SU SAGTIMI KAPU\u010cINO"},"content":{"rendered":"<p>Eleganti\u0161ki, minimalistiniai bateliai su atviru kulnu. Smaili nosis, reguliuojamas dir\u017eelis su sagtimi &#8211; u\u017etikrinant\u012fs stabil\u0173 prilaikym\u0105. Pagaminti i\u0161 nat\u016bralios lygios odos. Stilingi ir patog\u016bs, tod\u0117l puikiai tinka kasdieniam ne\u0161iojimui ar rafinuotam, profesionaliam \u012fvaizd\u017eiui.<\/p>\n<p>Parduodami su apsauginiu mai\u0161eliu (dustbag) ir vardine d\u0117\u017eute.<\/p>\n<p>Visas kulno auk\u0161tis ~2,3cm.<\/p>\n<p>Pagaminta Portugalijoje.<\/p>\n","protected":false},"excerpt":{"rendered":"<p>Eleganti\u0161ki, minimalistiniai bateliai su atviru kulnu. Smaili nosis, reguliuojamas dir\u017eelis su sagtimi &#8211; u\u017etikrinant\u012fs stabil\u0173 prilaikym\u0105. Pagaminti i\u0161 nat\u016bralios lygios odos. Stilingi ir patog\u016bs, tod\u0117l puikiai tinka kasdieniam ne\u0161iojimui ar rafinuotam, profesionaliam \u012fvaizd\u017eiui. Parduodami su apsauginiu mai\u0161eliu (dustbag) ir vardine d\u0117\u017eute. Visas kulno auk\u0161tis ~2,3cm. Pagaminta Portugalijoje.<\/p>\n","protected":false},"featured_media":83094,"template":"","meta":{"_acf_changed":false},"product_brand":[],"product_cat":[123,116],"product_tag":[],"class_list":{"0":"post-83114","1":"product","2":"type-product","3":"status-publish","4":"has-post-thumbnail","6":"product_cat-batai-lt","7":"product_cat-shop-lt","9":"first","10":"instock","11":"taxable","12":"shipping-taxable","13":"purchasable","14":"product-type-variable"},"acf":[],"yoast_head":"<!-- This site is optimized with the Yoast SEO plugin v27.2 - https:\/\/yoast.com\/product\/yoast-seo-wordpress\/ -->\n<title>\u012eSISPIRIAMI BATELIAI SU SAGTIMI KAPU\u010cINO | Ramune Piekautaite Fashion House<\/title>\n<meta name=\"robots\" content=\"index, follow, max-snippet:-1, max-image-preview:large, max-video-preview:-1\" \/>\n<link rel=\"canonical\" href=\"https:\/\/ramunepiekautaite.com\/produktas\/slingbacks-with-buckle-cappuccino\/\" \/>\n<meta property=\"og:locale\" content=\"lt_LT\" \/>\n<meta property=\"og:type\" content=\"article\" \/>\n<meta property=\"og:title\" content=\"\u012eSISPIRIAMI BATELIAI SU SAGTIMI KAPU\u010cINO | Ramune Piekautaite Fashion House\" \/>\n<meta property=\"og:description\" content=\"Eleganti\u0161ki, minimalistiniai bateliai su atviru kulnu. Smaili nosis, reguliuojamas dir\u017eelis su sagtimi &#8211; u\u017etikrinant\u012fs stabil\u0173 prilaikym\u0105. Pagaminti i\u0161 nat\u016bralios lygios odos. Stilingi ir patog\u016bs, tod\u0117l puikiai tinka kasdieniam ne\u0161iojimui ar rafinuotam, profesionaliam \u012fvaizd\u017eiui. Parduodami su apsauginiu mai\u0161eliu (dustbag) ir vardine d\u0117\u017eute. Visas kulno auk\u0161tis ~2,3cm. Pagaminta Portugalijoje.\" \/>\n<meta property=\"og:url\" content=\"https:\/\/ramunepiekautaite.com\/produktas\/slingbacks-with-buckle-cappuccino\/\" \/>\n<meta property=\"og:site_name\" content=\"Ramune Piekautaite Fashion House\" \/>\n<meta property=\"article:publisher\" content=\"https:\/\/www.facebook.com\/ramune.piekautaite\/\" \/>\n<meta property=\"article:modified_time\" content=\"2026-04-28T11:33:28+00:00\" \/>\n<meta property=\"og:image\" content=\"https:\/\/ramunepiekautaite.com\/wp-content\/uploads\/2025\/06\/25B-37-CAPPUCCINO-1-scaled.jpg\" \/>\n\t<meta property=\"og:image:width\" content=\"1810\" \/>\n\t<meta property=\"og:image:height\" content=\"2560\" \/>\n\t<meta property=\"og:image:type\" content=\"image\/jpeg\" \/>\n<meta name=\"twitter:card\" content=\"summary_large_image\" \/>\n<meta name=\"twitter:label1\" content=\"Est. reading time\" \/>\n\t<meta name=\"twitter:data1\" content=\"1 minut\u0117\" \/>\n<script type=\"application\/ld+json\" class=\"yoast-schema-graph\">{\"@context\":\"https:\/\/schema.org\",\"@graph\":[{\"@type\":\"WebPage\",\"@id\":\"https:\/\/ramunepiekautaite.com\/produktas\/slingbacks-with-buckle-cappuccino\/\",\"url\":\"https:\/\/ramunepiekautaite.com\/produktas\/slingbacks-with-buckle-cappuccino\/\",\"name\":\"\u012eSISPIRIAMI BATELIAI SU SAGTIMI KAPU\u010cINO | Ramune Piekautaite Fashion House\",\"isPartOf\":{\"@id\":\"https:\/\/ramunepiekautaite.com\/#website\"},\"primaryImageOfPage\":{\"@id\":\"https:\/\/ramunepiekautaite.com\/produktas\/slingbacks-with-buckle-cappuccino\/#primaryimage\"},\"image\":{\"@id\":\"https:\/\/ramunepiekautaite.com\/produktas\/slingbacks-with-buckle-cappuccino\/#primaryimage\"},\"thumbnailUrl\":\"https:\/\/ramunepiekautaite.com\/wp-content\/uploads\/2025\/06\/25B-37-CAPPUCCINO-1-scaled.jpg\",\"datePublished\":\"2025-06-02T11:41:59+00:00\",\"dateModified\":\"2026-04-28T11:33:28+00:00\",\"breadcrumb\":{\"@id\":\"https:\/\/ramunepiekautaite.com\/produktas\/slingbacks-with-buckle-cappuccino\/#breadcrumb\"},\"inLanguage\":\"lt-LT\",\"potentialAction\":[{\"@type\":\"ReadAction\",\"target\":[\"https:\/\/ramunepiekautaite.com\/produktas\/slingbacks-with-buckle-cappuccino\/\"]}]},{\"@type\":\"ImageObject\",\"inLanguage\":\"lt-LT\",\"@id\":\"https:\/\/ramunepiekautaite.com\/produktas\/slingbacks-with-buckle-cappuccino\/#primaryimage\",\"url\":\"https:\/\/ramunepiekautaite.com\/wp-content\/uploads\/2025\/06\/25B-37-CAPPUCCINO-1-scaled.jpg\",\"contentUrl\":\"https:\/\/ramunepiekautaite.com\/wp-content\/uploads\/2025\/06\/25B-37-CAPPUCCINO-1-scaled.jpg\",\"width\":1810,\"height\":2560},{\"@type\":\"BreadcrumbList\",\"@id\":\"https:\/\/ramunepiekautaite.com\/produktas\/slingbacks-with-buckle-cappuccino\/#breadcrumb\",\"itemListElement\":[{\"@type\":\"ListItem\",\"position\":1,\"name\":\"Home\",\"item\":\"https:\/\/ramunepiekautaite.com\/lt\/\"},{\"@type\":\"ListItem\",\"position\":2,\"name\":\"Parduotuv\u0117\",\"item\":\"https:\/\/ramunepiekautaite.com\/lt\/parduotuve\/\"},{\"@type\":\"ListItem\",\"position\":3,\"name\":\"\u012eSISPIRIAMI BATELIAI SU SAGTIMI KAPU\u010cINO\"}]},{\"@type\":\"WebSite\",\"@id\":\"https:\/\/ramunepiekautaite.com\/#website\",\"url\":\"https:\/\/ramunepiekautaite.com\/\",\"name\":\"Ramune Piekautaite | Fashion House\",\"description\":\"Lithuanian fashion designer, described as romantic, sensual, reserved but luxurious, aristocratically elegant; she also dutifully presents two season collections annually\",\"publisher\":{\"@id\":\"https:\/\/ramunepiekautaite.com\/#organization\"},\"alternateName\":\"RP Fashion House\",\"potentialAction\":[{\"@type\":\"SearchAction\",\"target\":{\"@type\":\"EntryPoint\",\"urlTemplate\":\"https:\/\/ramunepiekautaite.com\/?s={search_term_string}\"},\"query-input\":{\"@type\":\"PropertyValueSpecification\",\"valueRequired\":true,\"valueName\":\"search_term_string\"}}],\"inLanguage\":\"lt-LT\"},{\"@type\":\"Organization\",\"@id\":\"https:\/\/ramunepiekautaite.com\/#organization\",\"name\":\"Mados aik\u0161t\u0117\",\"alternateName\":\"RP Fashion House\",\"url\":\"https:\/\/ramunepiekautaite.com\/\",\"logo\":{\"@type\":\"ImageObject\",\"inLanguage\":\"lt-LT\",\"@id\":\"https:\/\/ramunepiekautaite.com\/#\/schema\/logo\/image\/\",\"url\":\"https:\/\/ramunepiekautaite.com\/wp-content\/uploads\/2024\/05\/RP_512x512_fav.png\",\"contentUrl\":\"https:\/\/ramunepiekautaite.com\/wp-content\/uploads\/2024\/05\/RP_512x512_fav.png\",\"width\":512,\"height\":512,\"caption\":\"Mados aik\u0161t\u0117\"},\"image\":{\"@id\":\"https:\/\/ramunepiekautaite.com\/#\/schema\/logo\/image\/\"},\"sameAs\":[\"https:\/\/www.facebook.com\/ramune.piekautaite\/\",\"https:\/\/www.instagram.com\/ramunepiekautaite\/\"]}]}<\/script>\n<!-- \/ Yoast SEO plugin. -->","yoast_head_json":{"title":"\u012eSISPIRIAMI BATELIAI SU SAGTIMI KAPU\u010cINO | Ramune Piekautaite Fashion House","robots":{"index":"index","follow":"follow","max-snippet":"max-snippet:-1","max-image-preview":"max-image-preview:large","max-video-preview":"max-video-preview:-1"},"canonical":"https:\/\/ramunepiekautaite.com\/produktas\/slingbacks-with-buckle-cappuccino\/","og_locale":"lt_LT","og_type":"article","og_title":"\u012eSISPIRIAMI BATELIAI SU SAGTIMI KAPU\u010cINO | Ramune Piekautaite Fashion House","og_description":"Eleganti\u0161ki, minimalistiniai bateliai su atviru kulnu. Smaili nosis, reguliuojamas dir\u017eelis su sagtimi &#8211; u\u017etikrinant\u012fs stabil\u0173 prilaikym\u0105. Pagaminti i\u0161 nat\u016bralios lygios odos. Stilingi ir patog\u016bs, tod\u0117l puikiai tinka kasdieniam ne\u0161iojimui ar rafinuotam, profesionaliam \u012fvaizd\u017eiui. Parduodami su apsauginiu mai\u0161eliu (dustbag) ir vardine d\u0117\u017eute. Visas kulno auk\u0161tis ~2,3cm. Pagaminta Portugalijoje.","og_url":"https:\/\/ramunepiekautaite.com\/produktas\/slingbacks-with-buckle-cappuccino\/","og_site_name":"Ramune Piekautaite Fashion House","article_publisher":"https:\/\/www.facebook.com\/ramune.piekautaite\/","article_modified_time":"2026-04-28T11:33:28+00:00","og_image":[{"width":1810,"height":2560,"url":"https:\/\/ramunepiekautaite.com\/wp-content\/uploads\/2025\/06\/25B-37-CAPPUCCINO-1-scaled.jpg","type":"image\/jpeg"}],"twitter_card":"summary_large_image","twitter_misc":{"Est. reading time":"1 minut\u0117"},"schema":{"@context":"https:\/\/schema.org","@graph":[{"@type":"WebPage","@id":"https:\/\/ramunepiekautaite.com\/produktas\/slingbacks-with-buckle-cappuccino\/","url":"https:\/\/ramunepiekautaite.com\/produktas\/slingbacks-with-buckle-cappuccino\/","name":"\u012eSISPIRIAMI BATELIAI SU SAGTIMI KAPU\u010cINO | Ramune Piekautaite Fashion House","isPartOf":{"@id":"https:\/\/ramunepiekautaite.com\/#website"},"primaryImageOfPage":{"@id":"https:\/\/ramunepiekautaite.com\/produktas\/slingbacks-with-buckle-cappuccino\/#primaryimage"},"image":{"@id":"https:\/\/ramunepiekautaite.com\/produktas\/slingbacks-with-buckle-cappuccino\/#primaryimage"},"thumbnailUrl":"https:\/\/ramunepiekautaite.com\/wp-content\/uploads\/2025\/06\/25B-37-CAPPUCCINO-1-scaled.jpg","datePublished":"2025-06-02T11:41:59+00:00","dateModified":"2026-04-28T11:33:28+00:00","breadcrumb":{"@id":"https:\/\/ramunepiekautaite.com\/produktas\/slingbacks-with-buckle-cappuccino\/#breadcrumb"},"inLanguage":"lt-LT","potentialAction":[{"@type":"ReadAction","target":["https:\/\/ramunepiekautaite.com\/produktas\/slingbacks-with-buckle-cappuccino\/"]}]},{"@type":"ImageObject","inLanguage":"lt-LT","@id":"https:\/\/ramunepiekautaite.com\/produktas\/slingbacks-with-buckle-cappuccino\/#primaryimage","url":"https:\/\/ramunepiekautaite.com\/wp-content\/uploads\/2025\/06\/25B-37-CAPPUCCINO-1-scaled.jpg","contentUrl":"https:\/\/ramunepiekautaite.com\/wp-content\/uploads\/2025\/06\/25B-37-CAPPUCCINO-1-scaled.jpg","width":1810,"height":2560},{"@type":"BreadcrumbList","@id":"https:\/\/ramunepiekautaite.com\/produktas\/slingbacks-with-buckle-cappuccino\/#breadcrumb","itemListElement":[{"@type":"ListItem","position":1,"name":"Home","item":"https:\/\/ramunepiekautaite.com\/lt\/"},{"@type":"ListItem","position":2,"name":"Parduotuv\u0117","item":"https:\/\/ramunepiekautaite.com\/lt\/parduotuve\/"},{"@type":"ListItem","position":3,"name":"\u012eSISPIRIAMI BATELIAI SU SAGTIMI KAPU\u010cINO"}]},{"@type":"WebSite","@id":"https:\/\/ramunepiekautaite.com\/#website","url":"https:\/\/ramunepiekautaite.com\/","name":"Ramune Piekautaite | Fashion House","description":"Lithuanian fashion designer, described as romantic, sensual, reserved but luxurious, aristocratically elegant; she also dutifully presents two season collections annually","publisher":{"@id":"https:\/\/ramunepiekautaite.com\/#organization"},"alternateName":"RP Fashion House","potentialAction":[{"@type":"SearchAction","target":{"@type":"EntryPoint","urlTemplate":"https:\/\/ramunepiekautaite.com\/?s={search_term_string}"},"query-input":{"@type":"PropertyValueSpecification","valueRequired":true,"valueName":"search_term_string"}}],"inLanguage":"lt-LT"},{"@type":"Organization","@id":"https:\/\/ramunepiekautaite.com\/#organization","name":"Mados aik\u0161t\u0117","alternateName":"RP Fashion House","url":"https:\/\/ramunepiekautaite.com\/","logo":{"@type":"ImageObject","inLanguage":"lt-LT","@id":"https:\/\/ramunepiekautaite.com\/#\/schema\/logo\/image\/","url":"https:\/\/ramunepiekautaite.com\/wp-content\/uploads\/2024\/05\/RP_512x512_fav.png","contentUrl":"https:\/\/ramunepiekautaite.com\/wp-content\/uploads\/2024\/05\/RP_512x512_fav.png","width":512,"height":512,"caption":"Mados aik\u0161t\u0117"},"image":{"@id":"https:\/\/ramunepiekautaite.com\/#\/schema\/logo\/image\/"},"sameAs":["https:\/\/www.facebook.com\/ramune.piekautaite\/","https:\/\/www.instagram.com\/ramunepiekautaite\/"]}]}},"_links":{"self":[{"href":"https:\/\/ramunepiekautaite.com\/lt\/wp-json\/wp\/v2\/product\/83114","targetHints":{"allow":["GET"]}}],"collection":[{"href":"https:\/\/ramunepiekautaite.com\/lt\/wp-json\/wp\/v2\/product"}],"about":[{"href":"https:\/\/ramunepiekautaite.com\/lt\/wp-json\/wp\/v2\/types\/product"}],"wp:featuredmedia":[{"embeddable":true,"href":"https:\/\/ramunepiekautaite.com\/lt\/wp-json\/wp\/v2\/media\/83094"}],"wp:attachment":[{"href":"https:\/\/ramunepiekautaite.com\/lt\/wp-json\/wp\/v2\/media?parent=83114"}],"wp:term":[{"taxonomy":"product_brand","embeddable":true,"href":"https:\/\/ramunepiekautaite.com\/lt\/wp-json\/wp\/v2\/product_brand?post=83114"},{"taxonomy":"product_cat","embeddable":true,"href":"https:\/\/ramunepiekautaite.com\/lt\/wp-json\/wp\/v2\/product_cat?post=83114"},{"taxonomy":"product_tag","embeddable":true,"href":"https:\/\/ramunepiekautaite.com\/lt\/wp-json\/wp\/v2\/product_tag?post=83114"}],"curies":[{"name":"wp","href":"https:\/\/api.w.org\/{rel}","templated":true}]}}