{"id":84730,"date":"2025-07-15T14:12:57","date_gmt":"2025-07-15T12:12:57","guid":{"rendered":"https:\/\/ramunepiekautaite.com\/product\/knitted-dress-with-decorated-shoulders-taupe\/"},"modified":"2026-04-28T12:32:38","modified_gmt":"2026-04-28T10:32:38","slug":"megzta-suknele-su-dekoruotais-peciais-rusvai-pilka","status":"publish","type":"product","link":"https:\/\/ramunepiekautaite.com\/lt\/produktas\/megzta-suknele-su-dekoruotais-peciais-rusvai-pilka\/","title":{"rendered":"MEGZTA SUKNEL\u0116 SU DEKORUOTAIS PE\u010cIAIS RUSVAI PILKA"},"content":{"rendered":"<p>\u0160i eleganti\u0161ka megzta suknel\u0117 pasi\u017eymi dailia V formos i\u0161kirpte ir kaspin\u0173 detal\u0117mis ant pe\u010di\u0173. D\u0117l lengvai krentan\u010dio silueto ir minimalistinio dizaino ji puikiai tinka tiek laisvalaikiui, tiek puo\u0161nesn\u0117ms progoms.<\/p>\n<p>34 dyd\u017eio suknel\u0117s ilgis nuo pa\u017easties iki apa\u010dios \u2013 122 cm.<\/p>\n<p>Rekomenduojame suknel\u0119 laikyti sulankstyt\u0105, o ne kabinti ant pakabos, nes mezginys gali i\u0161sitampyti.<\/p>\n","protected":false},"excerpt":{"rendered":"<p>\u0160i eleganti\u0161ka megzta suknel\u0117 pasi\u017eymi dailia V formos i\u0161kirpte ir kaspin\u0173 detal\u0117mis ant pe\u010di\u0173. D\u0117l lengvai krentan\u010dio silueto ir minimalistinio dizaino ji puikiai tinka tiek laisvalaikiui, tiek puo\u0161nesn\u0117ms progoms. 34 dyd\u017eio suknel\u0117s ilgis nuo pa\u017easties iki apa\u010dios \u2013 122 cm. Rekomenduojame suknel\u0119 laikyti sulankstyt\u0105, o ne kabinti ant pakabos, nes mezginys gali i\u0161sitampyti.<\/p>\n","protected":false},"featured_media":84718,"template":"","meta":{"_acf_changed":false},"product_brand":[],"product_cat":[112,157,116],"product_tag":[],"class_list":{"0":"post-84730","1":"product","2":"type-product","3":"status-publish","4":"has-post-thumbnail","6":"product_cat-drabuziai","7":"product_cat-megzti-drabuziai","8":"product_cat-shop-lt","10":"first","11":"instock","12":"taxable","13":"shipping-taxable","14":"purchasable","15":"product-type-variable"},"acf":[],"yoast_head":"<!-- This site is optimized with the Yoast SEO plugin v27.2 - https:\/\/yoast.com\/product\/yoast-seo-wordpress\/ -->\n<title>MEGZTA SUKNEL\u0116 SU DEKORUOTAIS PE\u010cIAIS RUSVAI PILKA | Ramune Piekautaite Fashion House<\/title>\n<meta name=\"robots\" content=\"index, follow, max-snippet:-1, max-image-preview:large, max-video-preview:-1\" \/>\n<link rel=\"canonical\" href=\"https:\/\/ramunepiekautaite.com\/lt\/produktas\/megzta-suknele-su-dekoruotais-peciais-rusvai-pilka\/\" \/>\n<meta property=\"og:locale\" content=\"lt_LT\" \/>\n<meta property=\"og:type\" content=\"article\" \/>\n<meta property=\"og:title\" content=\"MEGZTA SUKNEL\u0116 SU DEKORUOTAIS PE\u010cIAIS RUSVAI PILKA | Ramune Piekautaite Fashion House\" \/>\n<meta property=\"og:description\" content=\"\u0160i eleganti\u0161ka megzta suknel\u0117 pasi\u017eymi dailia V formos i\u0161kirpte ir kaspin\u0173 detal\u0117mis ant pe\u010di\u0173. D\u0117l lengvai krentan\u010dio silueto ir minimalistinio dizaino ji puikiai tinka tiek laisvalaikiui, tiek puo\u0161nesn\u0117ms progoms. 34 dyd\u017eio suknel\u0117s ilgis nuo pa\u017easties iki apa\u010dios \u2013 122 cm. Rekomenduojame suknel\u0119 laikyti sulankstyt\u0105, o ne kabinti ant pakabos, nes mezginys gali i\u0161sitampyti.\" \/>\n<meta property=\"og:url\" content=\"https:\/\/ramunepiekautaite.com\/lt\/produktas\/megzta-suknele-su-dekoruotais-peciais-rusvai-pilka\/\" \/>\n<meta property=\"og:site_name\" content=\"Ramune Piekautaite Fashion House\" \/>\n<meta property=\"article:publisher\" content=\"https:\/\/www.facebook.com\/ramune.piekautaite\/\" \/>\n<meta property=\"article:modified_time\" content=\"2026-04-28T10:32:38+00:00\" \/>\n<meta property=\"og:image\" content=\"https:\/\/ramunepiekautaite.com\/wp-content\/uploads\/2025\/07\/25S5D-18-ARCADE-TAUPE-PRIEKIS-scaled.jpg\" \/>\n\t<meta property=\"og:image:width\" content=\"1810\" \/>\n\t<meta property=\"og:image:height\" content=\"2560\" \/>\n\t<meta property=\"og:image:type\" content=\"image\/jpeg\" \/>\n<meta name=\"twitter:card\" content=\"summary_large_image\" \/>\n<meta name=\"twitter:label1\" content=\"Est. reading time\" \/>\n\t<meta name=\"twitter:data1\" content=\"1 minut\u0117\" \/>\n<script type=\"application\/ld+json\" class=\"yoast-schema-graph\">{\"@context\":\"https:\/\/schema.org\",\"@graph\":[{\"@type\":\"WebPage\",\"@id\":\"https:\/\/ramunepiekautaite.com\/lt\/produktas\/megzta-suknele-su-dekoruotais-peciais-rusvai-pilka\/\",\"url\":\"https:\/\/ramunepiekautaite.com\/lt\/produktas\/megzta-suknele-su-dekoruotais-peciais-rusvai-pilka\/\",\"name\":\"MEGZTA SUKNEL\u0116 SU DEKORUOTAIS PE\u010cIAIS RUSVAI PILKA | Ramune Piekautaite Fashion House\",\"isPartOf\":{\"@id\":\"https:\/\/ramunepiekautaite.com\/#website\"},\"primaryImageOfPage\":{\"@id\":\"https:\/\/ramunepiekautaite.com\/lt\/produktas\/megzta-suknele-su-dekoruotais-peciais-rusvai-pilka\/#primaryimage\"},\"image\":{\"@id\":\"https:\/\/ramunepiekautaite.com\/lt\/produktas\/megzta-suknele-su-dekoruotais-peciais-rusvai-pilka\/#primaryimage\"},\"thumbnailUrl\":\"https:\/\/ramunepiekautaite.com\/wp-content\/uploads\/2025\/07\/25S5D-18-ARCADE-TAUPE-PRIEKIS-scaled.jpg\",\"datePublished\":\"2025-07-15T12:12:57+00:00\",\"dateModified\":\"2026-04-28T10:32:38+00:00\",\"breadcrumb\":{\"@id\":\"https:\/\/ramunepiekautaite.com\/lt\/produktas\/megzta-suknele-su-dekoruotais-peciais-rusvai-pilka\/#breadcrumb\"},\"inLanguage\":\"lt-LT\",\"potentialAction\":[{\"@type\":\"ReadAction\",\"target\":[\"https:\/\/ramunepiekautaite.com\/lt\/produktas\/megzta-suknele-su-dekoruotais-peciais-rusvai-pilka\/\"]}]},{\"@type\":\"ImageObject\",\"inLanguage\":\"lt-LT\",\"@id\":\"https:\/\/ramunepiekautaite.com\/lt\/produktas\/megzta-suknele-su-dekoruotais-peciais-rusvai-pilka\/#primaryimage\",\"url\":\"https:\/\/ramunepiekautaite.com\/wp-content\/uploads\/2025\/07\/25S5D-18-ARCADE-TAUPE-PRIEKIS-scaled.jpg\",\"contentUrl\":\"https:\/\/ramunepiekautaite.com\/wp-content\/uploads\/2025\/07\/25S5D-18-ARCADE-TAUPE-PRIEKIS-scaled.jpg\",\"width\":1810,\"height\":2560},{\"@type\":\"BreadcrumbList\",\"@id\":\"https:\/\/ramunepiekautaite.com\/lt\/produktas\/megzta-suknele-su-dekoruotais-peciais-rusvai-pilka\/#breadcrumb\",\"itemListElement\":[{\"@type\":\"ListItem\",\"position\":1,\"name\":\"Home\",\"item\":\"https:\/\/ramunepiekautaite.com\/lt\/\"},{\"@type\":\"ListItem\",\"position\":2,\"name\":\"Parduotuv\u0117\",\"item\":\"https:\/\/ramunepiekautaite.com\/lt\/parduotuve\/\"},{\"@type\":\"ListItem\",\"position\":3,\"name\":\"MEGZTA SUKNEL\u0116 SU DEKORUOTAIS PE\u010cIAIS RUSVAI PILKA\"}]},{\"@type\":\"WebSite\",\"@id\":\"https:\/\/ramunepiekautaite.com\/#website\",\"url\":\"https:\/\/ramunepiekautaite.com\/\",\"name\":\"Ramune Piekautaite | Fashion House\",\"description\":\"Lithuanian fashion designer, described as romantic, sensual, reserved but luxurious, aristocratically elegant; she also dutifully presents two season collections annually\",\"publisher\":{\"@id\":\"https:\/\/ramunepiekautaite.com\/#organization\"},\"alternateName\":\"RP Fashion House\",\"potentialAction\":[{\"@type\":\"SearchAction\",\"target\":{\"@type\":\"EntryPoint\",\"urlTemplate\":\"https:\/\/ramunepiekautaite.com\/?s={search_term_string}\"},\"query-input\":{\"@type\":\"PropertyValueSpecification\",\"valueRequired\":true,\"valueName\":\"search_term_string\"}}],\"inLanguage\":\"lt-LT\"},{\"@type\":\"Organization\",\"@id\":\"https:\/\/ramunepiekautaite.com\/#organization\",\"name\":\"Mados aik\u0161t\u0117\",\"alternateName\":\"RP Fashion House\",\"url\":\"https:\/\/ramunepiekautaite.com\/\",\"logo\":{\"@type\":\"ImageObject\",\"inLanguage\":\"lt-LT\",\"@id\":\"https:\/\/ramunepiekautaite.com\/#\/schema\/logo\/image\/\",\"url\":\"https:\/\/ramunepiekautaite.com\/wp-content\/uploads\/2024\/05\/RP_512x512_fav.png\",\"contentUrl\":\"https:\/\/ramunepiekautaite.com\/wp-content\/uploads\/2024\/05\/RP_512x512_fav.png\",\"width\":512,\"height\":512,\"caption\":\"Mados aik\u0161t\u0117\"},\"image\":{\"@id\":\"https:\/\/ramunepiekautaite.com\/#\/schema\/logo\/image\/\"},\"sameAs\":[\"https:\/\/www.facebook.com\/ramune.piekautaite\/\",\"https:\/\/www.instagram.com\/ramunepiekautaite\/\"]}]}<\/script>\n<!-- \/ Yoast SEO plugin. -->","yoast_head_json":{"title":"MEGZTA SUKNEL\u0116 SU DEKORUOTAIS PE\u010cIAIS RUSVAI PILKA | Ramune Piekautaite Fashion House","robots":{"index":"index","follow":"follow","max-snippet":"max-snippet:-1","max-image-preview":"max-image-preview:large","max-video-preview":"max-video-preview:-1"},"canonical":"https:\/\/ramunepiekautaite.com\/lt\/produktas\/megzta-suknele-su-dekoruotais-peciais-rusvai-pilka\/","og_locale":"lt_LT","og_type":"article","og_title":"MEGZTA SUKNEL\u0116 SU DEKORUOTAIS PE\u010cIAIS RUSVAI PILKA | Ramune Piekautaite Fashion House","og_description":"\u0160i eleganti\u0161ka megzta suknel\u0117 pasi\u017eymi dailia V formos i\u0161kirpte ir kaspin\u0173 detal\u0117mis ant pe\u010di\u0173. D\u0117l lengvai krentan\u010dio silueto ir minimalistinio dizaino ji puikiai tinka tiek laisvalaikiui, tiek puo\u0161nesn\u0117ms progoms. 34 dyd\u017eio suknel\u0117s ilgis nuo pa\u017easties iki apa\u010dios \u2013 122 cm. Rekomenduojame suknel\u0119 laikyti sulankstyt\u0105, o ne kabinti ant pakabos, nes mezginys gali i\u0161sitampyti.","og_url":"https:\/\/ramunepiekautaite.com\/lt\/produktas\/megzta-suknele-su-dekoruotais-peciais-rusvai-pilka\/","og_site_name":"Ramune Piekautaite Fashion House","article_publisher":"https:\/\/www.facebook.com\/ramune.piekautaite\/","article_modified_time":"2026-04-28T10:32:38+00:00","og_image":[{"width":1810,"height":2560,"url":"https:\/\/ramunepiekautaite.com\/wp-content\/uploads\/2025\/07\/25S5D-18-ARCADE-TAUPE-PRIEKIS-scaled.jpg","type":"image\/jpeg"}],"twitter_card":"summary_large_image","twitter_misc":{"Est. reading time":"1 minut\u0117"},"schema":{"@context":"https:\/\/schema.org","@graph":[{"@type":"WebPage","@id":"https:\/\/ramunepiekautaite.com\/lt\/produktas\/megzta-suknele-su-dekoruotais-peciais-rusvai-pilka\/","url":"https:\/\/ramunepiekautaite.com\/lt\/produktas\/megzta-suknele-su-dekoruotais-peciais-rusvai-pilka\/","name":"MEGZTA SUKNEL\u0116 SU DEKORUOTAIS PE\u010cIAIS RUSVAI PILKA | Ramune Piekautaite Fashion House","isPartOf":{"@id":"https:\/\/ramunepiekautaite.com\/#website"},"primaryImageOfPage":{"@id":"https:\/\/ramunepiekautaite.com\/lt\/produktas\/megzta-suknele-su-dekoruotais-peciais-rusvai-pilka\/#primaryimage"},"image":{"@id":"https:\/\/ramunepiekautaite.com\/lt\/produktas\/megzta-suknele-su-dekoruotais-peciais-rusvai-pilka\/#primaryimage"},"thumbnailUrl":"https:\/\/ramunepiekautaite.com\/wp-content\/uploads\/2025\/07\/25S5D-18-ARCADE-TAUPE-PRIEKIS-scaled.jpg","datePublished":"2025-07-15T12:12:57+00:00","dateModified":"2026-04-28T10:32:38+00:00","breadcrumb":{"@id":"https:\/\/ramunepiekautaite.com\/lt\/produktas\/megzta-suknele-su-dekoruotais-peciais-rusvai-pilka\/#breadcrumb"},"inLanguage":"lt-LT","potentialAction":[{"@type":"ReadAction","target":["https:\/\/ramunepiekautaite.com\/lt\/produktas\/megzta-suknele-su-dekoruotais-peciais-rusvai-pilka\/"]}]},{"@type":"ImageObject","inLanguage":"lt-LT","@id":"https:\/\/ramunepiekautaite.com\/lt\/produktas\/megzta-suknele-su-dekoruotais-peciais-rusvai-pilka\/#primaryimage","url":"https:\/\/ramunepiekautaite.com\/wp-content\/uploads\/2025\/07\/25S5D-18-ARCADE-TAUPE-PRIEKIS-scaled.jpg","contentUrl":"https:\/\/ramunepiekautaite.com\/wp-content\/uploads\/2025\/07\/25S5D-18-ARCADE-TAUPE-PRIEKIS-scaled.jpg","width":1810,"height":2560},{"@type":"BreadcrumbList","@id":"https:\/\/ramunepiekautaite.com\/lt\/produktas\/megzta-suknele-su-dekoruotais-peciais-rusvai-pilka\/#breadcrumb","itemListElement":[{"@type":"ListItem","position":1,"name":"Home","item":"https:\/\/ramunepiekautaite.com\/lt\/"},{"@type":"ListItem","position":2,"name":"Parduotuv\u0117","item":"https:\/\/ramunepiekautaite.com\/lt\/parduotuve\/"},{"@type":"ListItem","position":3,"name":"MEGZTA SUKNEL\u0116 SU DEKORUOTAIS PE\u010cIAIS RUSVAI PILKA"}]},{"@type":"WebSite","@id":"https:\/\/ramunepiekautaite.com\/#website","url":"https:\/\/ramunepiekautaite.com\/","name":"Ramune Piekautaite | Fashion House","description":"Lithuanian fashion designer, described as romantic, sensual, reserved but luxurious, aristocratically elegant; she also dutifully presents two season collections annually","publisher":{"@id":"https:\/\/ramunepiekautaite.com\/#organization"},"alternateName":"RP Fashion House","potentialAction":[{"@type":"SearchAction","target":{"@type":"EntryPoint","urlTemplate":"https:\/\/ramunepiekautaite.com\/?s={search_term_string}"},"query-input":{"@type":"PropertyValueSpecification","valueRequired":true,"valueName":"search_term_string"}}],"inLanguage":"lt-LT"},{"@type":"Organization","@id":"https:\/\/ramunepiekautaite.com\/#organization","name":"Mados aik\u0161t\u0117","alternateName":"RP Fashion House","url":"https:\/\/ramunepiekautaite.com\/","logo":{"@type":"ImageObject","inLanguage":"lt-LT","@id":"https:\/\/ramunepiekautaite.com\/#\/schema\/logo\/image\/","url":"https:\/\/ramunepiekautaite.com\/wp-content\/uploads\/2024\/05\/RP_512x512_fav.png","contentUrl":"https:\/\/ramunepiekautaite.com\/wp-content\/uploads\/2024\/05\/RP_512x512_fav.png","width":512,"height":512,"caption":"Mados aik\u0161t\u0117"},"image":{"@id":"https:\/\/ramunepiekautaite.com\/#\/schema\/logo\/image\/"},"sameAs":["https:\/\/www.facebook.com\/ramune.piekautaite\/","https:\/\/www.instagram.com\/ramunepiekautaite\/"]}]}},"_links":{"self":[{"href":"https:\/\/ramunepiekautaite.com\/lt\/wp-json\/wp\/v2\/product\/84730","targetHints":{"allow":["GET"]}}],"collection":[{"href":"https:\/\/ramunepiekautaite.com\/lt\/wp-json\/wp\/v2\/product"}],"about":[{"href":"https:\/\/ramunepiekautaite.com\/lt\/wp-json\/wp\/v2\/types\/product"}],"wp:featuredmedia":[{"embeddable":true,"href":"https:\/\/ramunepiekautaite.com\/lt\/wp-json\/wp\/v2\/media\/84718"}],"wp:attachment":[{"href":"https:\/\/ramunepiekautaite.com\/lt\/wp-json\/wp\/v2\/media?parent=84730"}],"wp:term":[{"taxonomy":"product_brand","embeddable":true,"href":"https:\/\/ramunepiekautaite.com\/lt\/wp-json\/wp\/v2\/product_brand?post=84730"},{"taxonomy":"product_cat","embeddable":true,"href":"https:\/\/ramunepiekautaite.com\/lt\/wp-json\/wp\/v2\/product_cat?post=84730"},{"taxonomy":"product_tag","embeddable":true,"href":"https:\/\/ramunepiekautaite.com\/lt\/wp-json\/wp\/v2\/product_tag?post=84730"}],"curies":[{"name":"wp","href":"https:\/\/api.w.org\/{rel}","templated":true}]}}