{"id":87502,"date":"2025-11-01T00:03:39","date_gmt":"2025-10-31T22:03:39","guid":{"rendered":"https:\/\/ramunepiekautaite.com\/product\/onyx-small-candle-holder\/"},"modified":"2026-04-13T17:31:29","modified_gmt":"2026-04-13T15:31:29","slug":"onikso-akmens-maza-zvakide","status":"publish","type":"product","link":"https:\/\/ramunepiekautaite.com\/lt\/produktas\/onikso-akmens-maza-zvakide\/","title":{"rendered":"ONIKSO AKMENS MA\u017dA \u017dVAKID\u0116"},"content":{"rendered":"<p>\u017dvakid\u0117s auk\u0161tis: 12,5 cm. Skersmuo: 10 cm.<\/p>\n<p>\u017dvakid\u0117s komplekt\u0105 sudaro:<br \/>\n\u017dvakid\u0117<br \/>\n4 vienetai \u017evaki\u0173-table\u010di\u0173<\/p>\n<p>*Kiekviena \u017evakid\u0117 skirtinga d\u0117l onikso akmens tekst\u016bros!<\/p>\n","protected":false},"excerpt":{"rendered":"<p>\u017dvakid\u0117s auk\u0161tis: 12,5 cm. Skersmuo: 10 cm. \u017dvakid\u0117s komplekt\u0105 sudaro: \u017dvakid\u0117 4 vienetai \u017evaki\u0173-table\u010di\u0173 *Kiekviena \u017evakid\u0117 skirtinga d\u0117l onikso akmens tekst\u016bros!<\/p>\n","protected":false},"featured_media":89914,"template":"","meta":{"_acf_changed":false},"product_brand":[],"product_cat":[116,169],"product_tag":[],"class_list":{"0":"post-87502","1":"product","2":"type-product","3":"status-publish","4":"has-post-thumbnail","6":"product_cat-shop-lt","7":"product_cat-zvakides","9":"first","10":"instock","11":"sale","12":"taxable","13":"shipping-taxable","14":"purchasable","15":"product-type-simple"},"acf":[],"yoast_head":"<!-- This site is optimized with the Yoast SEO plugin v27.2 - https:\/\/yoast.com\/product\/yoast-seo-wordpress\/ -->\n<title>ONIKSO AKMENS MA\u017dA \u017dVAKID\u0116 | Ramune Piekautaite Fashion House<\/title>\n<meta name=\"robots\" content=\"index, follow, max-snippet:-1, max-image-preview:large, max-video-preview:-1\" \/>\n<link rel=\"canonical\" href=\"https:\/\/ramunepiekautaite.com\/lt\/produktas\/onikso-akmens-maza-zvakide\/\" \/>\n<meta property=\"og:locale\" content=\"lt_LT\" \/>\n<meta property=\"og:type\" content=\"article\" \/>\n<meta property=\"og:title\" content=\"ONIKSO AKMENS MA\u017dA \u017dVAKID\u0116 | Ramune Piekautaite Fashion House\" \/>\n<meta property=\"og:description\" content=\"\u017dvakid\u0117s auk\u0161tis: 12,5 cm. Skersmuo: 10 cm. \u017dvakid\u0117s komplekt\u0105 sudaro: \u017dvakid\u0117 4 vienetai \u017evaki\u0173-table\u010di\u0173 *Kiekviena \u017evakid\u0117 skirtinga d\u0117l onikso akmens tekst\u016bros!\" \/>\n<meta property=\"og:url\" content=\"https:\/\/ramunepiekautaite.com\/lt\/produktas\/onikso-akmens-maza-zvakide\/\" \/>\n<meta property=\"og:site_name\" content=\"Ramune Piekautaite Fashion House\" \/>\n<meta property=\"article:publisher\" content=\"https:\/\/www.facebook.com\/ramune.piekautaite\/\" \/>\n<meta property=\"article:modified_time\" content=\"2026-04-13T15:31:29+00:00\" \/>\n<meta property=\"og:image\" content=\"https:\/\/ramunepiekautaite.com\/wp-content\/uploads\/2025\/11\/DSC00541-1-724x1024.png\" \/>\n\t<meta property=\"og:image:width\" content=\"724\" \/>\n\t<meta property=\"og:image:height\" content=\"1024\" \/>\n\t<meta property=\"og:image:type\" content=\"image\/png\" \/>\n<meta name=\"twitter:card\" content=\"summary_large_image\" \/>\n<meta name=\"twitter:label1\" content=\"Est. reading time\" \/>\n\t<meta name=\"twitter:data1\" content=\"1 minut\u0117\" \/>\n<script type=\"application\/ld+json\" class=\"yoast-schema-graph\">{\"@context\":\"https:\/\/schema.org\",\"@graph\":[{\"@type\":\"WebPage\",\"@id\":\"https:\/\/ramunepiekautaite.com\/lt\/produktas\/onikso-akmens-maza-zvakide\/\",\"url\":\"https:\/\/ramunepiekautaite.com\/lt\/produktas\/onikso-akmens-maza-zvakide\/\",\"name\":\"ONIKSO AKMENS MA\u017dA \u017dVAKID\u0116 | Ramune Piekautaite Fashion House\",\"isPartOf\":{\"@id\":\"https:\/\/ramunepiekautaite.com\/#website\"},\"primaryImageOfPage\":{\"@id\":\"https:\/\/ramunepiekautaite.com\/lt\/produktas\/onikso-akmens-maza-zvakide\/#primaryimage\"},\"image\":{\"@id\":\"https:\/\/ramunepiekautaite.com\/lt\/produktas\/onikso-akmens-maza-zvakide\/#primaryimage\"},\"thumbnailUrl\":\"https:\/\/ramunepiekautaite.com\/wp-content\/uploads\/2025\/11\/zv1-1-scaled.jpg\",\"datePublished\":\"2025-10-31T22:03:39+00:00\",\"dateModified\":\"2026-04-13T15:31:29+00:00\",\"breadcrumb\":{\"@id\":\"https:\/\/ramunepiekautaite.com\/lt\/produktas\/onikso-akmens-maza-zvakide\/#breadcrumb\"},\"inLanguage\":\"lt-LT\",\"potentialAction\":[{\"@type\":\"ReadAction\",\"target\":[\"https:\/\/ramunepiekautaite.com\/lt\/produktas\/onikso-akmens-maza-zvakide\/\"]}]},{\"@type\":\"ImageObject\",\"inLanguage\":\"lt-LT\",\"@id\":\"https:\/\/ramunepiekautaite.com\/lt\/produktas\/onikso-akmens-maza-zvakide\/#primaryimage\",\"url\":\"https:\/\/ramunepiekautaite.com\/wp-content\/uploads\/2025\/11\/zv1-1-scaled.jpg\",\"contentUrl\":\"https:\/\/ramunepiekautaite.com\/wp-content\/uploads\/2025\/11\/zv1-1-scaled.jpg\",\"width\":1810,\"height\":2560},{\"@type\":\"BreadcrumbList\",\"@id\":\"https:\/\/ramunepiekautaite.com\/lt\/produktas\/onikso-akmens-maza-zvakide\/#breadcrumb\",\"itemListElement\":[{\"@type\":\"ListItem\",\"position\":1,\"name\":\"Home\",\"item\":\"https:\/\/ramunepiekautaite.com\/lt\/\"},{\"@type\":\"ListItem\",\"position\":2,\"name\":\"Parduotuv\u0117\",\"item\":\"https:\/\/ramunepiekautaite.com\/lt\/parduotuve\/\"},{\"@type\":\"ListItem\",\"position\":3,\"name\":\"ONIKSO AKMENS MA\u017dA \u017dVAKID\u0116\"}]},{\"@type\":\"WebSite\",\"@id\":\"https:\/\/ramunepiekautaite.com\/#website\",\"url\":\"https:\/\/ramunepiekautaite.com\/\",\"name\":\"Ramune Piekautaite | Fashion House\",\"description\":\"Lithuanian fashion designer, described as romantic, sensual, reserved but luxurious, aristocratically elegant; she also dutifully presents two season collections annually\",\"publisher\":{\"@id\":\"https:\/\/ramunepiekautaite.com\/#organization\"},\"alternateName\":\"RP Fashion House\",\"potentialAction\":[{\"@type\":\"SearchAction\",\"target\":{\"@type\":\"EntryPoint\",\"urlTemplate\":\"https:\/\/ramunepiekautaite.com\/?s={search_term_string}\"},\"query-input\":{\"@type\":\"PropertyValueSpecification\",\"valueRequired\":true,\"valueName\":\"search_term_string\"}}],\"inLanguage\":\"lt-LT\"},{\"@type\":\"Organization\",\"@id\":\"https:\/\/ramunepiekautaite.com\/#organization\",\"name\":\"Mados aik\u0161t\u0117\",\"alternateName\":\"RP Fashion House\",\"url\":\"https:\/\/ramunepiekautaite.com\/\",\"logo\":{\"@type\":\"ImageObject\",\"inLanguage\":\"lt-LT\",\"@id\":\"https:\/\/ramunepiekautaite.com\/#\/schema\/logo\/image\/\",\"url\":\"https:\/\/ramunepiekautaite.com\/wp-content\/uploads\/2024\/05\/RP_512x512_fav.png\",\"contentUrl\":\"https:\/\/ramunepiekautaite.com\/wp-content\/uploads\/2024\/05\/RP_512x512_fav.png\",\"width\":512,\"height\":512,\"caption\":\"Mados aik\u0161t\u0117\"},\"image\":{\"@id\":\"https:\/\/ramunepiekautaite.com\/#\/schema\/logo\/image\/\"},\"sameAs\":[\"https:\/\/www.facebook.com\/ramune.piekautaite\/\",\"https:\/\/www.instagram.com\/ramunepiekautaite\/\"]}]}<\/script>\n<!-- \/ Yoast SEO plugin. -->","yoast_head_json":{"title":"ONIKSO AKMENS MA\u017dA \u017dVAKID\u0116 | Ramune Piekautaite Fashion House","robots":{"index":"index","follow":"follow","max-snippet":"max-snippet:-1","max-image-preview":"max-image-preview:large","max-video-preview":"max-video-preview:-1"},"canonical":"https:\/\/ramunepiekautaite.com\/lt\/produktas\/onikso-akmens-maza-zvakide\/","og_locale":"lt_LT","og_type":"article","og_title":"ONIKSO AKMENS MA\u017dA \u017dVAKID\u0116 | Ramune Piekautaite Fashion House","og_description":"\u017dvakid\u0117s auk\u0161tis: 12,5 cm. Skersmuo: 10 cm. \u017dvakid\u0117s komplekt\u0105 sudaro: \u017dvakid\u0117 4 vienetai \u017evaki\u0173-table\u010di\u0173 *Kiekviena \u017evakid\u0117 skirtinga d\u0117l onikso akmens tekst\u016bros!","og_url":"https:\/\/ramunepiekautaite.com\/lt\/produktas\/onikso-akmens-maza-zvakide\/","og_site_name":"Ramune Piekautaite Fashion House","article_publisher":"https:\/\/www.facebook.com\/ramune.piekautaite\/","article_modified_time":"2026-04-13T15:31:29+00:00","og_image":[{"width":724,"height":1024,"url":"https:\/\/ramunepiekautaite.com\/wp-content\/uploads\/2025\/11\/DSC00541-1-724x1024.png","type":"image\/png"}],"twitter_card":"summary_large_image","twitter_misc":{"Est. reading time":"1 minut\u0117"},"schema":{"@context":"https:\/\/schema.org","@graph":[{"@type":"WebPage","@id":"https:\/\/ramunepiekautaite.com\/lt\/produktas\/onikso-akmens-maza-zvakide\/","url":"https:\/\/ramunepiekautaite.com\/lt\/produktas\/onikso-akmens-maza-zvakide\/","name":"ONIKSO AKMENS MA\u017dA \u017dVAKID\u0116 | Ramune Piekautaite Fashion House","isPartOf":{"@id":"https:\/\/ramunepiekautaite.com\/#website"},"primaryImageOfPage":{"@id":"https:\/\/ramunepiekautaite.com\/lt\/produktas\/onikso-akmens-maza-zvakide\/#primaryimage"},"image":{"@id":"https:\/\/ramunepiekautaite.com\/lt\/produktas\/onikso-akmens-maza-zvakide\/#primaryimage"},"thumbnailUrl":"https:\/\/ramunepiekautaite.com\/wp-content\/uploads\/2025\/11\/zv1-1-scaled.jpg","datePublished":"2025-10-31T22:03:39+00:00","dateModified":"2026-04-13T15:31:29+00:00","breadcrumb":{"@id":"https:\/\/ramunepiekautaite.com\/lt\/produktas\/onikso-akmens-maza-zvakide\/#breadcrumb"},"inLanguage":"lt-LT","potentialAction":[{"@type":"ReadAction","target":["https:\/\/ramunepiekautaite.com\/lt\/produktas\/onikso-akmens-maza-zvakide\/"]}]},{"@type":"ImageObject","inLanguage":"lt-LT","@id":"https:\/\/ramunepiekautaite.com\/lt\/produktas\/onikso-akmens-maza-zvakide\/#primaryimage","url":"https:\/\/ramunepiekautaite.com\/wp-content\/uploads\/2025\/11\/zv1-1-scaled.jpg","contentUrl":"https:\/\/ramunepiekautaite.com\/wp-content\/uploads\/2025\/11\/zv1-1-scaled.jpg","width":1810,"height":2560},{"@type":"BreadcrumbList","@id":"https:\/\/ramunepiekautaite.com\/lt\/produktas\/onikso-akmens-maza-zvakide\/#breadcrumb","itemListElement":[{"@type":"ListItem","position":1,"name":"Home","item":"https:\/\/ramunepiekautaite.com\/lt\/"},{"@type":"ListItem","position":2,"name":"Parduotuv\u0117","item":"https:\/\/ramunepiekautaite.com\/lt\/parduotuve\/"},{"@type":"ListItem","position":3,"name":"ONIKSO AKMENS MA\u017dA \u017dVAKID\u0116"}]},{"@type":"WebSite","@id":"https:\/\/ramunepiekautaite.com\/#website","url":"https:\/\/ramunepiekautaite.com\/","name":"Ramune Piekautaite | Fashion House","description":"Lithuanian fashion designer, described as romantic, sensual, reserved but luxurious, aristocratically elegant; she also dutifully presents two season collections annually","publisher":{"@id":"https:\/\/ramunepiekautaite.com\/#organization"},"alternateName":"RP Fashion House","potentialAction":[{"@type":"SearchAction","target":{"@type":"EntryPoint","urlTemplate":"https:\/\/ramunepiekautaite.com\/?s={search_term_string}"},"query-input":{"@type":"PropertyValueSpecification","valueRequired":true,"valueName":"search_term_string"}}],"inLanguage":"lt-LT"},{"@type":"Organization","@id":"https:\/\/ramunepiekautaite.com\/#organization","name":"Mados aik\u0161t\u0117","alternateName":"RP Fashion House","url":"https:\/\/ramunepiekautaite.com\/","logo":{"@type":"ImageObject","inLanguage":"lt-LT","@id":"https:\/\/ramunepiekautaite.com\/#\/schema\/logo\/image\/","url":"https:\/\/ramunepiekautaite.com\/wp-content\/uploads\/2024\/05\/RP_512x512_fav.png","contentUrl":"https:\/\/ramunepiekautaite.com\/wp-content\/uploads\/2024\/05\/RP_512x512_fav.png","width":512,"height":512,"caption":"Mados aik\u0161t\u0117"},"image":{"@id":"https:\/\/ramunepiekautaite.com\/#\/schema\/logo\/image\/"},"sameAs":["https:\/\/www.facebook.com\/ramune.piekautaite\/","https:\/\/www.instagram.com\/ramunepiekautaite\/"]}]}},"_links":{"self":[{"href":"https:\/\/ramunepiekautaite.com\/lt\/wp-json\/wp\/v2\/product\/87502","targetHints":{"allow":["GET"]}}],"collection":[{"href":"https:\/\/ramunepiekautaite.com\/lt\/wp-json\/wp\/v2\/product"}],"about":[{"href":"https:\/\/ramunepiekautaite.com\/lt\/wp-json\/wp\/v2\/types\/product"}],"wp:featuredmedia":[{"embeddable":true,"href":"https:\/\/ramunepiekautaite.com\/lt\/wp-json\/wp\/v2\/media\/89914"}],"wp:attachment":[{"href":"https:\/\/ramunepiekautaite.com\/lt\/wp-json\/wp\/v2\/media?parent=87502"}],"wp:term":[{"taxonomy":"product_brand","embeddable":true,"href":"https:\/\/ramunepiekautaite.com\/lt\/wp-json\/wp\/v2\/product_brand?post=87502"},{"taxonomy":"product_cat","embeddable":true,"href":"https:\/\/ramunepiekautaite.com\/lt\/wp-json\/wp\/v2\/product_cat?post=87502"},{"taxonomy":"product_tag","embeddable":true,"href":"https:\/\/ramunepiekautaite.com\/lt\/wp-json\/wp\/v2\/product_tag?post=87502"}],"curies":[{"name":"wp","href":"https:\/\/api.w.org\/{rel}","templated":true}]}}