{"id":89635,"date":"2026-01-10T01:21:09","date_gmt":"2026-01-09T23:21:09","guid":{"rendered":"https:\/\/ramunepiekautaite.com\/product\/mini-denim-dress-with-front-zipper-dark-blue\/"},"modified":"2026-04-13T03:30:37","modified_gmt":"2026-04-13T01:30:37","slug":"mini-dzinsine-suknele-su-uztrauktuku-t-melynas","status":"publish","type":"product","link":"https:\/\/ramunepiekautaite.com\/lt\/produktas\/mini-dzinsine-suknele-su-uztrauktuku-t-melynas\/","title":{"rendered":"MINI D\u017dINSIN\u0116 SUKNEL\u0116 SU U\u017dTRAUKTUKU T.M\u0116LYNAS"},"content":{"rendered":"<p>Mini ilgio, prigludusi, tamsiai m\u0117lyna d\u017einsin\u0117 suknel\u0117 su u\u017etrauktuku priekyje, ilgomis rankov\u0117mis ir fig\u016br\u0105 pabr\u0117\u017eian\u010diu liemeniu. Puikiai tinka stilingam \u012fvaizd\u017eiui nuo dienos iki vakaro.<\/p>\n<p><em>SVARBU!<\/p>\n<p>\u0160IS GAMINYS YRA PAGAMINTAS<br \/>\nI\u0160 DA\u017dYTO D\u017dINSINIO AUDINIO.<br \/>\nGALI I\u0160TEPTI IR PALIKTI D\u0116MES<br \/>\nANT \u0160VIESI\u0172 GAMINI\u0172 AR BALD\u0172.<br \/>\nLAIPSNI\u0160KAS BLUKIMAS YRA<br \/>\nB\u016aDINGAS \u0160IAM PRODUKTUI,<br \/>\nTAI N\u0116RA BROKAS. PRA\u0160OME<br \/>\nLAIKYTIS PRIE\u017dI\u016aROS IR<br \/>\nPLOVIMO INSTRUKCIJ\u0172<\/em><\/p>\n","protected":false},"excerpt":{"rendered":"<p>Mini ilgio, prigludusi, tamsiai m\u0117lyna d\u017einsin\u0117 suknel\u0117 su u\u017etrauktuku priekyje, ilgomis rankov\u0117mis ir fig\u016br\u0105 pabr\u0117\u017eian\u010diu liemeniu. Puikiai tinka stilingam \u012fvaizd\u017eiui nuo dienos iki vakaro. SVARBU! \u0160IS GAMINYS YRA PAGAMINTAS I\u0160 DA\u017dYTO D\u017dINSINIO AUDINIO. GALI I\u0160TEPTI IR PALIKTI D\u0116MES ANT \u0160VIESI\u0172 GAMINI\u0172 AR BALD\u0172. LAIPSNI\u0160KAS BLUKIMAS YRA B\u016aDINGAS \u0160IAM PRODUKTUI, TAI N\u0116RA BROKAS. PRA\u0160OME LAIKYTIS PRIE\u017dI\u016aROS [&hellip;]<\/p>\n","protected":false},"featured_media":89623,"template":"","meta":{"_acf_changed":false},"product_brand":[],"product_cat":[112,124,116,121],"product_tag":[],"class_list":{"0":"post-89635","1":"product","2":"type-product","3":"status-publish","4":"has-post-thumbnail","6":"product_cat-drabuziai","7":"product_cat-dzinsas","8":"product_cat-shop-lt","9":"product_cat-sukneles","11":"first","12":"instock","13":"taxable","14":"shipping-taxable","15":"purchasable","16":"product-type-variable"},"acf":[],"yoast_head":"<!-- This site is optimized with the Yoast SEO plugin v27.2 - https:\/\/yoast.com\/product\/yoast-seo-wordpress\/ -->\n<title>MINI D\u017dINSIN\u0116 SUKNEL\u0116 SU U\u017dTRAUKTUKU T.M\u0116LYNAS | Ramune Piekautaite Fashion House<\/title>\n<meta name=\"robots\" content=\"index, follow, max-snippet:-1, max-image-preview:large, max-video-preview:-1\" \/>\n<link rel=\"canonical\" href=\"https:\/\/ramunepiekautaite.com\/lt\/produktas\/mini-dzinsine-suknele-su-uztrauktuku-t-melynas\/\" \/>\n<meta property=\"og:locale\" content=\"lt_LT\" \/>\n<meta property=\"og:type\" content=\"article\" \/>\n<meta property=\"og:title\" content=\"MINI D\u017dINSIN\u0116 SUKNEL\u0116 SU U\u017dTRAUKTUKU T.M\u0116LYNAS | Ramune Piekautaite Fashion House\" \/>\n<meta property=\"og:description\" content=\"Mini ilgio, prigludusi, tamsiai m\u0117lyna d\u017einsin\u0117 suknel\u0117 su u\u017etrauktuku priekyje, ilgomis rankov\u0117mis ir fig\u016br\u0105 pabr\u0117\u017eian\u010diu liemeniu. Puikiai tinka stilingam \u012fvaizd\u017eiui nuo dienos iki vakaro. SVARBU! \u0160IS GAMINYS YRA PAGAMINTAS I\u0160 DA\u017dYTO D\u017dINSINIO AUDINIO. GALI I\u0160TEPTI IR PALIKTI D\u0116MES ANT \u0160VIESI\u0172 GAMINI\u0172 AR BALD\u0172. LAIPSNI\u0160KAS BLUKIMAS YRA B\u016aDINGAS \u0160IAM PRODUKTUI, TAI N\u0116RA BROKAS. PRA\u0160OME LAIKYTIS PRIE\u017dI\u016aROS [&hellip;]\" \/>\n<meta property=\"og:url\" content=\"https:\/\/ramunepiekautaite.com\/lt\/produktas\/mini-dzinsine-suknele-su-uztrauktuku-t-melynas\/\" \/>\n<meta property=\"og:site_name\" content=\"Ramune Piekautaite Fashion House\" \/>\n<meta property=\"article:publisher\" content=\"https:\/\/www.facebook.com\/ramune.piekautaite\/\" \/>\n<meta property=\"article:modified_time\" content=\"2026-04-13T01:30:37+00:00\" \/>\n<meta property=\"og:image\" content=\"https:\/\/ramunepiekautaite.com\/wp-content\/uploads\/2026\/01\/26J6-63-GALILEO-DENIM-PRIEKIS-scaled.jpg\" \/>\n\t<meta property=\"og:image:width\" content=\"1810\" \/>\n\t<meta property=\"og:image:height\" content=\"2560\" \/>\n\t<meta property=\"og:image:type\" content=\"image\/jpeg\" \/>\n<meta name=\"twitter:card\" content=\"summary_large_image\" \/>\n<meta name=\"twitter:label1\" content=\"Est. reading time\" \/>\n\t<meta name=\"twitter:data1\" content=\"1 minut\u0117\" \/>\n<script type=\"application\/ld+json\" class=\"yoast-schema-graph\">{\"@context\":\"https:\/\/schema.org\",\"@graph\":[{\"@type\":\"WebPage\",\"@id\":\"https:\/\/ramunepiekautaite.com\/lt\/produktas\/mini-dzinsine-suknele-su-uztrauktuku-t-melynas\/\",\"url\":\"https:\/\/ramunepiekautaite.com\/lt\/produktas\/mini-dzinsine-suknele-su-uztrauktuku-t-melynas\/\",\"name\":\"MINI D\u017dINSIN\u0116 SUKNEL\u0116 SU U\u017dTRAUKTUKU T.M\u0116LYNAS | Ramune Piekautaite Fashion House\",\"isPartOf\":{\"@id\":\"https:\/\/ramunepiekautaite.com\/#website\"},\"primaryImageOfPage\":{\"@id\":\"https:\/\/ramunepiekautaite.com\/lt\/produktas\/mini-dzinsine-suknele-su-uztrauktuku-t-melynas\/#primaryimage\"},\"image\":{\"@id\":\"https:\/\/ramunepiekautaite.com\/lt\/produktas\/mini-dzinsine-suknele-su-uztrauktuku-t-melynas\/#primaryimage\"},\"thumbnailUrl\":\"https:\/\/ramunepiekautaite.com\/wp-content\/uploads\/2026\/01\/26J6-63-GALILEO-DENIM-PRIEKIS-scaled.jpg\",\"datePublished\":\"2026-01-09T23:21:09+00:00\",\"dateModified\":\"2026-04-13T01:30:37+00:00\",\"breadcrumb\":{\"@id\":\"https:\/\/ramunepiekautaite.com\/lt\/produktas\/mini-dzinsine-suknele-su-uztrauktuku-t-melynas\/#breadcrumb\"},\"inLanguage\":\"lt-LT\",\"potentialAction\":[{\"@type\":\"ReadAction\",\"target\":[\"https:\/\/ramunepiekautaite.com\/lt\/produktas\/mini-dzinsine-suknele-su-uztrauktuku-t-melynas\/\"]}]},{\"@type\":\"ImageObject\",\"inLanguage\":\"lt-LT\",\"@id\":\"https:\/\/ramunepiekautaite.com\/lt\/produktas\/mini-dzinsine-suknele-su-uztrauktuku-t-melynas\/#primaryimage\",\"url\":\"https:\/\/ramunepiekautaite.com\/wp-content\/uploads\/2026\/01\/26J6-63-GALILEO-DENIM-PRIEKIS-scaled.jpg\",\"contentUrl\":\"https:\/\/ramunepiekautaite.com\/wp-content\/uploads\/2026\/01\/26J6-63-GALILEO-DENIM-PRIEKIS-scaled.jpg\",\"width\":1810,\"height\":2560},{\"@type\":\"BreadcrumbList\",\"@id\":\"https:\/\/ramunepiekautaite.com\/lt\/produktas\/mini-dzinsine-suknele-su-uztrauktuku-t-melynas\/#breadcrumb\",\"itemListElement\":[{\"@type\":\"ListItem\",\"position\":1,\"name\":\"Home\",\"item\":\"https:\/\/ramunepiekautaite.com\/lt\/\"},{\"@type\":\"ListItem\",\"position\":2,\"name\":\"Parduotuv\u0117\",\"item\":\"https:\/\/ramunepiekautaite.com\/lt\/parduotuve\/\"},{\"@type\":\"ListItem\",\"position\":3,\"name\":\"MINI D\u017dINSIN\u0116 SUKNEL\u0116 SU U\u017dTRAUKTUKU T.M\u0116LYNAS\"}]},{\"@type\":\"WebSite\",\"@id\":\"https:\/\/ramunepiekautaite.com\/#website\",\"url\":\"https:\/\/ramunepiekautaite.com\/\",\"name\":\"Ramune Piekautaite | Fashion House\",\"description\":\"Lithuanian fashion designer, described as romantic, sensual, reserved but luxurious, aristocratically elegant; she also dutifully presents two season collections annually\",\"publisher\":{\"@id\":\"https:\/\/ramunepiekautaite.com\/#organization\"},\"alternateName\":\"RP Fashion House\",\"potentialAction\":[{\"@type\":\"SearchAction\",\"target\":{\"@type\":\"EntryPoint\",\"urlTemplate\":\"https:\/\/ramunepiekautaite.com\/?s={search_term_string}\"},\"query-input\":{\"@type\":\"PropertyValueSpecification\",\"valueRequired\":true,\"valueName\":\"search_term_string\"}}],\"inLanguage\":\"lt-LT\"},{\"@type\":\"Organization\",\"@id\":\"https:\/\/ramunepiekautaite.com\/#organization\",\"name\":\"Mados aik\u0161t\u0117\",\"alternateName\":\"RP Fashion House\",\"url\":\"https:\/\/ramunepiekautaite.com\/\",\"logo\":{\"@type\":\"ImageObject\",\"inLanguage\":\"lt-LT\",\"@id\":\"https:\/\/ramunepiekautaite.com\/#\/schema\/logo\/image\/\",\"url\":\"https:\/\/ramunepiekautaite.com\/wp-content\/uploads\/2024\/05\/RP_512x512_fav.png\",\"contentUrl\":\"https:\/\/ramunepiekautaite.com\/wp-content\/uploads\/2024\/05\/RP_512x512_fav.png\",\"width\":512,\"height\":512,\"caption\":\"Mados aik\u0161t\u0117\"},\"image\":{\"@id\":\"https:\/\/ramunepiekautaite.com\/#\/schema\/logo\/image\/\"},\"sameAs\":[\"https:\/\/www.facebook.com\/ramune.piekautaite\/\",\"https:\/\/www.instagram.com\/ramunepiekautaite\/\"]}]}<\/script>\n<!-- \/ Yoast SEO plugin. -->","yoast_head_json":{"title":"MINI D\u017dINSIN\u0116 SUKNEL\u0116 SU U\u017dTRAUKTUKU T.M\u0116LYNAS | Ramune Piekautaite Fashion House","robots":{"index":"index","follow":"follow","max-snippet":"max-snippet:-1","max-image-preview":"max-image-preview:large","max-video-preview":"max-video-preview:-1"},"canonical":"https:\/\/ramunepiekautaite.com\/lt\/produktas\/mini-dzinsine-suknele-su-uztrauktuku-t-melynas\/","og_locale":"lt_LT","og_type":"article","og_title":"MINI D\u017dINSIN\u0116 SUKNEL\u0116 SU U\u017dTRAUKTUKU T.M\u0116LYNAS | Ramune Piekautaite Fashion House","og_description":"Mini ilgio, prigludusi, tamsiai m\u0117lyna d\u017einsin\u0117 suknel\u0117 su u\u017etrauktuku priekyje, ilgomis rankov\u0117mis ir fig\u016br\u0105 pabr\u0117\u017eian\u010diu liemeniu. Puikiai tinka stilingam \u012fvaizd\u017eiui nuo dienos iki vakaro. SVARBU! \u0160IS GAMINYS YRA PAGAMINTAS I\u0160 DA\u017dYTO D\u017dINSINIO AUDINIO. GALI I\u0160TEPTI IR PALIKTI D\u0116MES ANT \u0160VIESI\u0172 GAMINI\u0172 AR BALD\u0172. LAIPSNI\u0160KAS BLUKIMAS YRA B\u016aDINGAS \u0160IAM PRODUKTUI, TAI N\u0116RA BROKAS. PRA\u0160OME LAIKYTIS PRIE\u017dI\u016aROS [&hellip;]","og_url":"https:\/\/ramunepiekautaite.com\/lt\/produktas\/mini-dzinsine-suknele-su-uztrauktuku-t-melynas\/","og_site_name":"Ramune Piekautaite Fashion House","article_publisher":"https:\/\/www.facebook.com\/ramune.piekautaite\/","article_modified_time":"2026-04-13T01:30:37+00:00","og_image":[{"width":1810,"height":2560,"url":"https:\/\/ramunepiekautaite.com\/wp-content\/uploads\/2026\/01\/26J6-63-GALILEO-DENIM-PRIEKIS-scaled.jpg","type":"image\/jpeg"}],"twitter_card":"summary_large_image","twitter_misc":{"Est. reading time":"1 minut\u0117"},"schema":{"@context":"https:\/\/schema.org","@graph":[{"@type":"WebPage","@id":"https:\/\/ramunepiekautaite.com\/lt\/produktas\/mini-dzinsine-suknele-su-uztrauktuku-t-melynas\/","url":"https:\/\/ramunepiekautaite.com\/lt\/produktas\/mini-dzinsine-suknele-su-uztrauktuku-t-melynas\/","name":"MINI D\u017dINSIN\u0116 SUKNEL\u0116 SU U\u017dTRAUKTUKU T.M\u0116LYNAS | Ramune Piekautaite Fashion House","isPartOf":{"@id":"https:\/\/ramunepiekautaite.com\/#website"},"primaryImageOfPage":{"@id":"https:\/\/ramunepiekautaite.com\/lt\/produktas\/mini-dzinsine-suknele-su-uztrauktuku-t-melynas\/#primaryimage"},"image":{"@id":"https:\/\/ramunepiekautaite.com\/lt\/produktas\/mini-dzinsine-suknele-su-uztrauktuku-t-melynas\/#primaryimage"},"thumbnailUrl":"https:\/\/ramunepiekautaite.com\/wp-content\/uploads\/2026\/01\/26J6-63-GALILEO-DENIM-PRIEKIS-scaled.jpg","datePublished":"2026-01-09T23:21:09+00:00","dateModified":"2026-04-13T01:30:37+00:00","breadcrumb":{"@id":"https:\/\/ramunepiekautaite.com\/lt\/produktas\/mini-dzinsine-suknele-su-uztrauktuku-t-melynas\/#breadcrumb"},"inLanguage":"lt-LT","potentialAction":[{"@type":"ReadAction","target":["https:\/\/ramunepiekautaite.com\/lt\/produktas\/mini-dzinsine-suknele-su-uztrauktuku-t-melynas\/"]}]},{"@type":"ImageObject","inLanguage":"lt-LT","@id":"https:\/\/ramunepiekautaite.com\/lt\/produktas\/mini-dzinsine-suknele-su-uztrauktuku-t-melynas\/#primaryimage","url":"https:\/\/ramunepiekautaite.com\/wp-content\/uploads\/2026\/01\/26J6-63-GALILEO-DENIM-PRIEKIS-scaled.jpg","contentUrl":"https:\/\/ramunepiekautaite.com\/wp-content\/uploads\/2026\/01\/26J6-63-GALILEO-DENIM-PRIEKIS-scaled.jpg","width":1810,"height":2560},{"@type":"BreadcrumbList","@id":"https:\/\/ramunepiekautaite.com\/lt\/produktas\/mini-dzinsine-suknele-su-uztrauktuku-t-melynas\/#breadcrumb","itemListElement":[{"@type":"ListItem","position":1,"name":"Home","item":"https:\/\/ramunepiekautaite.com\/lt\/"},{"@type":"ListItem","position":2,"name":"Parduotuv\u0117","item":"https:\/\/ramunepiekautaite.com\/lt\/parduotuve\/"},{"@type":"ListItem","position":3,"name":"MINI D\u017dINSIN\u0116 SUKNEL\u0116 SU U\u017dTRAUKTUKU T.M\u0116LYNAS"}]},{"@type":"WebSite","@id":"https:\/\/ramunepiekautaite.com\/#website","url":"https:\/\/ramunepiekautaite.com\/","name":"Ramune Piekautaite | Fashion House","description":"Lithuanian fashion designer, described as romantic, sensual, reserved but luxurious, aristocratically elegant; she also dutifully presents two season collections annually","publisher":{"@id":"https:\/\/ramunepiekautaite.com\/#organization"},"alternateName":"RP Fashion House","potentialAction":[{"@type":"SearchAction","target":{"@type":"EntryPoint","urlTemplate":"https:\/\/ramunepiekautaite.com\/?s={search_term_string}"},"query-input":{"@type":"PropertyValueSpecification","valueRequired":true,"valueName":"search_term_string"}}],"inLanguage":"lt-LT"},{"@type":"Organization","@id":"https:\/\/ramunepiekautaite.com\/#organization","name":"Mados aik\u0161t\u0117","alternateName":"RP Fashion House","url":"https:\/\/ramunepiekautaite.com\/","logo":{"@type":"ImageObject","inLanguage":"lt-LT","@id":"https:\/\/ramunepiekautaite.com\/#\/schema\/logo\/image\/","url":"https:\/\/ramunepiekautaite.com\/wp-content\/uploads\/2024\/05\/RP_512x512_fav.png","contentUrl":"https:\/\/ramunepiekautaite.com\/wp-content\/uploads\/2024\/05\/RP_512x512_fav.png","width":512,"height":512,"caption":"Mados aik\u0161t\u0117"},"image":{"@id":"https:\/\/ramunepiekautaite.com\/#\/schema\/logo\/image\/"},"sameAs":["https:\/\/www.facebook.com\/ramune.piekautaite\/","https:\/\/www.instagram.com\/ramunepiekautaite\/"]}]}},"_links":{"self":[{"href":"https:\/\/ramunepiekautaite.com\/lt\/wp-json\/wp\/v2\/product\/89635","targetHints":{"allow":["GET"]}}],"collection":[{"href":"https:\/\/ramunepiekautaite.com\/lt\/wp-json\/wp\/v2\/product"}],"about":[{"href":"https:\/\/ramunepiekautaite.com\/lt\/wp-json\/wp\/v2\/types\/product"}],"wp:featuredmedia":[{"embeddable":true,"href":"https:\/\/ramunepiekautaite.com\/lt\/wp-json\/wp\/v2\/media\/89623"}],"wp:attachment":[{"href":"https:\/\/ramunepiekautaite.com\/lt\/wp-json\/wp\/v2\/media?parent=89635"}],"wp:term":[{"taxonomy":"product_brand","embeddable":true,"href":"https:\/\/ramunepiekautaite.com\/lt\/wp-json\/wp\/v2\/product_brand?post=89635"},{"taxonomy":"product_cat","embeddable":true,"href":"https:\/\/ramunepiekautaite.com\/lt\/wp-json\/wp\/v2\/product_cat?post=89635"},{"taxonomy":"product_tag","embeddable":true,"href":"https:\/\/ramunepiekautaite.com\/lt\/wp-json\/wp\/v2\/product_tag?post=89635"}],"curies":[{"name":"wp","href":"https:\/\/api.w.org\/{rel}","templated":true}]}}