{"id":91280,"date":"2026-03-30T13:31:41","date_gmt":"2026-03-30T11:31:41","guid":{"rendered":"https:\/\/ramunepiekautaite.com\/product\/long-crop-top-black\/"},"modified":"2026-04-08T08:00:10","modified_gmt":"2026-04-08T06:00:10","slug":"ilgas-korsetas-juodas","status":"publish","type":"product","link":"https:\/\/ramunepiekautaite.com\/lt\/produktas\/ilgas-korsetas-juodas\/","title":{"rendered":"ILGAS KORSETAS JUODAS"},"content":{"rendered":"<p>Modernus, ilgas korsetas su asimetri\u0161ku dizainu. Strukt\u016bri\u0161kas siluetas ir pla\u010dios, sukry\u017eiuotos petne\u0161os sukuria i\u0161rai\u0161king\u0105 ir eleganti\u0161k\u0105 \u012fvaizd\u012f. Puikiai dera su tos pa\u010dios kolekcijos pla\u010diomis keln\u0117mis ir sijonu.<\/p>\n<p><strong>Palaidin\u0117s petne\u0161as reikia prisitaikyti individualiai. Tai galite padaryti m\u016bs\u0173 parduotuv\u0117se Vilniuje ir Kaune.<\/strong><\/p>\n","protected":false},"excerpt":{"rendered":"<p>Modernus, ilgas korsetas su asimetri\u0161ku dizainu. Strukt\u016bri\u0161kas siluetas ir pla\u010dios, sukry\u017eiuotos petne\u0161os sukuria i\u0161rai\u0161king\u0105 ir eleganti\u0161k\u0105 \u012fvaizd\u012f. Puikiai dera su tos pa\u010dios kolekcijos pla\u010diomis keln\u0117mis ir sijonu. Palaidin\u0117s petne\u0161as reikia prisitaikyti individualiai. Tai galite padaryti m\u016bs\u0173 parduotuv\u0117se Vilniuje ir Kaune.<\/p>\n","protected":false},"featured_media":91266,"template":"","meta":{"_acf_changed":false},"product_brand":[],"product_cat":[112,115,116],"product_tag":[],"class_list":{"0":"post-91280","1":"product","2":"type-product","3":"status-publish","4":"has-post-thumbnail","6":"product_cat-drabuziai","7":"product_cat-palaidines","8":"product_cat-shop-lt","10":"first","11":"instock","12":"taxable","13":"shipping-taxable","14":"purchasable","15":"product-type-variable"},"acf":[],"yoast_head":"<!-- This site is optimized with the Yoast SEO plugin v27.2 - https:\/\/yoast.com\/product\/yoast-seo-wordpress\/ -->\n<title>ILGAS KORSETAS JUODAS | Ramune Piekautaite Fashion House<\/title>\n<meta name=\"robots\" content=\"index, follow, max-snippet:-1, max-image-preview:large, max-video-preview:-1\" \/>\n<link rel=\"canonical\" href=\"https:\/\/ramunepiekautaite.com\/lt\/produktas\/ilgas-korsetas-juodas\/\" \/>\n<meta property=\"og:locale\" content=\"lt_LT\" \/>\n<meta property=\"og:type\" content=\"article\" \/>\n<meta property=\"og:title\" content=\"ILGAS KORSETAS JUODAS | Ramune Piekautaite Fashion House\" \/>\n<meta property=\"og:description\" content=\"Modernus, ilgas korsetas su asimetri\u0161ku dizainu. Strukt\u016bri\u0161kas siluetas ir pla\u010dios, sukry\u017eiuotos petne\u0161os sukuria i\u0161rai\u0161king\u0105 ir eleganti\u0161k\u0105 \u012fvaizd\u012f. Puikiai dera su tos pa\u010dios kolekcijos pla\u010diomis keln\u0117mis ir sijonu. Palaidin\u0117s petne\u0161as reikia prisitaikyti individualiai. Tai galite padaryti m\u016bs\u0173 parduotuv\u0117se Vilniuje ir Kaune.\" \/>\n<meta property=\"og:url\" content=\"https:\/\/ramunepiekautaite.com\/lt\/produktas\/ilgas-korsetas-juodas\/\" \/>\n<meta property=\"og:site_name\" content=\"Ramune Piekautaite Fashion House\" \/>\n<meta property=\"article:publisher\" content=\"https:\/\/www.facebook.com\/ramune.piekautaite\/\" \/>\n<meta property=\"article:modified_time\" content=\"2026-04-08T06:00:10+00:00\" \/>\n<meta property=\"og:image\" content=\"https:\/\/ramunepiekautaite.com\/wp-content\/uploads\/2026\/03\/26S9-21-NEWYORK-BLACK-PRIEKIS-scaled.jpg\" \/>\n\t<meta property=\"og:image:width\" content=\"1810\" \/>\n\t<meta property=\"og:image:height\" content=\"2560\" \/>\n\t<meta property=\"og:image:type\" content=\"image\/jpeg\" \/>\n<meta name=\"twitter:card\" content=\"summary_large_image\" \/>\n<meta name=\"twitter:label1\" content=\"Est. reading time\" \/>\n\t<meta name=\"twitter:data1\" content=\"1 minut\u0117\" \/>\n<script type=\"application\/ld+json\" class=\"yoast-schema-graph\">{\"@context\":\"https:\/\/schema.org\",\"@graph\":[{\"@type\":\"WebPage\",\"@id\":\"https:\/\/ramunepiekautaite.com\/lt\/produktas\/ilgas-korsetas-juodas\/\",\"url\":\"https:\/\/ramunepiekautaite.com\/lt\/produktas\/ilgas-korsetas-juodas\/\",\"name\":\"ILGAS KORSETAS JUODAS | Ramune Piekautaite Fashion House\",\"isPartOf\":{\"@id\":\"https:\/\/ramunepiekautaite.com\/#website\"},\"primaryImageOfPage\":{\"@id\":\"https:\/\/ramunepiekautaite.com\/lt\/produktas\/ilgas-korsetas-juodas\/#primaryimage\"},\"image\":{\"@id\":\"https:\/\/ramunepiekautaite.com\/lt\/produktas\/ilgas-korsetas-juodas\/#primaryimage\"},\"thumbnailUrl\":\"https:\/\/ramunepiekautaite.com\/wp-content\/uploads\/2026\/03\/26S9-21-NEWYORK-BLACK-PRIEKIS-scaled.jpg\",\"datePublished\":\"2026-03-30T11:31:41+00:00\",\"dateModified\":\"2026-04-08T06:00:10+00:00\",\"breadcrumb\":{\"@id\":\"https:\/\/ramunepiekautaite.com\/lt\/produktas\/ilgas-korsetas-juodas\/#breadcrumb\"},\"inLanguage\":\"lt-LT\",\"potentialAction\":[{\"@type\":\"ReadAction\",\"target\":[\"https:\/\/ramunepiekautaite.com\/lt\/produktas\/ilgas-korsetas-juodas\/\"]}]},{\"@type\":\"ImageObject\",\"inLanguage\":\"lt-LT\",\"@id\":\"https:\/\/ramunepiekautaite.com\/lt\/produktas\/ilgas-korsetas-juodas\/#primaryimage\",\"url\":\"https:\/\/ramunepiekautaite.com\/wp-content\/uploads\/2026\/03\/26S9-21-NEWYORK-BLACK-PRIEKIS-scaled.jpg\",\"contentUrl\":\"https:\/\/ramunepiekautaite.com\/wp-content\/uploads\/2026\/03\/26S9-21-NEWYORK-BLACK-PRIEKIS-scaled.jpg\",\"width\":1810,\"height\":2560},{\"@type\":\"BreadcrumbList\",\"@id\":\"https:\/\/ramunepiekautaite.com\/lt\/produktas\/ilgas-korsetas-juodas\/#breadcrumb\",\"itemListElement\":[{\"@type\":\"ListItem\",\"position\":1,\"name\":\"Home\",\"item\":\"https:\/\/ramunepiekautaite.com\/lt\/\"},{\"@type\":\"ListItem\",\"position\":2,\"name\":\"Parduotuv\u0117\",\"item\":\"https:\/\/ramunepiekautaite.com\/lt\/parduotuve\/\"},{\"@type\":\"ListItem\",\"position\":3,\"name\":\"ILGAS KORSETAS JUODAS\"}]},{\"@type\":\"WebSite\",\"@id\":\"https:\/\/ramunepiekautaite.com\/#website\",\"url\":\"https:\/\/ramunepiekautaite.com\/\",\"name\":\"Ramune Piekautaite | Fashion House\",\"description\":\"Lithuanian fashion designer, described as romantic, sensual, reserved but luxurious, aristocratically elegant; she also dutifully presents two season collections annually\",\"publisher\":{\"@id\":\"https:\/\/ramunepiekautaite.com\/#organization\"},\"alternateName\":\"RP Fashion House\",\"potentialAction\":[{\"@type\":\"SearchAction\",\"target\":{\"@type\":\"EntryPoint\",\"urlTemplate\":\"https:\/\/ramunepiekautaite.com\/?s={search_term_string}\"},\"query-input\":{\"@type\":\"PropertyValueSpecification\",\"valueRequired\":true,\"valueName\":\"search_term_string\"}}],\"inLanguage\":\"lt-LT\"},{\"@type\":\"Organization\",\"@id\":\"https:\/\/ramunepiekautaite.com\/#organization\",\"name\":\"Mados aik\u0161t\u0117\",\"alternateName\":\"RP Fashion House\",\"url\":\"https:\/\/ramunepiekautaite.com\/\",\"logo\":{\"@type\":\"ImageObject\",\"inLanguage\":\"lt-LT\",\"@id\":\"https:\/\/ramunepiekautaite.com\/#\/schema\/logo\/image\/\",\"url\":\"https:\/\/ramunepiekautaite.com\/wp-content\/uploads\/2024\/05\/RP_512x512_fav.png\",\"contentUrl\":\"https:\/\/ramunepiekautaite.com\/wp-content\/uploads\/2024\/05\/RP_512x512_fav.png\",\"width\":512,\"height\":512,\"caption\":\"Mados aik\u0161t\u0117\"},\"image\":{\"@id\":\"https:\/\/ramunepiekautaite.com\/#\/schema\/logo\/image\/\"},\"sameAs\":[\"https:\/\/www.facebook.com\/ramune.piekautaite\/\",\"https:\/\/www.instagram.com\/ramunepiekautaite\/\"]}]}<\/script>\n<!-- \/ Yoast SEO plugin. -->","yoast_head_json":{"title":"ILGAS KORSETAS JUODAS | Ramune Piekautaite Fashion House","robots":{"index":"index","follow":"follow","max-snippet":"max-snippet:-1","max-image-preview":"max-image-preview:large","max-video-preview":"max-video-preview:-1"},"canonical":"https:\/\/ramunepiekautaite.com\/lt\/produktas\/ilgas-korsetas-juodas\/","og_locale":"lt_LT","og_type":"article","og_title":"ILGAS KORSETAS JUODAS | Ramune Piekautaite Fashion House","og_description":"Modernus, ilgas korsetas su asimetri\u0161ku dizainu. Strukt\u016bri\u0161kas siluetas ir pla\u010dios, sukry\u017eiuotos petne\u0161os sukuria i\u0161rai\u0161king\u0105 ir eleganti\u0161k\u0105 \u012fvaizd\u012f. Puikiai dera su tos pa\u010dios kolekcijos pla\u010diomis keln\u0117mis ir sijonu. Palaidin\u0117s petne\u0161as reikia prisitaikyti individualiai. Tai galite padaryti m\u016bs\u0173 parduotuv\u0117se Vilniuje ir Kaune.","og_url":"https:\/\/ramunepiekautaite.com\/lt\/produktas\/ilgas-korsetas-juodas\/","og_site_name":"Ramune Piekautaite Fashion House","article_publisher":"https:\/\/www.facebook.com\/ramune.piekautaite\/","article_modified_time":"2026-04-08T06:00:10+00:00","og_image":[{"width":1810,"height":2560,"url":"https:\/\/ramunepiekautaite.com\/wp-content\/uploads\/2026\/03\/26S9-21-NEWYORK-BLACK-PRIEKIS-scaled.jpg","type":"image\/jpeg"}],"twitter_card":"summary_large_image","twitter_misc":{"Est. reading time":"1 minut\u0117"},"schema":{"@context":"https:\/\/schema.org","@graph":[{"@type":"WebPage","@id":"https:\/\/ramunepiekautaite.com\/lt\/produktas\/ilgas-korsetas-juodas\/","url":"https:\/\/ramunepiekautaite.com\/lt\/produktas\/ilgas-korsetas-juodas\/","name":"ILGAS KORSETAS JUODAS | Ramune Piekautaite Fashion House","isPartOf":{"@id":"https:\/\/ramunepiekautaite.com\/#website"},"primaryImageOfPage":{"@id":"https:\/\/ramunepiekautaite.com\/lt\/produktas\/ilgas-korsetas-juodas\/#primaryimage"},"image":{"@id":"https:\/\/ramunepiekautaite.com\/lt\/produktas\/ilgas-korsetas-juodas\/#primaryimage"},"thumbnailUrl":"https:\/\/ramunepiekautaite.com\/wp-content\/uploads\/2026\/03\/26S9-21-NEWYORK-BLACK-PRIEKIS-scaled.jpg","datePublished":"2026-03-30T11:31:41+00:00","dateModified":"2026-04-08T06:00:10+00:00","breadcrumb":{"@id":"https:\/\/ramunepiekautaite.com\/lt\/produktas\/ilgas-korsetas-juodas\/#breadcrumb"},"inLanguage":"lt-LT","potentialAction":[{"@type":"ReadAction","target":["https:\/\/ramunepiekautaite.com\/lt\/produktas\/ilgas-korsetas-juodas\/"]}]},{"@type":"ImageObject","inLanguage":"lt-LT","@id":"https:\/\/ramunepiekautaite.com\/lt\/produktas\/ilgas-korsetas-juodas\/#primaryimage","url":"https:\/\/ramunepiekautaite.com\/wp-content\/uploads\/2026\/03\/26S9-21-NEWYORK-BLACK-PRIEKIS-scaled.jpg","contentUrl":"https:\/\/ramunepiekautaite.com\/wp-content\/uploads\/2026\/03\/26S9-21-NEWYORK-BLACK-PRIEKIS-scaled.jpg","width":1810,"height":2560},{"@type":"BreadcrumbList","@id":"https:\/\/ramunepiekautaite.com\/lt\/produktas\/ilgas-korsetas-juodas\/#breadcrumb","itemListElement":[{"@type":"ListItem","position":1,"name":"Home","item":"https:\/\/ramunepiekautaite.com\/lt\/"},{"@type":"ListItem","position":2,"name":"Parduotuv\u0117","item":"https:\/\/ramunepiekautaite.com\/lt\/parduotuve\/"},{"@type":"ListItem","position":3,"name":"ILGAS KORSETAS JUODAS"}]},{"@type":"WebSite","@id":"https:\/\/ramunepiekautaite.com\/#website","url":"https:\/\/ramunepiekautaite.com\/","name":"Ramune Piekautaite | Fashion House","description":"Lithuanian fashion designer, described as romantic, sensual, reserved but luxurious, aristocratically elegant; she also dutifully presents two season collections annually","publisher":{"@id":"https:\/\/ramunepiekautaite.com\/#organization"},"alternateName":"RP Fashion House","potentialAction":[{"@type":"SearchAction","target":{"@type":"EntryPoint","urlTemplate":"https:\/\/ramunepiekautaite.com\/?s={search_term_string}"},"query-input":{"@type":"PropertyValueSpecification","valueRequired":true,"valueName":"search_term_string"}}],"inLanguage":"lt-LT"},{"@type":"Organization","@id":"https:\/\/ramunepiekautaite.com\/#organization","name":"Mados aik\u0161t\u0117","alternateName":"RP Fashion House","url":"https:\/\/ramunepiekautaite.com\/","logo":{"@type":"ImageObject","inLanguage":"lt-LT","@id":"https:\/\/ramunepiekautaite.com\/#\/schema\/logo\/image\/","url":"https:\/\/ramunepiekautaite.com\/wp-content\/uploads\/2024\/05\/RP_512x512_fav.png","contentUrl":"https:\/\/ramunepiekautaite.com\/wp-content\/uploads\/2024\/05\/RP_512x512_fav.png","width":512,"height":512,"caption":"Mados aik\u0161t\u0117"},"image":{"@id":"https:\/\/ramunepiekautaite.com\/#\/schema\/logo\/image\/"},"sameAs":["https:\/\/www.facebook.com\/ramune.piekautaite\/","https:\/\/www.instagram.com\/ramunepiekautaite\/"]}]}},"_links":{"self":[{"href":"https:\/\/ramunepiekautaite.com\/lt\/wp-json\/wp\/v2\/product\/91280","targetHints":{"allow":["GET"]}}],"collection":[{"href":"https:\/\/ramunepiekautaite.com\/lt\/wp-json\/wp\/v2\/product"}],"about":[{"href":"https:\/\/ramunepiekautaite.com\/lt\/wp-json\/wp\/v2\/types\/product"}],"wp:featuredmedia":[{"embeddable":true,"href":"https:\/\/ramunepiekautaite.com\/lt\/wp-json\/wp\/v2\/media\/91266"}],"wp:attachment":[{"href":"https:\/\/ramunepiekautaite.com\/lt\/wp-json\/wp\/v2\/media?parent=91280"}],"wp:term":[{"taxonomy":"product_brand","embeddable":true,"href":"https:\/\/ramunepiekautaite.com\/lt\/wp-json\/wp\/v2\/product_brand?post=91280"},{"taxonomy":"product_cat","embeddable":true,"href":"https:\/\/ramunepiekautaite.com\/lt\/wp-json\/wp\/v2\/product_cat?post=91280"},{"taxonomy":"product_tag","embeddable":true,"href":"https:\/\/ramunepiekautaite.com\/lt\/wp-json\/wp\/v2\/product_tag?post=91280"}],"curies":[{"name":"wp","href":"https:\/\/api.w.org\/{rel}","templated":true}]}}