{"id":91338,"date":"2026-03-31T13:45:07","date_gmt":"2026-03-31T11:45:07","guid":{"rendered":"https:\/\/ramunepiekautaite.com\/product\/natural-leather-dress-with-high-neck-black\/"},"modified":"2026-04-08T07:00:09","modified_gmt":"2026-04-08T05:00:09","slug":"naturalios-odos-suknele-aukstu-kaklu-juoda","status":"publish","type":"product","link":"https:\/\/ramunepiekautaite.com\/lt\/produktas\/naturalios-odos-suknele-aukstu-kaklu-juoda\/","title":{"rendered":"NAT\u016aRALIOS ODOS SUKNEL\u0116 AUK\u0160TU KAKLU JUODA"},"content":{"rendered":"<p>Nat\u016bralios odos suknel\u0117 su auk\u0161ta apykakle ir strukt\u016bri\u0161ku siluetu, suteikian\u010diu dr\u0105s\u0173, bei modern\u0173 \u012fvaizd\u012f. Priekio ir \u0161onini\u0173 ki\u0161eni\u0173 ilgi u\u017etrauktukai, sukuria stiling\u0105 i\u0161vaizd\u0105 bei prakti\u0161kum\u0105 kasdienai.<\/p>\n","protected":false},"excerpt":{"rendered":"<p>Nat\u016bralios odos suknel\u0117 su auk\u0161ta apykakle ir strukt\u016bri\u0161ku siluetu, suteikian\u010diu dr\u0105s\u0173, bei modern\u0173 \u012fvaizd\u012f. Priekio ir \u0161onini\u0173 ki\u0161eni\u0173 ilgi u\u017etrauktukai, sukuria stiling\u0105 i\u0161vaizd\u0105 bei prakti\u0161kum\u0105 kasdienai.<\/p>\n","protected":false},"featured_media":91346,"template":"","meta":{"_acf_changed":false},"product_brand":[],"product_cat":[112,116,121],"product_tag":[],"class_list":{"0":"post-91338","1":"product","2":"type-product","3":"status-publish","4":"has-post-thumbnail","6":"product_cat-drabuziai","7":"product_cat-shop-lt","8":"product_cat-sukneles","10":"first","11":"instock","12":"taxable","13":"shipping-taxable","14":"purchasable","15":"product-type-variable"},"acf":[],"yoast_head":"<!-- This site is optimized with the Yoast SEO plugin v27.2 - https:\/\/yoast.com\/product\/yoast-seo-wordpress\/ -->\n<title>NAT\u016aRALIOS ODOS SUKNEL\u0116 AUK\u0160TU KAKLU JUODA | Ramune Piekautaite Fashion House<\/title>\n<meta name=\"robots\" content=\"index, follow, max-snippet:-1, max-image-preview:large, max-video-preview:-1\" \/>\n<link rel=\"canonical\" href=\"https:\/\/ramunepiekautaite.com\/lt\/produktas\/naturalios-odos-suknele-aukstu-kaklu-juoda\/\" \/>\n<meta property=\"og:locale\" content=\"lt_LT\" \/>\n<meta property=\"og:type\" content=\"article\" \/>\n<meta property=\"og:title\" content=\"NAT\u016aRALIOS ODOS SUKNEL\u0116 AUK\u0160TU KAKLU JUODA | Ramune Piekautaite Fashion House\" \/>\n<meta property=\"og:description\" content=\"Nat\u016bralios odos suknel\u0117 su auk\u0161ta apykakle ir strukt\u016bri\u0161ku siluetu, suteikian\u010diu dr\u0105s\u0173, bei modern\u0173 \u012fvaizd\u012f. Priekio ir \u0161onini\u0173 ki\u0161eni\u0173 ilgi u\u017etrauktukai, sukuria stiling\u0105 i\u0161vaizd\u0105 bei prakti\u0161kum\u0105 kasdienai.\" \/>\n<meta property=\"og:url\" content=\"https:\/\/ramunepiekautaite.com\/lt\/produktas\/naturalios-odos-suknele-aukstu-kaklu-juoda\/\" \/>\n<meta property=\"og:site_name\" content=\"Ramune Piekautaite Fashion House\" \/>\n<meta property=\"article:publisher\" content=\"https:\/\/www.facebook.com\/ramune.piekautaite\/\" \/>\n<meta property=\"article:modified_time\" content=\"2026-04-08T05:00:09+00:00\" \/>\n<meta property=\"og:image\" content=\"https:\/\/ramunepiekautaite.com\/wp-content\/uploads\/2026\/03\/26S6-17-BLACK-PRIEKIS-scaled.jpg\" \/>\n\t<meta property=\"og:image:width\" content=\"1810\" \/>\n\t<meta property=\"og:image:height\" content=\"2560\" \/>\n\t<meta property=\"og:image:type\" content=\"image\/jpeg\" \/>\n<meta name=\"twitter:card\" content=\"summary_large_image\" \/>\n<meta name=\"twitter:label1\" content=\"Est. reading time\" \/>\n\t<meta name=\"twitter:data1\" content=\"1 minut\u0117\" \/>\n<script type=\"application\/ld+json\" class=\"yoast-schema-graph\">{\"@context\":\"https:\/\/schema.org\",\"@graph\":[{\"@type\":\"WebPage\",\"@id\":\"https:\/\/ramunepiekautaite.com\/lt\/produktas\/naturalios-odos-suknele-aukstu-kaklu-juoda\/\",\"url\":\"https:\/\/ramunepiekautaite.com\/lt\/produktas\/naturalios-odos-suknele-aukstu-kaklu-juoda\/\",\"name\":\"NAT\u016aRALIOS ODOS SUKNEL\u0116 AUK\u0160TU KAKLU JUODA | Ramune Piekautaite Fashion House\",\"isPartOf\":{\"@id\":\"https:\/\/ramunepiekautaite.com\/#website\"},\"primaryImageOfPage\":{\"@id\":\"https:\/\/ramunepiekautaite.com\/lt\/produktas\/naturalios-odos-suknele-aukstu-kaklu-juoda\/#primaryimage\"},\"image\":{\"@id\":\"https:\/\/ramunepiekautaite.com\/lt\/produktas\/naturalios-odos-suknele-aukstu-kaklu-juoda\/#primaryimage\"},\"thumbnailUrl\":\"https:\/\/ramunepiekautaite.com\/wp-content\/uploads\/2026\/03\/26S6-17-BLACK-PRIEKIS-1-scaled.jpg\",\"datePublished\":\"2026-03-31T11:45:07+00:00\",\"dateModified\":\"2026-04-08T05:00:09+00:00\",\"breadcrumb\":{\"@id\":\"https:\/\/ramunepiekautaite.com\/lt\/produktas\/naturalios-odos-suknele-aukstu-kaklu-juoda\/#breadcrumb\"},\"inLanguage\":\"lt-LT\",\"potentialAction\":[{\"@type\":\"ReadAction\",\"target\":[\"https:\/\/ramunepiekautaite.com\/lt\/produktas\/naturalios-odos-suknele-aukstu-kaklu-juoda\/\"]}]},{\"@type\":\"ImageObject\",\"inLanguage\":\"lt-LT\",\"@id\":\"https:\/\/ramunepiekautaite.com\/lt\/produktas\/naturalios-odos-suknele-aukstu-kaklu-juoda\/#primaryimage\",\"url\":\"https:\/\/ramunepiekautaite.com\/wp-content\/uploads\/2026\/03\/26S6-17-BLACK-PRIEKIS-1-scaled.jpg\",\"contentUrl\":\"https:\/\/ramunepiekautaite.com\/wp-content\/uploads\/2026\/03\/26S6-17-BLACK-PRIEKIS-1-scaled.jpg\",\"width\":1810,\"height\":2560},{\"@type\":\"BreadcrumbList\",\"@id\":\"https:\/\/ramunepiekautaite.com\/lt\/produktas\/naturalios-odos-suknele-aukstu-kaklu-juoda\/#breadcrumb\",\"itemListElement\":[{\"@type\":\"ListItem\",\"position\":1,\"name\":\"Home\",\"item\":\"https:\/\/ramunepiekautaite.com\/lt\/\"},{\"@type\":\"ListItem\",\"position\":2,\"name\":\"Parduotuv\u0117\",\"item\":\"https:\/\/ramunepiekautaite.com\/lt\/parduotuve\/\"},{\"@type\":\"ListItem\",\"position\":3,\"name\":\"NAT\u016aRALIOS ODOS SUKNEL\u0116 AUK\u0160TU KAKLU JUODA\"}]},{\"@type\":\"WebSite\",\"@id\":\"https:\/\/ramunepiekautaite.com\/#website\",\"url\":\"https:\/\/ramunepiekautaite.com\/\",\"name\":\"Ramune Piekautaite | Fashion House\",\"description\":\"Lithuanian fashion designer, described as romantic, sensual, reserved but luxurious, aristocratically elegant; she also dutifully presents two season collections annually\",\"publisher\":{\"@id\":\"https:\/\/ramunepiekautaite.com\/#organization\"},\"alternateName\":\"RP Fashion House\",\"potentialAction\":[{\"@type\":\"SearchAction\",\"target\":{\"@type\":\"EntryPoint\",\"urlTemplate\":\"https:\/\/ramunepiekautaite.com\/?s={search_term_string}\"},\"query-input\":{\"@type\":\"PropertyValueSpecification\",\"valueRequired\":true,\"valueName\":\"search_term_string\"}}],\"inLanguage\":\"lt-LT\"},{\"@type\":\"Organization\",\"@id\":\"https:\/\/ramunepiekautaite.com\/#organization\",\"name\":\"Mados aik\u0161t\u0117\",\"alternateName\":\"RP Fashion House\",\"url\":\"https:\/\/ramunepiekautaite.com\/\",\"logo\":{\"@type\":\"ImageObject\",\"inLanguage\":\"lt-LT\",\"@id\":\"https:\/\/ramunepiekautaite.com\/#\/schema\/logo\/image\/\",\"url\":\"https:\/\/ramunepiekautaite.com\/wp-content\/uploads\/2024\/05\/RP_512x512_fav.png\",\"contentUrl\":\"https:\/\/ramunepiekautaite.com\/wp-content\/uploads\/2024\/05\/RP_512x512_fav.png\",\"width\":512,\"height\":512,\"caption\":\"Mados aik\u0161t\u0117\"},\"image\":{\"@id\":\"https:\/\/ramunepiekautaite.com\/#\/schema\/logo\/image\/\"},\"sameAs\":[\"https:\/\/www.facebook.com\/ramune.piekautaite\/\",\"https:\/\/www.instagram.com\/ramunepiekautaite\/\"]}]}<\/script>\n<!-- \/ Yoast SEO plugin. -->","yoast_head_json":{"title":"NAT\u016aRALIOS ODOS SUKNEL\u0116 AUK\u0160TU KAKLU JUODA | Ramune Piekautaite Fashion House","robots":{"index":"index","follow":"follow","max-snippet":"max-snippet:-1","max-image-preview":"max-image-preview:large","max-video-preview":"max-video-preview:-1"},"canonical":"https:\/\/ramunepiekautaite.com\/lt\/produktas\/naturalios-odos-suknele-aukstu-kaklu-juoda\/","og_locale":"lt_LT","og_type":"article","og_title":"NAT\u016aRALIOS ODOS SUKNEL\u0116 AUK\u0160TU KAKLU JUODA | Ramune Piekautaite Fashion House","og_description":"Nat\u016bralios odos suknel\u0117 su auk\u0161ta apykakle ir strukt\u016bri\u0161ku siluetu, suteikian\u010diu dr\u0105s\u0173, bei modern\u0173 \u012fvaizd\u012f. Priekio ir \u0161onini\u0173 ki\u0161eni\u0173 ilgi u\u017etrauktukai, sukuria stiling\u0105 i\u0161vaizd\u0105 bei prakti\u0161kum\u0105 kasdienai.","og_url":"https:\/\/ramunepiekautaite.com\/lt\/produktas\/naturalios-odos-suknele-aukstu-kaklu-juoda\/","og_site_name":"Ramune Piekautaite Fashion House","article_publisher":"https:\/\/www.facebook.com\/ramune.piekautaite\/","article_modified_time":"2026-04-08T05:00:09+00:00","og_image":[{"width":1810,"height":2560,"url":"https:\/\/ramunepiekautaite.com\/wp-content\/uploads\/2026\/03\/26S6-17-BLACK-PRIEKIS-scaled.jpg","type":"image\/jpeg"}],"twitter_card":"summary_large_image","twitter_misc":{"Est. reading time":"1 minut\u0117"},"schema":{"@context":"https:\/\/schema.org","@graph":[{"@type":"WebPage","@id":"https:\/\/ramunepiekautaite.com\/lt\/produktas\/naturalios-odos-suknele-aukstu-kaklu-juoda\/","url":"https:\/\/ramunepiekautaite.com\/lt\/produktas\/naturalios-odos-suknele-aukstu-kaklu-juoda\/","name":"NAT\u016aRALIOS ODOS SUKNEL\u0116 AUK\u0160TU KAKLU JUODA | Ramune Piekautaite Fashion House","isPartOf":{"@id":"https:\/\/ramunepiekautaite.com\/#website"},"primaryImageOfPage":{"@id":"https:\/\/ramunepiekautaite.com\/lt\/produktas\/naturalios-odos-suknele-aukstu-kaklu-juoda\/#primaryimage"},"image":{"@id":"https:\/\/ramunepiekautaite.com\/lt\/produktas\/naturalios-odos-suknele-aukstu-kaklu-juoda\/#primaryimage"},"thumbnailUrl":"https:\/\/ramunepiekautaite.com\/wp-content\/uploads\/2026\/03\/26S6-17-BLACK-PRIEKIS-1-scaled.jpg","datePublished":"2026-03-31T11:45:07+00:00","dateModified":"2026-04-08T05:00:09+00:00","breadcrumb":{"@id":"https:\/\/ramunepiekautaite.com\/lt\/produktas\/naturalios-odos-suknele-aukstu-kaklu-juoda\/#breadcrumb"},"inLanguage":"lt-LT","potentialAction":[{"@type":"ReadAction","target":["https:\/\/ramunepiekautaite.com\/lt\/produktas\/naturalios-odos-suknele-aukstu-kaklu-juoda\/"]}]},{"@type":"ImageObject","inLanguage":"lt-LT","@id":"https:\/\/ramunepiekautaite.com\/lt\/produktas\/naturalios-odos-suknele-aukstu-kaklu-juoda\/#primaryimage","url":"https:\/\/ramunepiekautaite.com\/wp-content\/uploads\/2026\/03\/26S6-17-BLACK-PRIEKIS-1-scaled.jpg","contentUrl":"https:\/\/ramunepiekautaite.com\/wp-content\/uploads\/2026\/03\/26S6-17-BLACK-PRIEKIS-1-scaled.jpg","width":1810,"height":2560},{"@type":"BreadcrumbList","@id":"https:\/\/ramunepiekautaite.com\/lt\/produktas\/naturalios-odos-suknele-aukstu-kaklu-juoda\/#breadcrumb","itemListElement":[{"@type":"ListItem","position":1,"name":"Home","item":"https:\/\/ramunepiekautaite.com\/lt\/"},{"@type":"ListItem","position":2,"name":"Parduotuv\u0117","item":"https:\/\/ramunepiekautaite.com\/lt\/parduotuve\/"},{"@type":"ListItem","position":3,"name":"NAT\u016aRALIOS ODOS SUKNEL\u0116 AUK\u0160TU KAKLU JUODA"}]},{"@type":"WebSite","@id":"https:\/\/ramunepiekautaite.com\/#website","url":"https:\/\/ramunepiekautaite.com\/","name":"Ramune Piekautaite | Fashion House","description":"Lithuanian fashion designer, described as romantic, sensual, reserved but luxurious, aristocratically elegant; she also dutifully presents two season collections annually","publisher":{"@id":"https:\/\/ramunepiekautaite.com\/#organization"},"alternateName":"RP Fashion House","potentialAction":[{"@type":"SearchAction","target":{"@type":"EntryPoint","urlTemplate":"https:\/\/ramunepiekautaite.com\/?s={search_term_string}"},"query-input":{"@type":"PropertyValueSpecification","valueRequired":true,"valueName":"search_term_string"}}],"inLanguage":"lt-LT"},{"@type":"Organization","@id":"https:\/\/ramunepiekautaite.com\/#organization","name":"Mados aik\u0161t\u0117","alternateName":"RP Fashion House","url":"https:\/\/ramunepiekautaite.com\/","logo":{"@type":"ImageObject","inLanguage":"lt-LT","@id":"https:\/\/ramunepiekautaite.com\/#\/schema\/logo\/image\/","url":"https:\/\/ramunepiekautaite.com\/wp-content\/uploads\/2024\/05\/RP_512x512_fav.png","contentUrl":"https:\/\/ramunepiekautaite.com\/wp-content\/uploads\/2024\/05\/RP_512x512_fav.png","width":512,"height":512,"caption":"Mados aik\u0161t\u0117"},"image":{"@id":"https:\/\/ramunepiekautaite.com\/#\/schema\/logo\/image\/"},"sameAs":["https:\/\/www.facebook.com\/ramune.piekautaite\/","https:\/\/www.instagram.com\/ramunepiekautaite\/"]}]}},"_links":{"self":[{"href":"https:\/\/ramunepiekautaite.com\/lt\/wp-json\/wp\/v2\/product\/91338","targetHints":{"allow":["GET"]}}],"collection":[{"href":"https:\/\/ramunepiekautaite.com\/lt\/wp-json\/wp\/v2\/product"}],"about":[{"href":"https:\/\/ramunepiekautaite.com\/lt\/wp-json\/wp\/v2\/types\/product"}],"wp:featuredmedia":[{"embeddable":true,"href":"https:\/\/ramunepiekautaite.com\/lt\/wp-json\/wp\/v2\/media\/91346"}],"wp:attachment":[{"href":"https:\/\/ramunepiekautaite.com\/lt\/wp-json\/wp\/v2\/media?parent=91338"}],"wp:term":[{"taxonomy":"product_brand","embeddable":true,"href":"https:\/\/ramunepiekautaite.com\/lt\/wp-json\/wp\/v2\/product_brand?post=91338"},{"taxonomy":"product_cat","embeddable":true,"href":"https:\/\/ramunepiekautaite.com\/lt\/wp-json\/wp\/v2\/product_cat?post=91338"},{"taxonomy":"product_tag","embeddable":true,"href":"https:\/\/ramunepiekautaite.com\/lt\/wp-json\/wp\/v2\/product_tag?post=91338"}],"curies":[{"name":"wp","href":"https:\/\/api.w.org\/{rel}","templated":true}]}}